{"id":1495,"date":"2025-10-28T09:40:03","date_gmt":"2025-10-28T09:40:03","guid":{"rendered":"https:\/\/gangstasino.net\/login-and-registration\/"},"modified":"2025-10-29T06:35:51","modified_gmt":"2025-10-29T06:35:51","slug":"logowanie-i-rejestracja","status":"publish","type":"page","link":"https:\/\/gangstasino.net\/pl\/logowanie-i-rejestracja\/","title":{"rendered":"Logowanie i Rejestracja"},"content":{"rendered":"<h1>Logowanie i rejestracja w Gangstasino<\/h1>\n<p>Gangstasino login gwarantuje szybki dost\u0119p do konta, a system rejestracji zapewnia, \u017ce nowi gracze z Polski maj\u0105 wszystkie \u0142atwe sposoby, aby sta\u0107 si\u0119 pe\u0142noprawnymi cz\u0142onkami naszej cyber-spo\u0142eczno\u015bci i od razu rozpocz\u0105\u0107 gr\u0119. W Gangstasino Casino organizujemy bezpieczny i p\u0142ynny system, dzi\u0119ki kt\u00f3remu nasi gracze mog\u0105 bra\u0107 udzia\u0142 w wielu najciekawszych grach i turniejach.<\/p>\n<p><div class=\"banner-wrap\" aria-label=\"Banner\"><img src=\"https:\/\/gangstasino.net\/wp-content\/uploads\/2025\/08\/bAKGkEHsly0esFrKSJw.png\" class=\"w-100 d-none d-lg-block img-pc main-banner-img\" alt=\"gangstasino bonus desktop\" fetchpriority=\"high\" decoding=\"async\"><img src=\"https:\/\/gangstasino.net\/wp-content\/uploads\/2025\/10\/Gangstasino-bonus-mobile.webp\" class=\"w-100 d-none d-md-block d-lg-none main-banner-img\" alt=\"gangstasino bonus mobile\" fetchpriority=\"high\" decoding=\"async\"><img src=\"https:\/\/gangstasino.net\/wp-content\/uploads\/2025\/10\/Gangstasino-bonus-mobile.webp\" class=\"w-100 d-md-none\" alt=\"gangstasino bonus mobile\" fetchpriority=\"high\" decoding=\"async\"><div class=\"banner-description\">\n<div class=\"banner-title\">Bonusy Powitalne<\/div>\n<p class=\"banner-header-title\">1500 \u20ac<\/p>\n<div class=\"banner-header-AdditionalText\">+ 250 Darmowych Spin\u00f3w<\/div>\n<button data-item=\"homepage_banner_link\" class=\"goto m-button m-gradient-border m-button--primary m-button--large banner-button btn-orange\">\n            <div class=\"m-button-content\">\n                <span>Zarejestruj si\u0119 teraz<\/span>\n                <span><\/span>\n            <\/div>\n        <\/button>\n<\/div>\n<div class=\"WelcomePack\">\n<p><img loading=\"lazy\" decoding=\"async\" class=\"alignnone size-full wp-image-1379\" src=\"https:\/\/gangstasino.net\/wp-content\/uploads\/2025\/10\/welcome-crown.svg\" alt=\"crown\" width=\"25\" height=\"26\" \/><\/p>\n<div class=\"WelcomePack-Info\">Cotygodniowy zwrot got\u00f3wki do 25%<\/div>\n<p><img loading=\"lazy\" decoding=\"async\" class=\"alignnone size-full wp-image-1379\" src=\"https:\/\/gangstasino.net\/wp-content\/uploads\/2025\/10\/welcome-crown.svg\" alt=\"crown\" width=\"25\" height=\"26\" \/><\/p>\n<\/div>\n<\/div><div class=\"scrollable-content-wrap my-5\"><div class=\"scrollable-content-inner\"><h2>Proces rejestracji w kasynie Gangstasino<\/h2>\n<p>Rejestracja konta w Gangstasino Casino jest kluczem do r\u00f3\u017cnych korzy\u015bci: skorzystaj z naszej oferty powitalnej \u2013 obecnie wynosi ona 1500 \u20ac i 250 darmowych spin\u00f3w. Masz pe\u0142ne prawo do korzystania z naszych innych ekskluzywnych ofert i zarz\u0105dzania osobistym kontem, a tak\u017ce do udzia\u0142u w grach kasynowych na \u017cywo i konkursach. Rejestracja w Gangsta Sino ma by\u0107 \u0142atwa i szybka, aby nowi gracze nie musieli czeka\u0107, aby cieszy\u0107 si\u0119 swoimi ulubionymi tytu\u0142ami.<\/p>\n<table>\n<tbody>\n<tr>\n<td>Aspekt<\/td>\n<td>Korzy\u015bci z logowania do Gangstasino<\/td>\n<\/tr>\n<tr>\n<td>Pakiet bonus\u00f3w powitalnych<\/td>\n<td>Do 1500 \u20ac + 250 darmowych spin\u00f3w<\/td>\n<\/tr>\n<tr>\n<td>Biblioteka gier<\/td>\n<td>Nieograniczony dost\u0119p do szerokiej gamy gier Gangsta Sino.<\/td>\n<\/tr>\n<tr>\n<td>Pr\u0119dko\u015b\u0107<\/td>\n<td>Mo\u017cliwo\u015b\u0107 bezpiecznego dokonywania wp\u0142at i wyp\u0142at \u015brodk\u00f3w<\/td>\n<\/tr>\n<tr>\n<td>Oferty<\/td>\n<td>Promocje i programy lojalno\u015bciowe<\/td>\n<\/tr>\n<tr>\n<td>Wieloj\u0119zyczna obs\u0142uga<\/td>\n<td>Wsparcie dla u\u017cytkownik\u00f3w w wielu j\u0119zykach<\/td>\n<\/tr>\n<tr>\n<td>Zaufanie<\/td>\n<td>Proste zarz\u0105dzanie kontem i proces weryfikacji<\/td>\n<\/tr>\n<\/tbody>\n<\/table>\n<h3>Jak za\u0142o\u017cy\u0107 konto<\/h3>\n<p>Aby za\u0142o\u017cy\u0107 konto w Gangstasino Casino, wystarczy wykona\u0107 nast\u0119puj\u0105ce proste kroki:<\/p>\n<ol>\n<li>Naci\u015bnij przycisk Gangsta Sino rejestracji, kt\u00f3ry jest najwi\u0119kszym przyciskiem, znajduj\u0105cym si\u0119 obok przycisku logowania, w prawym g\u00f3rnym rogu naszej strony g\u0142\u00f3wnej.<\/li>\n<li>Wype\u0142nij formularz rejestracyjny, podaj\u0105c swoje dane osobowe: adres e-mail i has\u0142o (pami\u0119taj, \u017ce musi ono sk\u0142ada\u0107 si\u0119 z co najmniej sze\u015bciu znak\u00f3w).<\/li>\n<li>Zarejestruj ka\u017cdy kod promocyjny wykorzystany do skorzystania z ofert specjalnych.<\/li>\n<li>Wyra\u017anie podaj sw\u00f3j wiek (obowi\u0105zuje zasada, \u017ce musisz mie\u0107 co najmniej 18 lat) i zaakceptuj nasze Warunki u\u017cytkowania oraz Polityk\u0119 prywatno\u015bci, klikaj\u0105c odpowiednie pole.<\/li>\n<li>Zarejestruj si\u0119 za pomoc\u0105 przycisku, aby utworzy\u0107 konto w kasynie Gangstasino.<\/li>\n<li>Otrzymasz wiadomo\u015b\u0107 e-mail z potwierdzeniem, kt\u00f3ra zostanie wys\u0142ana na Twoj\u0105 skrzynk\u0119 pocztow\u0105. B\u0119dziesz musia\u0142 klikn\u0105\u0107 link, aby zweryfikowa\u0107 swoje konto.<\/li>\n<\/ol>\n<p>Mo\u017cna to zrobi\u0107 w kilka minut, a wszystkie funkcje Gangstasino Casino s\u0105 r\u00f3wnie\u017c bardzo szybko dost\u0119pne z tego miejsca.<\/p>\n<h2>Procedura logowania do Gangstasino<\/h2>\n<p>Obecni u\u017cytkownicy maj\u0105 dost\u0119p do swoich kont poprzez portal logowania Gangstasino. Jest to \u0142atwy i bezpieczny proces. Wszyscy gracze mog\u0105 skutecznie kontrolowa\u0107 swoje konta.<\/p>\n<p>Jak wykona\u0107 logowanie do Gangstasino:<\/p>\n<ol>\n<li>Kliknij w prawym g\u00f3rnym rogu naszej strony g\u0142\u00f3wnej Gangsta Sino przycisk \u201eZaloguj si\u0119\u201d. Znajduje si\u0119 on obok przycisku rejestracji.<\/li>\n<li>Wpisz sw\u00f3j zarejestrowany adres e-mail i has\u0142o.<\/li>\n<li>Kliknij ponownie \u201eZaloguj si\u0119\u201d, aby uzyska\u0107 dost\u0119p do swojego konta.<\/li>\n<\/ol>\n<p>Po zalogowaniu si\u0119 do Gangstasino mo\u017cesz korzysta\u0107 ze wszystkich funkcji kasyna: wp\u0142aca\u0107 pieni\u0105dze, przegl\u0105da\u0107 histori\u0119 transakcji, aktualizowa\u0107 dane osobowe i rozmawia\u0107 z naszym zespo\u0142em pomocy technicznej przez ca\u0142\u0105 dob\u0119. Nasza platforma jest dost\u0119pna w kilku j\u0119zykach, dzi\u0119ki czemu aplikacja jest przyst\u0119pna dla u\u017cytkownik\u00f3w z ca\u0142ego \u015bwiata.<\/p>\n<h3>Co zrobi\u0107, je\u015bli zapomnia\u0142e\u015b has\u0142a?<\/h3>\n<p>Je\u015bli zapomnia\u0142e\u015b has\u0142a, Gangsta Sino oferuje szybki mechanizm odzyskiwania:<\/p>\n<ol>\n<li>Kliknij przycisk Zaloguj si\u0119 do Gangstasino.<\/li>\n<li>Wybierz opcj\u0119 \u201eNie pami\u0119tasz has\u0142a?\u201d poni\u017cej; jest ona widoczna.<\/li>\n<li>Wpisz sw\u00f3j zarejestrowany adres e-mail z naszego konta Gangsta Sino.<\/li>\n<li>Odpowiedz na wiadomo\u015b\u0107 e-mail. Poczekaj na wiadomo\u015b\u0107 od nas.<\/li>\n<li>Otrzymaj wiadomo\u015b\u0107 e-mail z linkiem do resetowania has\u0142a.<\/li>\n<li>Kliknij link, aby utworzy\u0107 nowe has\u0142o.<\/li>\n<\/ol>\n<p>Teraz jeste\u015b z powrotem na w\u0142a\u015bciwej drodze i masz w pe\u0142ni odzyskane konto Gangsta Sino.<\/p>\n<h2>Weryfikacja kasyna Gangstasino<\/h2>\n<p>Kasyno Gangstasino ma zasad\u0119 \u2013 tak jak wszystkie legalne kasyna \u2013 dotycz\u0105c\u0105 weryfikacji konta. W ten spos\u00f3b mo\u017cemy chroni\u0107 uczciwe \u015brodowisko gry i umo\u017cliwia\u0107 wyp\u0142aty i wp\u0142aty. Nasza procedura KYC polega na przes\u0142aniu okre\u015blonych dokument\u00f3w w celu potwierdzenia to\u017csamo\u015bci i adresu.<\/p>\n<p>Wymagania weryfikacyjne Gangsta Sino s\u0105 nast\u0119puj\u0105ce:<\/p>\n<ul>\n<li>Autentyczny dokument to\u017csamo\u015bci wydany przez pa\u0144stwo (paszport, w niekt\u00f3rych przypadkach prawo jazdy lub dow\u00f3d osobisty, ale paszport jest zawsze najlepszy)<\/li>\n<li>Rachunek za media\/wyci\u0105g bankowy (nie starszy ni\u017c 6 miesi\u0119cy)<\/li>\n<\/ul>\n<p>Wszystko to nale\u017cy przes\u0142a\u0107 do naszego zespo\u0142u ds wsparcia wieloj\u0119zycznego. W razie potrzeby dostarczymy dodatkowe dokumenty, ale zazwyczaj to wszystko.<\/p>\n<p>Podsumowuj\u0105c ten proces:<\/p>\n<ul>\n<li>W panelu konta mo\u017cna \u0142atwo przes\u0142a\u0107 dokumenty.<\/li>\n<li>Zesp\u00f3\u0142 pomocy technicznej rozpatruje zg\u0142oszenia w ci\u0105gu oko\u0142o 48 godzin, wi\u0119c prosimy o cierpliwo\u015b\u0107.<\/li>\n<li>Po zatwierdzeniu mo\u017cesz dokonywa\u0107 nieograniczonej liczby wyp\u0142at i og\u00f3lnie masz wi\u0119ksze bezpiecze\u0144stwo swojego konta.<\/li>\n<\/ul>\n<p>Nikt nie lubi takich \u201etest\u00f3w\u201d, ale nasza procedura weryfikacyjna jest niezb\u0119dnym \u015brodkiem zapobiegania oszustwom i przestrzegania norm prawnych, a tak\u017ce gwarantuje bezpieczne i przejrzyste warunki gry.<\/p>\n<h2>Cz\u0119sto zadawane pytania<\/h2>\n<h3>Mam problem z rejestracj\u0105. Gdzie mog\u0119 znale\u017a\u0107 pomoc?<\/h3>\n<p>Nasz Gangstasino Zesp\u00f3\u0142 wsparcia technicznego jest przeszkolony do \u015bwiadczenia wieloj\u0119zycznej obs\u0142ugi klienta poprzez czat na \u017cywo i poczt\u0119 elektroniczn\u0105, aby pom\u00f3c w rozwi\u0105zywaniu wszelkich problem\u00f3w zwi\u0105zanych z rejestracj\u0105, weryfikacj\u0105 konta lub wsparciem technicznym.<\/p>\n<h3>Czego potrzebuj\u0119 do weryfikacji konta?<\/h3>\n<p>W tym celu nale\u017cy przes\u0142a\u0107 nam wyra\u017ane, zeskanowane lub sfotografowane wa\u017cne dokumenty to\u017csamo\u015bci oraz potwierdzenie adresu zamieszkania. Dokumenty musz\u0105 by\u0107 aktualne i czytelne, aby proces weryfikacji by\u0142 mniej czasoch\u0142onny.<\/p>\n<h3>Czy mog\u0119 usun\u0105\u0107 lub dezaktywowa\u0107 swoje konto?<\/h3>\n<p>Nasi u\u017cytkownicy powinni poprosi\u0107 zesp\u00f3\u0142 pomocy technicznej Gangstasino o zamkni\u0119cie lub tymczasowe zawieszenie swoich kont, korzystaj\u0105c z poczty elektronicznej lub czatu na \u017cywo. Odbywa si\u0119 to w odpowiednim czasie, bez naruszania prywatno\u015bci lub preferencji u\u017cytkownik\u00f3w. Nale\u017cy jednak pami\u0119ta\u0107, \u017ce w przypadku jakichkolwiek nieuczciwych dzia\u0142a\u0144 zastrzegamy sobie prawo do konfiskaty depozyt\u00f3w i bonus\u00f3w.<\/p>\n<h3>Jakie s\u0105 ustawienia mojego konta?<\/h3>\n<p>W ustawieniach mo\u017cesz zaktualizowa\u0107 dane osobowe oraz limity wp\u0142at i wyp\u0142at. Mo\u017cesz r\u00f3wnie\u017c sprawdzi\u0107 histori\u0119 transakcji Gangstasino na pulpicie nawigacyjnym swojego konta, a tak\u017ce promocje operacyjne. Je\u015bli po klikni\u0119ciu ustawienia nie zostan\u0105 zaktualizowane lub wyst\u0105pi\u0105 inne problemy, napisz do nas na czacie na \u017cywo.<\/p>\n<\/div><\/div><\/p>\n","protected":false},"excerpt":{"rendered":"<p>Logowanie i rejestracja w Gangstasino Gangstasino login gwarantuje szybki dost\u0119p do konta, a system rejestracji zapewnia, \u017ce nowi gracze z Polski maj\u0105 wszystkie \u0142atwe sposoby, aby sta\u0107 si\u0119 pe\u0142noprawnymi cz\u0142onkami naszej cyber-spo\u0142eczno\u015bci i od razu rozpocz\u0105\u0107 gr\u0119. W Gangstasino Casino organizujemy bezpieczny i p\u0142ynny system, dzi\u0119ki kt\u00f3remu nasi gracze mog\u0105 bra\u0107 udzia\u0142 w wielu najciekawszych [&hellip;]<\/p>\n","protected":false},"author":1,"featured_media":0,"parent":0,"menu_order":0,"comment_status":"closed","ping_status":"closed","template":"template-builder.php","meta":{"_acf_changed":false,"inline_featured_image":false,"footnotes":""},"class_list":["post-1495","page","type-page","status-publish","hentry"],"acf":[],"yoast_head":"<!-- This site is optimized with the Yoast SEO plugin v27.3 - https:\/\/yoast.com\/product\/yoast-seo-wordpress\/ -->\n<title>Gangstasino Login \u2013 Dost\u0119p do Konta i Rejestracja<\/title>\n<meta name=\"description\" content=\"Gangstasino login lub utw\u00f3rz swoje konto w prosty spos\u00f3b. Zarz\u0105dzaj weryfikacj\u0105, odzyskiwaniem has\u0142a i ustawieniami konta szybko oraz bezpiecznie w Gangstasino Casino.\" \/>\n<meta name=\"robots\" content=\"index, follow, max-snippet:-1, max-image-preview:large, max-video-preview:-1\" \/>\n<link rel=\"canonical\" href=\"https:\/\/gangstasino.net\/pl\/logowanie-i-rejestracja\/\" \/>\n<meta property=\"og:locale\" content=\"pl_PL\" \/>\n<meta property=\"og:type\" content=\"article\" \/>\n<meta property=\"og:title\" content=\"Gangstasino Login \u2013 Dost\u0119p do Konta i Rejestracja\" \/>\n<meta property=\"og:description\" content=\"Gangstasino login lub utw\u00f3rz swoje konto w prosty spos\u00f3b. Zarz\u0105dzaj weryfikacj\u0105, odzyskiwaniem has\u0142a i ustawieniami konta szybko oraz bezpiecznie w Gangstasino Casino.\" \/>\n<meta property=\"og:url\" content=\"https:\/\/gangstasino.net\/pl\/logowanie-i-rejestracja\/\" \/>\n<meta property=\"og:site_name\" content=\"gangstasino\" \/>\n<meta property=\"article:modified_time\" content=\"2025-10-29T06:35:51+00:00\" \/>\n<meta name=\"twitter:card\" content=\"summary_large_image\" \/>\n<meta name=\"twitter:label1\" content=\"Est. reading time\" \/>\n\t<meta name=\"twitter:data1\" content=\"1 minute\" \/>\n<script type=\"application\/ld+json\" class=\"yoast-schema-graph\">{\"@context\":\"https:\\\/\\\/schema.org\",\"@graph\":[{\"@type\":\"WebPage\",\"@id\":\"https:\\\/\\\/gangstasino.net\\\/pl\\\/logowanie-i-rejestracja\\\/\",\"url\":\"https:\\\/\\\/gangstasino.net\\\/pl\\\/logowanie-i-rejestracja\\\/\",\"name\":\"Gangstasino Login \u2013 Dost\u0119p do Konta i Rejestracja\",\"isPartOf\":{\"@id\":\"https:\\\/\\\/gangstasino.net\\\/pl\\\/#website\"},\"datePublished\":\"2025-10-28T09:40:03+00:00\",\"dateModified\":\"2025-10-29T06:35:51+00:00\",\"description\":\"Gangstasino login lub utw\u00f3rz swoje konto w prosty spos\u00f3b. Zarz\u0105dzaj weryfikacj\u0105, odzyskiwaniem has\u0142a i ustawieniami konta szybko oraz bezpiecznie w Gangstasino Casino.\",\"breadcrumb\":{\"@id\":\"https:\\\/\\\/gangstasino.net\\\/pl\\\/logowanie-i-rejestracja\\\/#breadcrumb\"},\"inLanguage\":\"pl-PL\",\"potentialAction\":[{\"@type\":\"ReadAction\",\"target\":[\"https:\\\/\\\/gangstasino.net\\\/pl\\\/logowanie-i-rejestracja\\\/\"]}]},{\"@type\":\"BreadcrumbList\",\"@id\":\"https:\\\/\\\/gangstasino.net\\\/pl\\\/logowanie-i-rejestracja\\\/#breadcrumb\",\"itemListElement\":[{\"@type\":\"ListItem\",\"position\":1,\"name\":\"Gangstasino\",\"item\":\"https:\\\/\\\/gangstasino.net\\\/pl\\\/\"},{\"@type\":\"ListItem\",\"position\":2,\"name\":\"Logowanie i Rejestracja\"}]},{\"@type\":\"WebSite\",\"@id\":\"https:\\\/\\\/gangstasino.net\\\/pl\\\/#website\",\"url\":\"https:\\\/\\\/gangstasino.net\\\/pl\\\/\",\"name\":\"Gangstasino\",\"description\":\"\",\"publisher\":{\"@id\":\"https:\\\/\\\/gangstasino.net\\\/pl\\\/#organization\"},\"potentialAction\":[{\"@type\":\"SearchAction\",\"target\":{\"@type\":\"EntryPoint\",\"urlTemplate\":\"https:\\\/\\\/gangstasino.net\\\/pl\\\/?s={search_term_string}\"},\"query-input\":{\"@type\":\"PropertyValueSpecification\",\"valueRequired\":true,\"valueName\":\"search_term_string\"}}],\"inLanguage\":\"pl-PL\"},{\"@type\":\"Organization\",\"@id\":\"https:\\\/\\\/gangstasino.net\\\/pl\\\/#organization\",\"name\":\"Gangstasino\",\"url\":\"https:\\\/\\\/gangstasino.net\\\/pl\\\/\",\"logo\":{\"@type\":\"ImageObject\",\"inLanguage\":\"pl-PL\",\"@id\":\"https:\\\/\\\/gangstasino.net\\\/pl\\\/#\\\/schema\\\/logo\\\/image\\\/\",\"url\":\"https:\\\/\\\/gangstasino.net\\\/wp-content\\\/uploads\\\/2025\\\/08\\\/80u1FaquEZeR6OUTeJCc.png\",\"contentUrl\":\"https:\\\/\\\/gangstasino.net\\\/wp-content\\\/uploads\\\/2025\\\/08\\\/80u1FaquEZeR6OUTeJCc.png\",\"width\":152,\"height\":35,\"caption\":\"Gangstasino\"},\"image\":{\"@id\":\"https:\\\/\\\/gangstasino.net\\\/pl\\\/#\\\/schema\\\/logo\\\/image\\\/\"}}]}<\/script>\n<!-- \/ Yoast SEO plugin. -->","yoast_head_json":{"title":"Gangstasino Login \u2013 Dost\u0119p do Konta i Rejestracja","description":"Gangstasino login lub utw\u00f3rz swoje konto w prosty spos\u00f3b. Zarz\u0105dzaj weryfikacj\u0105, odzyskiwaniem has\u0142a i ustawieniami konta szybko oraz bezpiecznie w Gangstasino Casino.","robots":{"index":"index","follow":"follow","max-snippet":"max-snippet:-1","max-image-preview":"max-image-preview:large","max-video-preview":"max-video-preview:-1"},"canonical":"https:\/\/gangstasino.net\/pl\/logowanie-i-rejestracja\/","og_locale":"pl_PL","og_type":"article","og_title":"Gangstasino Login \u2013 Dost\u0119p do Konta i Rejestracja","og_description":"Gangstasino login lub utw\u00f3rz swoje konto w prosty spos\u00f3b. Zarz\u0105dzaj weryfikacj\u0105, odzyskiwaniem has\u0142a i ustawieniami konta szybko oraz bezpiecznie w Gangstasino Casino.","og_url":"https:\/\/gangstasino.net\/pl\/logowanie-i-rejestracja\/","og_site_name":"gangstasino","article_modified_time":"2025-10-29T06:35:51+00:00","twitter_card":"summary_large_image","twitter_misc":{"Est. reading time":"1 minute"},"schema":{"@context":"https:\/\/schema.org","@graph":[{"@type":"WebPage","@id":"https:\/\/gangstasino.net\/pl\/logowanie-i-rejestracja\/","url":"https:\/\/gangstasino.net\/pl\/logowanie-i-rejestracja\/","name":"Gangstasino Login \u2013 Dost\u0119p do Konta i Rejestracja","isPartOf":{"@id":"https:\/\/gangstasino.net\/pl\/#website"},"datePublished":"2025-10-28T09:40:03+00:00","dateModified":"2025-10-29T06:35:51+00:00","description":"Gangstasino login lub utw\u00f3rz swoje konto w prosty spos\u00f3b. Zarz\u0105dzaj weryfikacj\u0105, odzyskiwaniem has\u0142a i ustawieniami konta szybko oraz bezpiecznie w Gangstasino Casino.","breadcrumb":{"@id":"https:\/\/gangstasino.net\/pl\/logowanie-i-rejestracja\/#breadcrumb"},"inLanguage":"pl-PL","potentialAction":[{"@type":"ReadAction","target":["https:\/\/gangstasino.net\/pl\/logowanie-i-rejestracja\/"]}]},{"@type":"BreadcrumbList","@id":"https:\/\/gangstasino.net\/pl\/logowanie-i-rejestracja\/#breadcrumb","itemListElement":[{"@type":"ListItem","position":1,"name":"Gangstasino","item":"https:\/\/gangstasino.net\/pl\/"},{"@type":"ListItem","position":2,"name":"Logowanie i Rejestracja"}]},{"@type":"WebSite","@id":"https:\/\/gangstasino.net\/pl\/#website","url":"https:\/\/gangstasino.net\/pl\/","name":"Gangstasino","description":"","publisher":{"@id":"https:\/\/gangstasino.net\/pl\/#organization"},"potentialAction":[{"@type":"SearchAction","target":{"@type":"EntryPoint","urlTemplate":"https:\/\/gangstasino.net\/pl\/?s={search_term_string}"},"query-input":{"@type":"PropertyValueSpecification","valueRequired":true,"valueName":"search_term_string"}}],"inLanguage":"pl-PL"},{"@type":"Organization","@id":"https:\/\/gangstasino.net\/pl\/#organization","name":"Gangstasino","url":"https:\/\/gangstasino.net\/pl\/","logo":{"@type":"ImageObject","inLanguage":"pl-PL","@id":"https:\/\/gangstasino.net\/pl\/#\/schema\/logo\/image\/","url":"https:\/\/gangstasino.net\/wp-content\/uploads\/2025\/08\/80u1FaquEZeR6OUTeJCc.png","contentUrl":"https:\/\/gangstasino.net\/wp-content\/uploads\/2025\/08\/80u1FaquEZeR6OUTeJCc.png","width":152,"height":35,"caption":"Gangstasino"},"image":{"@id":"https:\/\/gangstasino.net\/pl\/#\/schema\/logo\/image\/"}}]}},"_links":{"self":[{"href":"https:\/\/gangstasino.net\/pl\/wp-json\/wp\/v2\/pages\/1495","targetHints":{"allow":["GET"]}}],"collection":[{"href":"https:\/\/gangstasino.net\/pl\/wp-json\/wp\/v2\/pages"}],"about":[{"href":"https:\/\/gangstasino.net\/pl\/wp-json\/wp\/v2\/types\/page"}],"author":[{"embeddable":true,"href":"https:\/\/gangstasino.net\/pl\/wp-json\/wp\/v2\/users\/1"}],"replies":[{"embeddable":true,"href":"https:\/\/gangstasino.net\/pl\/wp-json\/wp\/v2\/comments?post=1495"}],"version-history":[{"count":2,"href":"https:\/\/gangstasino.net\/pl\/wp-json\/wp\/v2\/pages\/1495\/revisions"}],"predecessor-version":[{"id":1951,"href":"https:\/\/gangstasino.net\/pl\/wp-json\/wp\/v2\/pages\/1495\/revisions\/1951"}],"wp:attachment":[{"href":"https:\/\/gangstasino.net\/pl\/wp-json\/wp\/v2\/media?parent=1495"}],"curies":[{"name":"wp","href":"https:\/\/api.w.org\/{rel}","templated":true}]}}