{"id":1440,"date":"2025-10-28T09:25:24","date_gmt":"2025-10-28T09:25:24","guid":{"rendered":"https:\/\/gangstasino.net\/app\/"},"modified":"2025-10-29T06:32:09","modified_gmt":"2025-10-29T06:32:09","slug":"aplikacja","status":"publish","type":"page","link":"https:\/\/gangstasino.net\/pl\/aplikacja\/","title":{"rendered":"Aplikacja"},"content":{"rendered":"<h1>Aplikacja Gangstasino<\/h1>\n<p>Gangstasino app zapewnia wszystkim naszym polskim graczom p\u0142ynn\u0105 rozgrywk\u0119 mobiln\u0105 bez \u017cadnych op\u00f3\u017anie\u0144, co oznacza, \u017ce mog\u0105 oni gra\u0107 w swoje ulubione gry kasynowe online w dowolnym miejscu i czasie, bez konieczno\u015bci noszenia ze sob\u0105 komputera \u2013 jest to \u0142atwe i przeno\u015bne rozwi\u0105zanie. Nasza aplikacja jest kompatybilna z platformami Android i iOS i zapewnia szybki i wygodny dost\u0119p, bezpieczne p\u0142atno\u015bci oraz przyjazny interfejs. Nie ma w\u0105tpliwo\u015bci, \u017ce stworzyli\u015bmy aplikacj\u0119, kt\u00f3ra jest idealnym rozwi\u0105zaniem dla wszystkich, kt\u00f3rzy chc\u0105 gra\u0107 w najbardziej wygodny i r\u00f3\u017cnorodny spos\u00f3b.<\/p>\n<div class=\"banner-wrap\" aria-label=\"Banner\"><img src=\"https:\/\/gangstasino.net\/wp-content\/uploads\/2025\/08\/bAKGkEHsly0esFrKSJw.png\" class=\"w-100 d-none d-lg-block img-pc main-banner-img\" alt=\"gangstasino bonus desktop\" fetchpriority=\"high\" decoding=\"async\"><img src=\"https:\/\/gangstasino.net\/wp-content\/uploads\/2025\/10\/Gangstasino-bonus-mobile.webp\" class=\"w-100 d-none d-md-block d-lg-none main-banner-img\" alt=\"gangstasino bonus mobile\" fetchpriority=\"high\" decoding=\"async\"><img src=\"https:\/\/gangstasino.net\/wp-content\/uploads\/2025\/10\/Gangstasino-bonus-mobile.webp\" class=\"w-100 d-md-none\" alt=\"gangstasino bonus mobile\" fetchpriority=\"high\" decoding=\"async\"><div class=\"banner-description\">\n<div class=\"banner-title\">Bonusy Powitalne<\/div>\n<p class=\"banner-header-title\">1500 \u20ac<\/p>\n<div class=\"banner-header-AdditionalText\">+ 250 Darmowych Spin\u00f3w<\/div>\n<button data-item=\"homepage_banner_link\" class=\"goto m-button m-gradient-border m-button--primary m-button--large banner-button btn-orange\">\n            <div class=\"m-button-content\">\n                <span>Zarejestruj si\u0119 teraz<\/span>\n                <span><\/span>\n            <\/div>\n        <\/button>\n<\/div>\n<div class=\"WelcomePack\">\n<p><img loading=\"lazy\" decoding=\"async\" class=\"alignnone size-full wp-image-1379\" src=\"https:\/\/gangstasino.net\/wp-content\/uploads\/2025\/10\/welcome-crown.svg\" alt=\"crown\" width=\"25\" height=\"26\" \/><\/p>\n<div class=\"WelcomePack-Info\">Cotygodniowy zwrot got\u00f3wki do 25%<\/div>\n<p><img loading=\"lazy\" decoding=\"async\" class=\"alignnone size-full wp-image-1379\" src=\"https:\/\/gangstasino.net\/wp-content\/uploads\/2025\/10\/welcome-crown.svg\" alt=\"crown\" width=\"25\" height=\"26\" \/><\/p>\n<\/div>\n<\/div>\n<h2>Funkcje aplikacji mobilnej Gangstasino<\/h2>\n<p>Aplikacja Gangstasino zosta\u0142a zaprojektowana przez nasz zesp\u00f3\u0142 profesjonalnych programist\u00f3w w taki spos\u00f3b, aby zapewni\u0107 doskona\u0142\u0105 jako\u015b\u0107 wy\u015bwietlania gier, zorientowan\u0105 na urz\u0105dzenia mobilne w technologii 3D. Jest nowa, nie nudna, szybka, bezpieczna i wygodna. Jej wyj\u0105tkowe t\u0142o sk\u0142ada si\u0119 z przemy\u015blanych przycisk\u00f3w i zak\u0142adek, kt\u00f3re dostosowuj\u0105 si\u0119 do ka\u017cdego rozmiaru ekranu. Nasza szeroka gama automat\u00f3w online i gier sto\u0142owych wygl\u0105da \u015bwietnie, ma dobrze zaprojektowan\u0105 grafik\u0119, a nasza nawigacja internetowa na\u015bladuje wersj\u0119 na komputery stacjonarne. Gracze mog\u0105 \u0142atwo wp\u0142aca\u0107 i wyp\u0142aca\u0107 swoje \u015brodki. Akceptowane s\u0105 r\u00f3\u017cne metody p\u0142atno\u015bci. W aplikacji istnieje r\u00f3wnie\u017c proces weryfikacji dla pierwszych wyp\u0142at, kt\u00f3ry zapewnia bezpiecze\u0144stwo transakcji i jest zgodny z wymogami regulacyjnymi.<\/p>\n<p>Zesp\u00f3\u0142 wsparcia technicznego Gangsta Sino pracuje nieprzerwanie i jest dost\u0119pny przez ca\u0142\u0105 dob\u0119 poprzez czat na \u017cywo, aby udziela\u0107 szybkich odpowiedzi na wszelkie pytania lub rozwi\u0105zywa\u0107 problemy techniczne. Nasze mobilne kasyno jest zorientowane na wydajno\u015b\u0107, a rozgrywka jest p\u0142ynna i \u0142atwa w obs\u0142udze na wszystkich smartfonach i tabletach \u2014 zosta\u0142o przetestowane pod k\u0105tem technologicznym i sprawdzone pod k\u0105tem dzia\u0142ania. Oferujemy specjalne promocje i r\u00f3\u017cnego rodzaju bonusy, aby uczyni\u0107 proces gry jeszcze bardziej intryguj\u0105cym.<\/p>\n<p><div style=\"clear: both\"><\/div><div class=\"d-flex justify-content-center\"><button data-item=\"decouvrez_link\" data-group=\"website_links\" class=\"goto fw-bold rounded-pill btn btn-orange\" aria-label=\"Pobierz aplikacj\u0119 Gangstasino\" >Pobierz aplikacj\u0119 Gangstasino<\/button><\/div><div class=\"scrollable-content-wrap my-5\"><div class=\"scrollable-content-inner\"><h2>Aplikacja Gangstasino dla systemu operacyjnego Android<\/h2>\n<p>Wersja Gangsta Sino na Androida to progresywna aplikacja internetowa (w skr\u00f3cie \u201ePWA\u201d), w kt\u00f3rej u\u017cytkownicy mog\u0105 gra\u0107 w kasynie bez konieczno\u015bci pobierania du\u017cych plik\u00f3w APK. Jeste\u015bmy przekonani, \u017ce jest to znacznie bezpieczniejsze ni\u017c wyszukiwanie i \u0142adowanie zwyk\u0142ych plik\u00f3w \u201c.exe\u201d. Nasze podej\u015bcie zapewnia szybsz\u0105 instalacj\u0119, mniejsze zu\u017cycie baterii i najwy\u017cszy poziom bezpiecze\u0144stwa. Aby zainstalowa\u0107 aplikacj\u0119 Gangstasino app w systemie Android, u\u017cytkownicy musz\u0105 jedynie znale\u017a\u0107 przycisk \u201eCasino App\u201d na dole strony g\u0142\u00f3wnej i wybra\u0107 opcj\u0119 instalacji \u2014 wystarczy przewin\u0105\u0107 stron\u0119 w d\u00f3\u0142, aby go zobaczy\u0107. Po instalacji na ekranie g\u0142\u00f3wnym pojawi si\u0119 ikona, za pomoc\u0105 kt\u00f3rej mo\u017cna uzyska\u0107 natychmiastowy dost\u0119p do platformy.<\/p>\n<p>Wersja na Androida posiada wszystkie podstawowe funkcje: przelewy prawdziwych pieni\u0119dzy, dost\u0119pno\u015b\u0107 naszych gier, a tak\u017ce powiadomienia dotycz\u0105ce nowych promocji lub aktualizacji. Wygl\u0105d aplikacji jest podobny do wersji na komputery stacjonarne, co zapewnia takie same i znane sesje gry.<\/p>\n<table>\n<tbody>\n<tr>\n<td>Funkcja<\/td>\n<td>Opis<\/td>\n<\/tr>\n<tr>\n<td>Kompatybilno\u015b\u0107<\/td>\n<td>Android, iOS, komputer stacjonarny<\/td>\n<\/tr>\n<tr>\n<td>Rodzaj wniosku<\/td>\n<td>Progresywne aplikacje internetowe (PWA), wersje mobilne i stacjonarne<\/td>\n<\/tr>\n<tr>\n<td>Instalacja<\/td>\n<td>Za pomoc\u0105 przegl\u0105darki dodaj do ekranu g\u0142\u00f3wnego, nie s\u0105 potrzebne \u017cadne pliki APK ani pobieranie ze sklepu.<\/td>\n<\/tr>\n<tr>\n<td>Bezpiecze\u0144stwo<\/td>\n<td>Nowoczesne protoko\u0142y, automatyczna aktualizacja<\/td>\n<\/tr>\n<tr>\n<td>Funkcjonalno\u015b\u0107<\/td>\n<td>Wszystkie gry kasynowe<\/td>\n<\/tr>\n<tr>\n<td>Wsparcie<\/td>\n<td>Czat na \u017cywo i pomoc techniczna dost\u0119pne 24 godziny na dob\u0119, 7 dni w tygodniu<\/td>\n<\/tr>\n<\/tbody>\n<\/table>\n<h3>Gangsta Sino APK i PWA<\/h3>\n<p>Kasyno Gangstasino nie korzysta ju\u017c ze zwyk\u0142ych plik\u00f3w APK; jak wspomnieli\u015bmy powy\u017cej, oferujemy naszym graczom progresywn\u0105 aplikacj\u0119 internetow\u0105. Jest ona bezpieczna, lekka i \u0142atwa w instalacji. Eliminuje konieczno\u015b\u0107 r\u0119cznego pobierania plik\u00f3w APK, co zmniejsza ryzyko zwi\u0105zane z bezpiecze\u0144stwem i u\u0142atwia kontrol\u0119 nad wszystkim. Mo\u017cesz doda\u0107 aplikacj\u0119 PWA bezpo\u015brednio w przegl\u0105darce, post\u0119puj\u0105c zgodnie z instrukcjami na naszej stronie po klikni\u0119ciu \u201eZainstaluj\u201d, co pozwoli Ci skonfigurowa\u0107 wszystko i od razu zacz\u0105\u0107 gra\u0107. Dzi\u0119ki temu aplikacja b\u0119dzie automatycznie aktualizowana, a nasi gracze b\u0119d\u0105 mieli zawsze dost\u0119p do najnowszych funkcji i gier bez konieczno\u015bci r\u0119cznego wykonywania tej czynno\u015bci. Nasza aplikacja Gangsta Sino PWA jest inteligentna i zoptymalizowana, zapewniaj\u0105c wysok\u0105 pr\u0119dko\u015b\u0107 \u0142adowania i responsywn\u0105 rozgrywk\u0119 na wszystkich urz\u0105dzeniach z systemem Android.<\/p>\n<p><img loading=\"lazy\" decoding=\"async\" class=\"alignnone size-full wp-image-1390\" src=\"https:\/\/gangstasino.net\/wp-content\/uploads\/2025\/10\/Ganstasino-App-Android.webp\" alt=\"Ganstasino App Android\" width=\"1248\" height=\"536\" srcset=\"https:\/\/gangstasino.net\/wp-content\/uploads\/2025\/10\/Ganstasino-App-Android.webp 1248w, https:\/\/gangstasino.net\/wp-content\/uploads\/2025\/10\/Ganstasino-App-Android-300x129.webp 300w, https:\/\/gangstasino.net\/wp-content\/uploads\/2025\/10\/Ganstasino-App-Android-1024x440.webp 1024w, https:\/\/gangstasino.net\/wp-content\/uploads\/2025\/10\/Ganstasino-App-Android-768x330.webp 768w\" sizes=\"auto, (max-width: 1248px) 100vw, 1248px\" \/><\/p>\n<\/div><\/div><div style=\"clear: both\"><\/div><div class=\"d-flex justify-content-center\"><button data-item=\"decouvrez_link\" data-group=\"website_links\" class=\"goto fw-bold rounded-pill btn btn-orange\" aria-label=\"Pobierz Gangstasino\" >Pobierz Gangstasino<\/button><\/div><div class=\"scrollable-content-wrap my-5\"><div class=\"scrollable-content-inner\"><h2>Aplikacja Gangstasino dla systemu Apple iOS<\/h2>\n<p>Dla wszystkich mi\u0142o\u015bnik\u00f3w marki Apple, Gangstasino Casino stworzy\u0142o spersonalizowane kasyno mobilne z ikon\u0105 skr\u00f3tu i ekranem g\u0142\u00f3wnym. Aby zainstalowa\u0107 PWA, wystarczy doda\u0107 je do ekranu g\u0142\u00f3wnego za pomoc\u0105 menu udost\u0119pniania w przegl\u0105darce Safari. Zajmie to tylko kilka minut, a na ekranie g\u0142\u00f3wnym urz\u0105dzenia pojawi si\u0119 ikona, kt\u00f3ra zapewni \u0142atwy dost\u0119p do kasyna.<\/p>\n<p>G\u0142\u00f3wne etapy instalacji s\u0105 nast\u0119puj\u0105ce:<\/p>\n<ol>\n<li>Kliknij przycisk \u201eAplikacja kasyna\u201d znajduj\u0105cy si\u0119 na dole strony g\u0142\u00f3wnej.<\/li>\n<li>Dodaj aplikacj\u0119 PWA do przegl\u0105darki Safari.<\/li>\n<li>Uruchom gr\u0119 i mo\u017cesz zacz\u0105\u0107 gra\u0107.<\/li>\n<\/ol>\n<p>Plik APK nie jest potrzebny do tego procesu. Aktualizacje b\u0119d\u0105 si\u0119 robi\u0107 same, bez Twojej pomocy. Platforma iOS nie traci swoich mo\u017cliwo\u015bci i b\u0119dzie mia\u0142a wszystkie nasze automaty online, gry sto\u0142owe, kasyno na \u017cywo i bezpieczne opcje p\u0142atno\u015bci \u2013 wszystko b\u0119dzie dobrze wy\u015bwietlane. Projekt gry jest w pe\u0142ni zoptymalizowany pod k\u0105tem iPhone&#8217;\u00f3w i iPad\u00f3w, dzi\u0119ki czemu gra nie ma op\u00f3\u017anie\u0144, a my szybko przetwarzamy transakcje mobilne; wszystko jest zabezpieczone za pomoc\u0105 szyfrowanej wersji protoko\u0142u Secure Sockets Layer, kt\u00f3ry zapewnia bezpiecze\u0144stwo Gangsta Sino.<\/p>\n<p><img loading=\"lazy\" decoding=\"async\" class=\"alignnone size-full wp-image-1391\" src=\"https:\/\/gangstasino.net\/wp-content\/uploads\/2025\/10\/Ganstasino-App-iOS.webp\" alt=\"Ganstasino App iOS\" width=\"1248\" height=\"536\" srcset=\"https:\/\/gangstasino.net\/wp-content\/uploads\/2025\/10\/Ganstasino-App-iOS.webp 1248w, https:\/\/gangstasino.net\/wp-content\/uploads\/2025\/10\/Ganstasino-App-iOS-300x129.webp 300w, https:\/\/gangstasino.net\/wp-content\/uploads\/2025\/10\/Ganstasino-App-iOS-1024x440.webp 1024w, https:\/\/gangstasino.net\/wp-content\/uploads\/2025\/10\/Ganstasino-App-iOS-768x330.webp 768w\" sizes=\"auto, (max-width: 1248px) 100vw, 1248px\" \/><\/p>\n<\/div><\/div><div style=\"clear: both\"><\/div><div class=\"d-flex justify-content-center\"><button data-item=\"decouvrez_link\" data-group=\"website_links\" class=\"goto fw-bold rounded-pill btn btn-orange\" aria-label=\"Pobierz aplikacj\u0119 Gangstasino\" >Pobierz aplikacj\u0119 Gangstasino<\/button><\/div><div class=\"scrollable-content-wrap my-5\"><div class=\"scrollable-content-inner\"><h2>Aplikacja komputerowa Gangstasino Casino<\/h2>\n<p>Opr\u00f3cz rozwi\u0105za\u0144 mobilnych, Gangstasino Casino posiada r\u00f3wnie\u017c aplikacj\u0119 na komputery stacjonarne. Jest ona podobna do aplikacji mobilnej. Nasza wersja na komputery stacjonarne jest dost\u0119pna w ka\u017cdej nowoczesnej przegl\u0105darce. Umo\u017cliwia ona dost\u0119p do pe\u0142nej wersji gry, zarz\u0105dzanie kontem oraz bezpieczne p\u0142atno\u015bci. Aby zapewni\u0107 jeszcze wi\u0119ksz\u0105 wygod\u0119, nasi u\u017cytkownicy mog\u0105 doda\u0107 skr\u00f3t do kasyna Gangstasino na pulpicie, co pozwala im na \u0142atwy dost\u0119p do platformy bez konieczno\u015bci wielokrotnego przewijania strony w przegl\u0105darce.<\/p>\n<p>Nasza wersja Gangsta Sino na komputery stacjonarne zapewnia tak\u0105 sam\u0105 wysok\u0105 jako\u015b\u0107 grafiki i interfejsu u\u017cytkownika, jak wersja mobilna. Jeste\u015bmy dumni, \u017ce mo\u017cemy zapewni\u0107 sp\u00f3jn\u0105 rozgrywk\u0119 na wszystkich urz\u0105dzeniach \u2014 po prostu wybierz to, co lubisz najbardziej. Zesp\u00f3\u0142 pomocy technicznej jest dost\u0119pny jak zwykle poprzez czat na \u017cywo i mo\u017cna si\u0119 z nim skontaktowa\u0107, aby uzyska\u0107 pomoc w razie potrzeby.<\/p>\n<p><img loading=\"lazy\" decoding=\"async\" class=\"alignnone size-full wp-image-1392\" src=\"https:\/\/gangstasino.net\/wp-content\/uploads\/2025\/10\/Ganstasino-App-Windows.webp\" alt=\"Ganstasino App Windows\" width=\"1248\" height=\"536\" srcset=\"https:\/\/gangstasino.net\/wp-content\/uploads\/2025\/10\/Ganstasino-App-Windows.webp 1248w, https:\/\/gangstasino.net\/wp-content\/uploads\/2025\/10\/Ganstasino-App-Windows-300x129.webp 300w, https:\/\/gangstasino.net\/wp-content\/uploads\/2025\/10\/Ganstasino-App-Windows-1024x440.webp 1024w, https:\/\/gangstasino.net\/wp-content\/uploads\/2025\/10\/Ganstasino-App-Windows-768x330.webp 768w\" sizes=\"auto, (max-width: 1248px) 100vw, 1248px\" \/><\/p>\n<\/div><\/div><div style=\"clear: both\"><\/div><div class=\"d-flex justify-content-center\"><button data-item=\"decouvrez_link\" data-group=\"website_links\" class=\"goto fw-bold rounded-pill btn btn-orange\" aria-label=\"Pobierz Gangstasino\" >Pobierz Gangstasino<\/button><\/div><div class=\"scrollable-content-wrap my-5\"><div class=\"scrollable-content-inner\"><h2>Cz\u0119sto zadawane pytania<\/h2>\n<h3>Gdzie znajduj\u0105 si\u0119 ustawienia konta w aplikacji Gangstasino?<\/h3>\n<p>Aplikacja Gangstasino posiada ustawienia konta, do kt\u00f3rych mo\u017cna uzyska\u0107 dost\u0119p, klikaj\u0105c menu g\u0142\u00f3wne. Znajduj\u0105 si\u0119 one zazwyczaj w g\u00f3rnym rogu aplikacji. Wszyscy gracze mog\u0105 tam aktualizowa\u0107 swoje dane osobowe, plany p\u0142atno\u015bci, uwierzytelnienia i wybory.<\/p>\n<h3>Czy wszystkie gry s\u0105 dost\u0119pne w aplikacjach mobilnych i komputerowych?<\/h3>\n<p>Podobnie jak wersja standardowa, aplikacja Gangstasino Casino gwarantuje, \u017ce wszystkie gry dost\u0119pne na naszej platformie stacjonarnej mo\u017cna uruchamia\u0107 za po\u015brednictwem naszej aplikacji mobilnej \u2014 wszystkie automaty online, kasyno na \u017cywo, gry sto\u0142owe i gry typu crash. Z pewno\u015bci\u0105 mo\u017cesz uczestniczy\u0107 w turniejach jak zwykle. Platforma jest zoptymalizowana pod k\u0105tem p\u0142ynnej rozgrywki na wszystkich urz\u0105dzeniach.<\/p>\n<h3>Jak rozwi\u0105za\u0107 problem z aplikacj\u0105 Gangstasino Casino?<\/h3>\n<p>W razie jakichkolwiek problem\u00f3w prosimy o kontakt z naszym zespo\u0142em pomocy technicznej za po\u015brednictwem czatu na \u017cywo, kt\u00f3ry jest dost\u0119pny przez ca\u0142\u0105 dob\u0119. Nasz zesp\u00f3\u0142 obs\u0142ugi klienta zosta\u0142 przeszkolony w zakresie jak najszybszego rozwi\u0105zywania problem\u00f3w technicznych, takich jak te zwi\u0105zane z dost\u0119pem do gry, realizacj\u0105 transakcji lub nieprawid\u0142owym dzia\u0142aniem aplikacji.<\/p>\n<h3>Jak pobra\u0107 aplikacj\u0119 Gangstasino Casino ?<\/h3>\n<p>Nasze mobilne kasyno jest dost\u0119pne na systemy operacyjne Android i iOS poprzez aplikacj\u0119 PWA. W przypadku systemu Android wystarczy wybra\u0107 opcj\u0119 instalacji w stopce strony. W przypadku systemu iOS dodaj nasz\u0105 aplikacj\u0119 PWA do ekranu g\u0142\u00f3wnego za pomoc\u0105 funkcji \u201eDodaj do ekranu g\u0142\u00f3wnego\u201d przegl\u0105darki Safari. Nie ma potrzeby importowania ani pobierania \u017cadnego r\u0119cznego pliku APK ani korzystania ze sklepu z aplikacjami, je\u015bli nie chcesz.<\/p>\n<\/div><\/div><\/p>\n","protected":false},"excerpt":{"rendered":"<p>Aplikacja Gangstasino Gangstasino app zapewnia wszystkim naszym polskim graczom p\u0142ynn\u0105 rozgrywk\u0119 mobiln\u0105 bez \u017cadnych op\u00f3\u017anie\u0144, co oznacza, \u017ce mog\u0105 oni gra\u0107 w swoje ulubione gry kasynowe online w dowolnym miejscu i czasie, bez konieczno\u015bci noszenia ze sob\u0105 komputera \u2013 jest to \u0142atwe i przeno\u015bne rozwi\u0105zanie. Nasza aplikacja jest kompatybilna z platformami Android i iOS i [&hellip;]<\/p>\n","protected":false},"author":1,"featured_media":0,"parent":0,"menu_order":0,"comment_status":"closed","ping_status":"closed","template":"template-builder.php","meta":{"_acf_changed":false,"inline_featured_image":false,"footnotes":""},"class_list":["post-1440","page","type-page","status-publish","hentry"],"acf":[],"yoast_head":"<!-- This site is optimized with the Yoast SEO plugin v27.3 - https:\/\/yoast.com\/product\/yoast-seo-wordpress\/ -->\n<title>Gangstasino App na Telefon \u2013 iOS, Android | Pobierz<\/title>\n<meta name=\"description\" content=\"Zainstaluj Gangstasino App na iOS i Android, aby mie\u0107 dost\u0119p do ponad 6000 gier kasynowych w dowolnym momencie. P\u0142ynne dzia\u0142anie, synchronizacja konta i wsparcie 24\/7 \u2013 wszystko w Gangstasino App.\" \/>\n<meta name=\"robots\" content=\"index, follow, max-snippet:-1, max-image-preview:large, max-video-preview:-1\" \/>\n<link rel=\"canonical\" href=\"https:\/\/gangstasino.net\/pl\/aplikacja\/\" \/>\n<meta property=\"og:locale\" content=\"pl_PL\" \/>\n<meta property=\"og:type\" content=\"article\" \/>\n<meta property=\"og:title\" content=\"Gangstasino App na Telefon \u2013 iOS, Android | Pobierz\" \/>\n<meta property=\"og:description\" content=\"Zainstaluj Gangstasino App na iOS i Android, aby mie\u0107 dost\u0119p do ponad 6000 gier kasynowych w dowolnym momencie. P\u0142ynne dzia\u0142anie, synchronizacja konta i wsparcie 24\/7 \u2013 wszystko w Gangstasino App.\" \/>\n<meta property=\"og:url\" content=\"https:\/\/gangstasino.net\/pl\/aplikacja\/\" \/>\n<meta property=\"og:site_name\" content=\"gangstasino\" \/>\n<meta property=\"article:modified_time\" content=\"2025-10-29T06:32:09+00:00\" \/>\n<meta name=\"twitter:card\" content=\"summary_large_image\" \/>\n<meta name=\"twitter:label1\" content=\"Est. reading time\" \/>\n\t<meta name=\"twitter:data1\" content=\"2 minutes\" \/>\n<script type=\"application\/ld+json\" class=\"yoast-schema-graph\">{\"@context\":\"https:\\\/\\\/schema.org\",\"@graph\":[{\"@type\":\"WebPage\",\"@id\":\"https:\\\/\\\/gangstasino.net\\\/pl\\\/aplikacja\\\/\",\"url\":\"https:\\\/\\\/gangstasino.net\\\/pl\\\/aplikacja\\\/\",\"name\":\"Gangstasino App na Telefon \u2013 iOS, Android | Pobierz\",\"isPartOf\":{\"@id\":\"https:\\\/\\\/gangstasino.net\\\/pl\\\/#website\"},\"datePublished\":\"2025-10-28T09:25:24+00:00\",\"dateModified\":\"2025-10-29T06:32:09+00:00\",\"description\":\"Zainstaluj Gangstasino App na iOS i Android, aby mie\u0107 dost\u0119p do ponad 6000 gier kasynowych w dowolnym momencie. P\u0142ynne dzia\u0142anie, synchronizacja konta i wsparcie 24\\\/7 \u2013 wszystko w Gangstasino App.\",\"breadcrumb\":{\"@id\":\"https:\\\/\\\/gangstasino.net\\\/pl\\\/aplikacja\\\/#breadcrumb\"},\"inLanguage\":\"pl-PL\",\"potentialAction\":[{\"@type\":\"ReadAction\",\"target\":[\"https:\\\/\\\/gangstasino.net\\\/pl\\\/aplikacja\\\/\"]}]},{\"@type\":\"BreadcrumbList\",\"@id\":\"https:\\\/\\\/gangstasino.net\\\/pl\\\/aplikacja\\\/#breadcrumb\",\"itemListElement\":[{\"@type\":\"ListItem\",\"position\":1,\"name\":\"Gangstasino\",\"item\":\"https:\\\/\\\/gangstasino.net\\\/pl\\\/\"},{\"@type\":\"ListItem\",\"position\":2,\"name\":\"Aplikacja\"}]},{\"@type\":\"WebSite\",\"@id\":\"https:\\\/\\\/gangstasino.net\\\/pl\\\/#website\",\"url\":\"https:\\\/\\\/gangstasino.net\\\/pl\\\/\",\"name\":\"Gangstasino\",\"description\":\"\",\"publisher\":{\"@id\":\"https:\\\/\\\/gangstasino.net\\\/pl\\\/#organization\"},\"potentialAction\":[{\"@type\":\"SearchAction\",\"target\":{\"@type\":\"EntryPoint\",\"urlTemplate\":\"https:\\\/\\\/gangstasino.net\\\/pl\\\/?s={search_term_string}\"},\"query-input\":{\"@type\":\"PropertyValueSpecification\",\"valueRequired\":true,\"valueName\":\"search_term_string\"}}],\"inLanguage\":\"pl-PL\"},{\"@type\":\"Organization\",\"@id\":\"https:\\\/\\\/gangstasino.net\\\/pl\\\/#organization\",\"name\":\"Gangstasino\",\"url\":\"https:\\\/\\\/gangstasino.net\\\/pl\\\/\",\"logo\":{\"@type\":\"ImageObject\",\"inLanguage\":\"pl-PL\",\"@id\":\"https:\\\/\\\/gangstasino.net\\\/pl\\\/#\\\/schema\\\/logo\\\/image\\\/\",\"url\":\"https:\\\/\\\/gangstasino.net\\\/wp-content\\\/uploads\\\/2025\\\/08\\\/80u1FaquEZeR6OUTeJCc.png\",\"contentUrl\":\"https:\\\/\\\/gangstasino.net\\\/wp-content\\\/uploads\\\/2025\\\/08\\\/80u1FaquEZeR6OUTeJCc.png\",\"width\":152,\"height\":35,\"caption\":\"Gangstasino\"},\"image\":{\"@id\":\"https:\\\/\\\/gangstasino.net\\\/pl\\\/#\\\/schema\\\/logo\\\/image\\\/\"}}]}<\/script>\n<!-- \/ Yoast SEO plugin. -->","yoast_head_json":{"title":"Gangstasino App na Telefon \u2013 iOS, Android | Pobierz","description":"Zainstaluj Gangstasino App na iOS i Android, aby mie\u0107 dost\u0119p do ponad 6000 gier kasynowych w dowolnym momencie. P\u0142ynne dzia\u0142anie, synchronizacja konta i wsparcie 24\/7 \u2013 wszystko w Gangstasino App.","robots":{"index":"index","follow":"follow","max-snippet":"max-snippet:-1","max-image-preview":"max-image-preview:large","max-video-preview":"max-video-preview:-1"},"canonical":"https:\/\/gangstasino.net\/pl\/aplikacja\/","og_locale":"pl_PL","og_type":"article","og_title":"Gangstasino App na Telefon \u2013 iOS, Android | Pobierz","og_description":"Zainstaluj Gangstasino App na iOS i Android, aby mie\u0107 dost\u0119p do ponad 6000 gier kasynowych w dowolnym momencie. P\u0142ynne dzia\u0142anie, synchronizacja konta i wsparcie 24\/7 \u2013 wszystko w Gangstasino App.","og_url":"https:\/\/gangstasino.net\/pl\/aplikacja\/","og_site_name":"gangstasino","article_modified_time":"2025-10-29T06:32:09+00:00","twitter_card":"summary_large_image","twitter_misc":{"Est. reading time":"2 minutes"},"schema":{"@context":"https:\/\/schema.org","@graph":[{"@type":"WebPage","@id":"https:\/\/gangstasino.net\/pl\/aplikacja\/","url":"https:\/\/gangstasino.net\/pl\/aplikacja\/","name":"Gangstasino App na Telefon \u2013 iOS, Android | Pobierz","isPartOf":{"@id":"https:\/\/gangstasino.net\/pl\/#website"},"datePublished":"2025-10-28T09:25:24+00:00","dateModified":"2025-10-29T06:32:09+00:00","description":"Zainstaluj Gangstasino App na iOS i Android, aby mie\u0107 dost\u0119p do ponad 6000 gier kasynowych w dowolnym momencie. P\u0142ynne dzia\u0142anie, synchronizacja konta i wsparcie 24\/7 \u2013 wszystko w Gangstasino App.","breadcrumb":{"@id":"https:\/\/gangstasino.net\/pl\/aplikacja\/#breadcrumb"},"inLanguage":"pl-PL","potentialAction":[{"@type":"ReadAction","target":["https:\/\/gangstasino.net\/pl\/aplikacja\/"]}]},{"@type":"BreadcrumbList","@id":"https:\/\/gangstasino.net\/pl\/aplikacja\/#breadcrumb","itemListElement":[{"@type":"ListItem","position":1,"name":"Gangstasino","item":"https:\/\/gangstasino.net\/pl\/"},{"@type":"ListItem","position":2,"name":"Aplikacja"}]},{"@type":"WebSite","@id":"https:\/\/gangstasino.net\/pl\/#website","url":"https:\/\/gangstasino.net\/pl\/","name":"Gangstasino","description":"","publisher":{"@id":"https:\/\/gangstasino.net\/pl\/#organization"},"potentialAction":[{"@type":"SearchAction","target":{"@type":"EntryPoint","urlTemplate":"https:\/\/gangstasino.net\/pl\/?s={search_term_string}"},"query-input":{"@type":"PropertyValueSpecification","valueRequired":true,"valueName":"search_term_string"}}],"inLanguage":"pl-PL"},{"@type":"Organization","@id":"https:\/\/gangstasino.net\/pl\/#organization","name":"Gangstasino","url":"https:\/\/gangstasino.net\/pl\/","logo":{"@type":"ImageObject","inLanguage":"pl-PL","@id":"https:\/\/gangstasino.net\/pl\/#\/schema\/logo\/image\/","url":"https:\/\/gangstasino.net\/wp-content\/uploads\/2025\/08\/80u1FaquEZeR6OUTeJCc.png","contentUrl":"https:\/\/gangstasino.net\/wp-content\/uploads\/2025\/08\/80u1FaquEZeR6OUTeJCc.png","width":152,"height":35,"caption":"Gangstasino"},"image":{"@id":"https:\/\/gangstasino.net\/pl\/#\/schema\/logo\/image\/"}}]}},"_links":{"self":[{"href":"https:\/\/gangstasino.net\/pl\/wp-json\/wp\/v2\/pages\/1440","targetHints":{"allow":["GET"]}}],"collection":[{"href":"https:\/\/gangstasino.net\/pl\/wp-json\/wp\/v2\/pages"}],"about":[{"href":"https:\/\/gangstasino.net\/pl\/wp-json\/wp\/v2\/types\/page"}],"author":[{"embeddable":true,"href":"https:\/\/gangstasino.net\/pl\/wp-json\/wp\/v2\/users\/1"}],"replies":[{"embeddable":true,"href":"https:\/\/gangstasino.net\/pl\/wp-json\/wp\/v2\/comments?post=1440"}],"version-history":[{"count":3,"href":"https:\/\/gangstasino.net\/pl\/wp-json\/wp\/v2\/pages\/1440\/revisions"}],"predecessor-version":[{"id":1949,"href":"https:\/\/gangstasino.net\/pl\/wp-json\/wp\/v2\/pages\/1440\/revisions\/1949"}],"wp:attachment":[{"href":"https:\/\/gangstasino.net\/pl\/wp-json\/wp\/v2\/media?parent=1440"}],"curies":[{"name":"wp","href":"https:\/\/api.w.org\/{rel}","templated":true}]}}