{"id":1494,"date":"2025-10-28T09:40:03","date_gmt":"2025-10-28T09:40:03","guid":{"rendered":"https:\/\/gangstasino.net\/login-and-registration\/"},"modified":"2025-10-28T15:28:40","modified_gmt":"2025-10-28T15:28:40","slug":"accesso-e-registrazione","status":"publish","type":"page","link":"https:\/\/gangstasino.net\/it\/accesso-e-registrazione\/","title":{"rendered":"Accesso e Registrazione"},"content":{"rendered":"<h1>Accesso e registrazione a Gangstasino<\/h1>\n<p>La procedura di Gangstasino login garantisce un accesso rapido al tuo account, mentre il sistema di registrazione assicura che i nostri nuovi arrivati italiani abbiano tutti i mezzi necessari per diventare membri della nostra comunit\u00e0 virtuale e iniziare subito a giocare. A Gangstasino Casino organizziamo un sistema sicuro e fluido che consente ai nostri giocatori di partecipare a una vasta gamma di attivit\u00e0 di gioco e tornei tra i pi\u00f9 interessanti.<\/p>\n<p><div class=\"banner-wrap\" aria-label=\"Banner\"><img src=\"https:\/\/gangstasino.net\/wp-content\/uploads\/2025\/08\/bAKGkEHsly0esFrKSJw.png\" class=\"w-100 d-none d-lg-block img-pc main-banner-img\" alt=\"gangstasino bonus desktop\" fetchpriority=\"high\" decoding=\"async\"><img src=\"https:\/\/gangstasino.net\/wp-content\/uploads\/2025\/10\/Gangstasino-bonus-mobile.webp\" class=\"w-100 d-none d-md-block d-lg-none main-banner-img\" alt=\"gangstasino bonus mobile\" fetchpriority=\"high\" decoding=\"async\"><img src=\"https:\/\/gangstasino.net\/wp-content\/uploads\/2025\/10\/Gangstasino-bonus-mobile.webp\" class=\"w-100 d-md-none\" alt=\"gangstasino bonus mobile\" fetchpriority=\"high\" decoding=\"async\"><div class=\"banner-description\">\n<div class=\"banner-title\">Bonus di Benvenuto<\/div>\n<p class=\"banner-header-title\">1500 \u20ac<\/p>\n<div class=\"banner-header-AdditionalText\">+ 250 Giri Gratuiti<\/div>\n<button data-item=\"homepage_banner_link\" class=\"goto m-button m-gradient-border m-button--primary m-button--large banner-button btn-orange\">\n            <div class=\"m-button-content\">\n                <span>Registrati ora<\/span>\n                <span><\/span>\n            <\/div>\n        <\/button>\n<\/div>\n<div class=\"WelcomePack\">\n<p><img loading=\"lazy\" decoding=\"async\" class=\"alignnone size-full wp-image-1379\" src=\"https:\/\/gangstasino.net\/wp-content\/uploads\/2025\/10\/welcome-crown.svg\" alt=\"crown\" width=\"25\" height=\"26\" \/><\/p>\n<div class=\"WelcomePack-Info\">Cashback Settimanale fino al 25%<\/div>\n<p><img loading=\"lazy\" decoding=\"async\" class=\"alignnone size-full wp-image-1379\" src=\"https:\/\/gangstasino.net\/wp-content\/uploads\/2025\/10\/welcome-crown.svg\" alt=\"crown\" width=\"25\" height=\"26\" \/><\/p>\n<\/div>\n<\/div><div class=\"scrollable-content-wrap my-5\"><div class=\"scrollable-content-inner\"><h2>Procedura di registrazione al casin\u00f2 Gangstasino<\/h2>\n<p>La registrazione di un account su Gangstasino Casino \u00e8 la chiave per ottenere numerosi vantaggi: approfitta della nostra offerta di benvenuto, che ora \u00e8 di 1.500 \u20ac e 250 giri gratuiti. Hai il pieno diritto di usufruire e godere delle nostre altre offerte esclusive e gestire un account personale, oltre a partecipare a giochi di casin\u00f2 dal vivo e competizioni. La registrazione su Gangsta Sino \u00e8 pensata per essere facile e veloce, in modo che i nuovi giocatori non debbano aspettare per godersi i loro titoli preferiti.<\/p>\n<table>\n<tbody>\n<tr>\n<td>Aspetto<\/td>\n<td>Vantaggi di Gangstasino login<\/td>\n<\/tr>\n<tr>\n<td>Pacchetto bonus di benvenuto<\/td>\n<td>Fino a 1.500 \u20ac + 250 giri gratuiti<\/td>\n<\/tr>\n<tr>\n<td>Libreria di giochi<\/td>\n<td>Possibilit\u00e0 illimitata di accedere alla vasta gamma di giochi Gangsta Sino.<\/td>\n<\/tr>\n<tr>\n<td>Velocit\u00e0<\/td>\n<td>Capacit\u00e0 di effettuare depositi e prelievi in modo sicuro<\/td>\n<\/tr>\n<tr>\n<td>Offerte<\/td>\n<td>Promozioni e programmi fedelt\u00e0<\/td>\n<\/tr>\n<tr>\n<td>Assistenza multilingue<\/td>\n<td>Assistenza agli utenti in molte lingue<\/td>\n<\/tr>\n<tr>\n<td>Fiducia<\/td>\n<td>Gestione semplice dell&#8217;account e processo di verifica<\/td>\n<\/tr>\n<\/tbody>\n<\/table>\n<h3>Come creare un account<\/h3>\n<p>Per creare un account su Gangstasino Casino, \u00e8 sufficiente seguire questi semplici passaggi:<\/p>\n<ol>\n<li>Premi il pulsante Gangsta Sino di registrazione che \u00e8 il pi\u00f9 grande, vicino a quello di accesso, nella parte in alto a destra della nostra homepage.<\/li>\n<li>Compila il modulo di registrazione con i tuoi dati personali: il tuo indirizzo e-mail e una password (ti ricordiamo che deve essere composta da almeno sei caratteri).<\/li>\n<li>Registra qualsiasi codice promozionale utilizzato per usufruire di offerte speciali.<\/li>\n<li>Dichiara esplicitamente la tua et\u00e0 (abbiamo una regola che prevede che tu abbia almeno 18 anni) e accetta i nostri Termini e condizioni e l&#8217;Informativa sulla privacy cliccando sulla casella corrispondente.<\/li>\n<li>Registrati con il pulsante per creare un account Gangstasino Casino.<\/li>\n<li>Riceverai un&#8217;e-mail di conferma nella tua casella di posta elettronica e ti verr\u00e0 richiesto di seguire un link per verificare il tuo account.<\/li>\n<\/ol>\n<p>Questo pu\u00f2 essere fatto in pochi minuti e tutte le funzionalit\u00e0 di Gangstasino Casino sono accessibili molto rapidamente da l\u00ec.<\/p>\n<h2>Gangstasino login procedure<\/h2>\n<p>Gli utenti attuali hanno accesso ai propri account tramite il portale di accesso Gangstasino. Si tratta di un processo facile e sicuro. Tutti i giocatori sono in grado di controllare efficacemente i propri account.<\/p>\n<p>Come completare il login a Gangstasino:<\/p>\n<ol>\n<li>Clicca sull&#8217;angolo in alto a destra della nostra home page Gangsta Sino, sul pulsante chiamato &#8220;Accedi&#8221;. \u00c8 quello vicino al pulsante di registrazione.<\/li>\n<li>Inserisci il tuo indirizzo e-mail registrato e la password.<\/li>\n<li>Clicca nuovamente su &#8220;Accedi&#8221; per poter accedere al tuo account.<\/li>\n<\/ol>\n<p>Una volta effettuato l&#8217;accesso a Gangstasino, potrai utilizzare tutte le funzionalit\u00e0 del casin\u00f2: depositare denaro, accedere alla cronologia delle transazioni, aggiornare le informazioni personali e chattare 24 ore su 24, 7 giorni su 7 con il nostro team di assistenza. La nostra piattaforma \u00e8 disponibile in diverse lingue, rendendo l&#8217;applicazione accessibile agli utenti di tutto il mondo.<\/p>\n<h3>Cosa fare se hai dimenticato la password?<\/h3>\n<p>Nel caso in cui avessi dimenticato la password, Gangsta Sino dispone di un meccanismo di recupero rapido:<\/p>\n<ol>\n<li>Clicca sul pulsante Accedi a Gangstasino.<\/li>\n<li>Seleziona l&#8217;opzione &#8220;Hai dimenticato la password?&#8221; qui sotto; \u00e8 visibile.<\/li>\n<li>Inserisci il tuo indirizzo e-mail registrato dal tuo account Gangsta Sino.<\/li>\n<li>Rispondi alla nostra e-mail. Attendi una nostra risposta.<\/li>\n<li>Ricevi un&#8217;e-mail con le istruzioni per reimpostare la password.<\/li>\n<li>Clicca sul link per creare una nuova password.<\/li>\n<\/ol>\n<p>Ora sei tornato in carreggiata e hai recuperato completamente il tuo account Gangsta Sino.<\/p>\n<h2>Verifica di Gangstasino Casino<\/h2>\n<p>Gangstasino Casino ha la regola, proprio come tutti i casin\u00f2 legittimi, onestamente, di richiedere la verifica dell&#8217;account. In questo modo, possiamo proteggere un ambiente di gioco equo e consentire prelievi e depositi. La nostra procedura KYC viene eseguita caricando documenti specifici per convalidare la tua identit\u00e0 e il tuo indirizzo.<\/p>\n<p>I requisiti di verifica Gangsta Sino sono i seguenti:<\/p>\n<ul>\n<li>Documento di identit\u00e0 autenticato rilasciato dallo Stato (passaporto, in alcuni casi patente di guida o carta d&#8217;identit\u00e0, ma il passaporto \u00e8 sempre il documento migliore)<\/li>\n<li>Bolletta\/estratto conto bancario (risalente a meno di 6 mesi fa)<\/li>\n<\/ul>\n<p>Invia tutto al nostro team di assistenza multilingue. Ti forniremo eventuali documenti aggiuntivi se necessari, ma solitamente non occorre altro.<\/p>\n<p>Riassumendo questo processo:<\/p>\n<ul>\n<li>Nella dashboard del tuo account puoi caricare facilmente i documenti.<\/li>\n<li>Il team di assistenza elabora le richieste in circa 48 ore, quindi ti preghiamo di pazientare.<\/li>\n<li>Una volta ottenuta l&#8217;approvazione, potrai effettuare prelievi illimitati e, in generale, avrai una maggiore sicurezza per il tuo conto.<\/li>\n<\/ul>\n<p>A nessuno piacciono questi &#8220;test&#8221;, ma la nostra procedura di screening \u00e8 una misura fondamentale per la prevenzione delle frodi e il rispetto delle norme legali, e garantisce un campo di gioco sicuro e trasparente.<\/p>\n<h2>Domande frequenti<\/h2>\n<h3>Ho problemi con la registrazione. Dove posso trovare aiuto?<\/h3>\n<p>Il nostro Gangstasino Team di assistenza \u00e8 addestrato per fornire un servizio clienti multilingue tramite chat live ed e-mail per aiutare a risolvere qualsiasi problema di registrazione, convalida dell&#8217;account o assistenza tecnica.<\/p>\n<h3>Cosa mi serve per la verifica dell&#8217;account?<\/h3>\n<p>Per farlo, devi inviarci documenti di identit\u00e0 validi e chiari, scansionati o fotografati, e una prova di residenza. I documenti devono essere aggiornati e leggibili per rendere il processo di revisione meno dispendioso in termini di tempo.<\/p>\n<h3>Posso cancellare o disattivare il mio account?<\/h3>\n<p>I nostri utenti devono chiedere al Gangstasino Team di assistenza di chiudere o sospendere temporaneamente i propri account, utilizzando l&#8217;e-mail o l&#8217;opzione di chat dal vivo. Ci\u00f2 viene fatto in modo tempestivo, senza violare la privacy o le preferenze degli utenti. Tuttavia, si prega di tenere presente che in caso di attivit\u00e0 fraudolente, ci riserviamo il diritto di confiscare i depositi e i bonus.<\/p>\n<h3>Quali sono le impostazioni del mio account?<\/h3>\n<p>Nelle impostazioni \u00e8 possibile aggiornare le informazioni personali e i limiti di deposito e prelievo. \u00c8 possibile controllare la cronologia delle transazioni Gangstasino e le promozioni operative nella dashboard del proprio account. Se le impostazioni non vengono aggiornate quando si fa clic o se c&#8217;\u00e8 qualcos&#8217;altro che non va, scriveteci nella live chat.<\/p>\n<\/div><\/div><\/p>\n","protected":false},"excerpt":{"rendered":"<p>Accesso e registrazione a Gangstasino La procedura di Gangstasino login garantisce un accesso rapido al tuo account, mentre il sistema di registrazione assicura che i nostri nuovi arrivati italiani abbiano tutti i mezzi necessari per diventare membri della nostra comunit\u00e0 virtuale e iniziare subito a giocare. A Gangstasino Casino organizziamo un sistema sicuro e fluido [&hellip;]<\/p>\n","protected":false},"author":1,"featured_media":0,"parent":0,"menu_order":0,"comment_status":"closed","ping_status":"closed","template":"template-builder.php","meta":{"_acf_changed":false,"inline_featured_image":false,"footnotes":""},"class_list":["post-1494","page","type-page","status-publish","hentry"],"acf":[],"yoast_head":"<!-- This site is optimized with the Yoast SEO plugin v27.3 - https:\/\/yoast.com\/product\/yoast-seo-wordpress\/ -->\n<title>Gangstasino Login \u2013 Accesso all\u2019Account e Registrazione<\/title>\n<meta name=\"description\" content=\"Gangstasino login o crea il tuo account in pochi passi. Gestisci verifica, recupero password e impostazioni del profilo in modo sicuro e rapido su Gangstasino Casino.\" \/>\n<meta name=\"robots\" content=\"index, follow, max-snippet:-1, max-image-preview:large, max-video-preview:-1\" \/>\n<link rel=\"canonical\" href=\"https:\/\/gangstasino.net\/it\/accesso-e-registrazione\/\" \/>\n<meta property=\"og:locale\" content=\"it_IT\" \/>\n<meta property=\"og:type\" content=\"article\" \/>\n<meta property=\"og:title\" content=\"Gangstasino Login \u2013 Accesso all\u2019Account e Registrazione\" \/>\n<meta property=\"og:description\" content=\"Gangstasino login o crea il tuo account in pochi passi. Gestisci verifica, recupero password e impostazioni del profilo in modo sicuro e rapido su Gangstasino Casino.\" \/>\n<meta property=\"og:url\" content=\"https:\/\/gangstasino.net\/it\/accesso-e-registrazione\/\" \/>\n<meta property=\"og:site_name\" content=\"gangstasino\" \/>\n<meta property=\"article:modified_time\" content=\"2025-10-28T15:28:40+00:00\" \/>\n<meta name=\"twitter:card\" content=\"summary_large_image\" \/>\n<meta name=\"twitter:label1\" content=\"Est. reading time\" \/>\n\t<meta name=\"twitter:data1\" content=\"1 minute\" \/>\n<script type=\"application\/ld+json\" class=\"yoast-schema-graph\">{\"@context\":\"https:\\\/\\\/schema.org\",\"@graph\":[{\"@type\":\"WebPage\",\"@id\":\"https:\\\/\\\/gangstasino.net\\\/it\\\/accesso-e-registrazione\\\/\",\"url\":\"https:\\\/\\\/gangstasino.net\\\/it\\\/accesso-e-registrazione\\\/\",\"name\":\"Gangstasino Login \u2013 Accesso all\u2019Account e Registrazione\",\"isPartOf\":{\"@id\":\"https:\\\/\\\/gangstasino.net\\\/it\\\/#website\"},\"datePublished\":\"2025-10-28T09:40:03+00:00\",\"dateModified\":\"2025-10-28T15:28:40+00:00\",\"description\":\"Gangstasino login o crea il tuo account in pochi passi. Gestisci verifica, recupero password e impostazioni del profilo in modo sicuro e rapido su Gangstasino Casino.\",\"breadcrumb\":{\"@id\":\"https:\\\/\\\/gangstasino.net\\\/it\\\/accesso-e-registrazione\\\/#breadcrumb\"},\"inLanguage\":\"it-IT\",\"potentialAction\":[{\"@type\":\"ReadAction\",\"target\":[\"https:\\\/\\\/gangstasino.net\\\/it\\\/accesso-e-registrazione\\\/\"]}]},{\"@type\":\"BreadcrumbList\",\"@id\":\"https:\\\/\\\/gangstasino.net\\\/it\\\/accesso-e-registrazione\\\/#breadcrumb\",\"itemListElement\":[{\"@type\":\"ListItem\",\"position\":1,\"name\":\"Gangstasino\",\"item\":\"https:\\\/\\\/gangstasino.net\\\/it\\\/\"},{\"@type\":\"ListItem\",\"position\":2,\"name\":\"Accesso e Registrazione\"}]},{\"@type\":\"WebSite\",\"@id\":\"https:\\\/\\\/gangstasino.net\\\/it\\\/#website\",\"url\":\"https:\\\/\\\/gangstasino.net\\\/it\\\/\",\"name\":\"Gangstasino\",\"description\":\"\",\"publisher\":{\"@id\":\"https:\\\/\\\/gangstasino.net\\\/it\\\/#organization\"},\"potentialAction\":[{\"@type\":\"SearchAction\",\"target\":{\"@type\":\"EntryPoint\",\"urlTemplate\":\"https:\\\/\\\/gangstasino.net\\\/it\\\/?s={search_term_string}\"},\"query-input\":{\"@type\":\"PropertyValueSpecification\",\"valueRequired\":true,\"valueName\":\"search_term_string\"}}],\"inLanguage\":\"it-IT\"},{\"@type\":\"Organization\",\"@id\":\"https:\\\/\\\/gangstasino.net\\\/it\\\/#organization\",\"name\":\"Gangstasino\",\"url\":\"https:\\\/\\\/gangstasino.net\\\/it\\\/\",\"logo\":{\"@type\":\"ImageObject\",\"inLanguage\":\"it-IT\",\"@id\":\"https:\\\/\\\/gangstasino.net\\\/it\\\/#\\\/schema\\\/logo\\\/image\\\/\",\"url\":\"https:\\\/\\\/gangstasino.net\\\/wp-content\\\/uploads\\\/2025\\\/08\\\/80u1FaquEZeR6OUTeJCc.png\",\"contentUrl\":\"https:\\\/\\\/gangstasino.net\\\/wp-content\\\/uploads\\\/2025\\\/08\\\/80u1FaquEZeR6OUTeJCc.png\",\"width\":152,\"height\":35,\"caption\":\"Gangstasino\"},\"image\":{\"@id\":\"https:\\\/\\\/gangstasino.net\\\/it\\\/#\\\/schema\\\/logo\\\/image\\\/\"}}]}<\/script>\n<!-- \/ Yoast SEO plugin. -->","yoast_head_json":{"title":"Gangstasino Login \u2013 Accesso all\u2019Account e Registrazione","description":"Gangstasino login o crea il tuo account in pochi passi. Gestisci verifica, recupero password e impostazioni del profilo in modo sicuro e rapido su Gangstasino Casino.","robots":{"index":"index","follow":"follow","max-snippet":"max-snippet:-1","max-image-preview":"max-image-preview:large","max-video-preview":"max-video-preview:-1"},"canonical":"https:\/\/gangstasino.net\/it\/accesso-e-registrazione\/","og_locale":"it_IT","og_type":"article","og_title":"Gangstasino Login \u2013 Accesso all\u2019Account e Registrazione","og_description":"Gangstasino login o crea il tuo account in pochi passi. Gestisci verifica, recupero password e impostazioni del profilo in modo sicuro e rapido su Gangstasino Casino.","og_url":"https:\/\/gangstasino.net\/it\/accesso-e-registrazione\/","og_site_name":"gangstasino","article_modified_time":"2025-10-28T15:28:40+00:00","twitter_card":"summary_large_image","twitter_misc":{"Est. reading time":"1 minute"},"schema":{"@context":"https:\/\/schema.org","@graph":[{"@type":"WebPage","@id":"https:\/\/gangstasino.net\/it\/accesso-e-registrazione\/","url":"https:\/\/gangstasino.net\/it\/accesso-e-registrazione\/","name":"Gangstasino Login \u2013 Accesso all\u2019Account e Registrazione","isPartOf":{"@id":"https:\/\/gangstasino.net\/it\/#website"},"datePublished":"2025-10-28T09:40:03+00:00","dateModified":"2025-10-28T15:28:40+00:00","description":"Gangstasino login o crea il tuo account in pochi passi. Gestisci verifica, recupero password e impostazioni del profilo in modo sicuro e rapido su Gangstasino Casino.","breadcrumb":{"@id":"https:\/\/gangstasino.net\/it\/accesso-e-registrazione\/#breadcrumb"},"inLanguage":"it-IT","potentialAction":[{"@type":"ReadAction","target":["https:\/\/gangstasino.net\/it\/accesso-e-registrazione\/"]}]},{"@type":"BreadcrumbList","@id":"https:\/\/gangstasino.net\/it\/accesso-e-registrazione\/#breadcrumb","itemListElement":[{"@type":"ListItem","position":1,"name":"Gangstasino","item":"https:\/\/gangstasino.net\/it\/"},{"@type":"ListItem","position":2,"name":"Accesso e Registrazione"}]},{"@type":"WebSite","@id":"https:\/\/gangstasino.net\/it\/#website","url":"https:\/\/gangstasino.net\/it\/","name":"Gangstasino","description":"","publisher":{"@id":"https:\/\/gangstasino.net\/it\/#organization"},"potentialAction":[{"@type":"SearchAction","target":{"@type":"EntryPoint","urlTemplate":"https:\/\/gangstasino.net\/it\/?s={search_term_string}"},"query-input":{"@type":"PropertyValueSpecification","valueRequired":true,"valueName":"search_term_string"}}],"inLanguage":"it-IT"},{"@type":"Organization","@id":"https:\/\/gangstasino.net\/it\/#organization","name":"Gangstasino","url":"https:\/\/gangstasino.net\/it\/","logo":{"@type":"ImageObject","inLanguage":"it-IT","@id":"https:\/\/gangstasino.net\/it\/#\/schema\/logo\/image\/","url":"https:\/\/gangstasino.net\/wp-content\/uploads\/2025\/08\/80u1FaquEZeR6OUTeJCc.png","contentUrl":"https:\/\/gangstasino.net\/wp-content\/uploads\/2025\/08\/80u1FaquEZeR6OUTeJCc.png","width":152,"height":35,"caption":"Gangstasino"},"image":{"@id":"https:\/\/gangstasino.net\/it\/#\/schema\/logo\/image\/"}}]}},"_links":{"self":[{"href":"https:\/\/gangstasino.net\/it\/wp-json\/wp\/v2\/pages\/1494","targetHints":{"allow":["GET"]}}],"collection":[{"href":"https:\/\/gangstasino.net\/it\/wp-json\/wp\/v2\/pages"}],"about":[{"href":"https:\/\/gangstasino.net\/it\/wp-json\/wp\/v2\/types\/page"}],"author":[{"embeddable":true,"href":"https:\/\/gangstasino.net\/it\/wp-json\/wp\/v2\/users\/1"}],"replies":[{"embeddable":true,"href":"https:\/\/gangstasino.net\/it\/wp-json\/wp\/v2\/comments?post=1494"}],"version-history":[{"count":2,"href":"https:\/\/gangstasino.net\/it\/wp-json\/wp\/v2\/pages\/1494\/revisions"}],"predecessor-version":[{"id":1862,"href":"https:\/\/gangstasino.net\/it\/wp-json\/wp\/v2\/pages\/1494\/revisions\/1862"}],"wp:attachment":[{"href":"https:\/\/gangstasino.net\/it\/wp-json\/wp\/v2\/media?parent=1494"}],"curies":[{"name":"wp","href":"https:\/\/api.w.org\/{rel}","templated":true}]}}