{"id":1438,"date":"2025-10-28T09:25:24","date_gmt":"2025-10-28T09:25:24","guid":{"rendered":"https:\/\/gangstasino.net\/app\/"},"modified":"2025-10-28T15:26:35","modified_gmt":"2025-10-28T15:26:35","slug":"app","status":"publish","type":"page","link":"https:\/\/gangstasino.net\/it\/app\/","title":{"rendered":"App"},"content":{"rendered":"<h1>Gangstasino app<\/h1>\n<p>La Gangstasino app offre a tutti i nostri giocatori italiani un&#8217;esperienza di gioco mobile fluida e senza ritardi, il che significa che possono giocare ai loro giochi da casin\u00f2 online preferiti in qualsiasi momento e ovunque si trovino senza dover portare con s\u00e9 un PC: facile e portatile. La nostra app \u00e8 compatibile con le piattaforme Android e iOS e offre un accesso veloce e comodo, pagamenti sicuri e un&#8217;interfaccia intuitiva. Non c&#8217;\u00e8 dubbio che abbiamo creato l&#8217;app perfetta per tutti coloro che desiderano giocare nel modo pi\u00f9 comodo e diversificato possibile.<\/p>\n<div class=\"banner-wrap\" aria-label=\"Banner\"><img src=\"https:\/\/gangstasino.net\/wp-content\/uploads\/2025\/08\/bAKGkEHsly0esFrKSJw.png\" class=\"w-100 d-none d-lg-block img-pc main-banner-img\" alt=\"gangstasino bonus desktop\" fetchpriority=\"high\" decoding=\"async\"><img src=\"https:\/\/gangstasino.net\/wp-content\/uploads\/2025\/10\/Gangstasino-bonus-mobile.webp\" class=\"w-100 d-none d-md-block d-lg-none main-banner-img\" alt=\"gangstasino bonus mobile\" fetchpriority=\"high\" decoding=\"async\"><img src=\"https:\/\/gangstasino.net\/wp-content\/uploads\/2025\/10\/Gangstasino-bonus-mobile.webp\" class=\"w-100 d-md-none\" alt=\"gangstasino bonus mobile\" fetchpriority=\"high\" decoding=\"async\"><div class=\"banner-description\">\n<div class=\"banner-title\">Bonus di Benvenuto<\/div>\n<p class=\"banner-header-title\">1500 \u20ac<\/p>\n<div class=\"banner-header-AdditionalText\">+ 250 Giri Gratuiti<\/div>\n<button data-item=\"homepage_banner_link\" class=\"goto m-button m-gradient-border m-button--primary m-button--large banner-button btn-orange\">\n            <div class=\"m-button-content\">\n                <span>Registrati ora<\/span>\n                <span><\/span>\n            <\/div>\n        <\/button>\n<\/div>\n<div class=\"WelcomePack\">\n<p><img loading=\"lazy\" decoding=\"async\" class=\"alignnone size-full wp-image-1379\" src=\"https:\/\/gangstasino.net\/wp-content\/uploads\/2025\/10\/welcome-crown.svg\" alt=\"crown\" width=\"25\" height=\"26\" \/><\/p>\n<div class=\"WelcomePack-Info\">Cashback Settimanale fino al 25%<\/div>\n<p><img loading=\"lazy\" decoding=\"async\" class=\"alignnone size-full wp-image-1379\" src=\"https:\/\/gangstasino.net\/wp-content\/uploads\/2025\/10\/welcome-crown.svg\" alt=\"crown\" width=\"25\" height=\"26\" \/><\/p>\n<\/div>\n<\/div>\n<h2>Funzionalit\u00e0 dell&#8217;app mobile Gangstasino<\/h2>\n<p>L&#8217;app Gangstasino \u00e8 stata progettata dal nostro team di sviluppatori professionisti in modo tale da offrire una visualizzazione di gioco eccezionale, orientata al 3D per i dispositivi mobili. \u00c8 nuova, non noiosa, veloce, sicura e conveniente. Il suo eccezionale sfondo \u00e8 costituito da pulsanti e schede ben studiati che si adattano a qualsiasi dimensione dello schermo. La nostra vasta gamma di slot online e giochi da tavolo ha un aspetto fantastico, con una grafica ben progettata, e la nostra navigazione web imita la versione desktop. I giocatori possono facilmente depositare e prelevare i propri fondi. Sono approvati vari metodi di pagamento. Nell&#8217;applicazione \u00e8 presente anche un processo di verifica per i primi prelievi, che rende le transazioni sicure e rispetta i requisiti normativi.<\/p>\n<p>Il team di assistenza di Gangsta Sino lavora senza sosta ed \u00e8 disponibile 24 ore su 24, 7 giorni su 7, tramite live chat per rispondere tempestivamente a qualsiasi domanda o problema tecnico. Il nostro casin\u00f2 mobile \u00e8 orientato alle prestazioni, con un gameplay fluido e facile da usare per tutti gli smartphone e i tablet: \u00e8 stato testato tecnologicamente e ha dimostrato di funzionare. Offriamo offerte speciali e bonus di ogni tipo per rendere il tuo gioco ancora pi\u00f9 intrigante.<\/p>\n<p><div style=\"clear: both\"><\/div><div class=\"d-flex justify-content-center\"><button data-item=\"decouvrez_link\" data-group=\"website_links\" class=\"goto fw-bold rounded-pill btn btn-orange\" aria-label=\"Scarica l&#039;app Gangstasino\" >Scarica l&#039;app Gangstasino<\/button><\/div><div class=\"scrollable-content-wrap my-5\"><div class=\"scrollable-content-inner\"><h2>App Gangstasino per sistema operativo Android<\/h2>\n<p>La versione Android di Gangsta Sino \u00e8 una Progressive Web App (abbreviata in \u201cPWA\u201d), che consente agli utenti di giocare al casin\u00f2 senza dover scaricare file APK di grandi dimensioni. Siamo certi che sia molto pi\u00f9 sicuro rispetto alla ricerca e al caricamento dei comuni file \u201c.exe\u201d. Il nostro approccio garantisce un&#8217;installazione pi\u00f9 rapida, un basso consumo della batteria e la massima sicurezza. Quindi, tutto ci\u00f2 che i nostri utenti devono fare per installare l&#8217;app Gangstasino sul sistema Android \u00e8 trovare il pulsante &#8220;Casino App&#8221; nella parte inferiore della pagina principale e scegliere di installarla: basta scorrere verso il basso e sar\u00e0 visibile. Dopo l&#8217;installazione, verr\u00e0 visualizzata un&#8217;icona sulla schermata iniziale, attraverso la quale sar\u00e0 possibile accedere immediatamente alla piattaforma.<\/p>\n<p>La versione Android ha tutte le funzioni di base: trasferimento di soldi veri, accesso ai nostri giochi e anche notifiche su nuove promozioni o aggiornamenti. Il design dell&#8217;app \u00e8 simile a quello della versione desktop, cos\u00ec puoi giocare come al solito.<\/p>\n<table>\n<tbody>\n<tr>\n<td>Caratteristica<\/td>\n<td>Descrizione<\/td>\n<\/tr>\n<tr>\n<td>Compatibilit\u00e0<\/td>\n<td>Android, iOS, desktop<\/td>\n<\/tr>\n<tr>\n<td>Tipo di applicazione<\/td>\n<td>Applicazioni web progressive (PWA), versioni mobili e desktop<\/td>\n<\/tr>\n<tr>\n<td>Installazione<\/td>\n<td>Tramite browser, aggiungi alla schermata iniziale, non sono necessari APK o download dallo store<\/td>\n<\/tr>\n<tr>\n<td>Sicurezza<\/td>\n<td>Protocolli moderni, aggiornamento automatico<\/td>\n<\/tr>\n<tr>\n<td>Funzionalit\u00e0<\/td>\n<td>Tutti i giochi del casin\u00f2<\/td>\n<\/tr>\n<tr>\n<td>Assistenza<\/td>\n<td>Chat live e assistenza tecnica 24 ore su 24, 7 giorni su 7<\/td>\n<\/tr>\n<\/tbody>\n<\/table>\n<h3>Gangsta Sino APK e PWA<\/h3>\n<p>Gangstasino Casino non utilizza pi\u00f9 i comuni file APK; come abbiamo detto sopra, offriamo ai nostri giocatori una Progressive Web App. \u00c8 sicura, leggera e semplice da installare. Elimina la necessit\u00e0 di scaricare manualmente i file APK, il che riduce i rischi per la sicurezza e rende pi\u00f9 facile controllare tutto. \u00c8 possibile aggiungere la PWA direttamente nel browser, semplicemente seguendo le istruzioni sul nostro sito dopo aver cliccato su &#8220;Installa&#8221;, che consentono di configurare tutto e giocare immediatamente. In questo modo sar\u00e0 garantito l&#8217;aggiornamento automatico, cos\u00ec i nostri giocatori potranno sempre accedere alle nostre ultime funzionalit\u00e0 e ai nostri giochi senza doverlo fare manualmente. La nostra Gangsta Sino PWA \u00e8 intelligente e ottimizzata, offrendo elevate velocit\u00e0 di caricamento e un gameplay reattivo su tutti i dispositivi Android.<\/p>\n<p><img loading=\"lazy\" decoding=\"async\" class=\"alignnone size-full wp-image-1390\" src=\"https:\/\/gangstasino.net\/wp-content\/uploads\/2025\/10\/Ganstasino-App-Android.webp\" alt=\"Ganstasino App Android\" width=\"1248\" height=\"536\" srcset=\"https:\/\/gangstasino.net\/wp-content\/uploads\/2025\/10\/Ganstasino-App-Android.webp 1248w, https:\/\/gangstasino.net\/wp-content\/uploads\/2025\/10\/Ganstasino-App-Android-300x129.webp 300w, https:\/\/gangstasino.net\/wp-content\/uploads\/2025\/10\/Ganstasino-App-Android-1024x440.webp 1024w, https:\/\/gangstasino.net\/wp-content\/uploads\/2025\/10\/Ganstasino-App-Android-768x330.webp 768w\" sizes=\"auto, (max-width: 1248px) 100vw, 1248px\" \/><\/p>\n<\/div><\/div><div style=\"clear: both\"><\/div><div class=\"d-flex justify-content-center\"><button data-item=\"decouvrez_link\" data-group=\"website_links\" class=\"goto fw-bold rounded-pill btn btn-orange\" aria-label=\"Scarica Gangstasino\" >Scarica Gangstasino<\/button><\/div><div class=\"scrollable-content-wrap my-5\"><div class=\"scrollable-content-inner\"><h2>App Gangstasino per Apple iOS<\/h2>\n<p>Per tutti gli amanti del marchio Apple, Gangstasino Casino ha creato un casin\u00f2 mobile personalizzato con un&#8217;icona di collegamento e una schermata iniziale. Per installare la PWA, \u00e8 sufficiente aggiungerla alla schermata iniziale tramite il menu Condividi in Safari. Ci vorranno solo pochi minuti e sulla schermata iniziale del dispositivo verr\u00e0 visualizzata un&#8217;icona che consentir\u00e0 di accedere facilmente al casin\u00f2.<\/p>\n<p>I passaggi principali dell&#8217;installazione sono i seguenti:<\/p>\n<ol>\n<li>Clicca sul pulsante &#8220;App Casin\u00f2&#8221; in fondo alla pagina principale.<\/li>\n<li>Aggiungi la PWA al tuo browser Safari.<\/li>\n<li>Avvialo e sei pronto per giocare.<\/li>\n<\/ol>\n<p>Il file APK non \u00e8 necessario per questo processo. Gli aggiornamenti saranno automatici, senza la tua presenza. La piattaforma iOS non perde le sue funzionalit\u00e0 e avr\u00e0 tutte le nostre slot online, i giochi da tavolo, il casin\u00f2 dal vivo e le opzioni di pagamento sicure, il tutto visualizzato in modo ottimale. Il design del gioco \u00e8 completamente ottimizzato per iPhone e iPad in modo che il gioco non subisca rallentamenti, e siamo veloci anche in termini di elaborazione delle transazioni mobili; tutto \u00e8 protetto dalla versione crittografata del Secure Sockets Layer, che garantisce la sicurezza a Gangsta Sino.<\/p>\n<p><img loading=\"lazy\" decoding=\"async\" class=\"alignnone size-full wp-image-1391\" src=\"https:\/\/gangstasino.net\/wp-content\/uploads\/2025\/10\/Ganstasino-App-iOS.webp\" alt=\"Ganstasino App iOS\" width=\"1248\" height=\"536\" srcset=\"https:\/\/gangstasino.net\/wp-content\/uploads\/2025\/10\/Ganstasino-App-iOS.webp 1248w, https:\/\/gangstasino.net\/wp-content\/uploads\/2025\/10\/Ganstasino-App-iOS-300x129.webp 300w, https:\/\/gangstasino.net\/wp-content\/uploads\/2025\/10\/Ganstasino-App-iOS-1024x440.webp 1024w, https:\/\/gangstasino.net\/wp-content\/uploads\/2025\/10\/Ganstasino-App-iOS-768x330.webp 768w\" sizes=\"auto, (max-width: 1248px) 100vw, 1248px\" \/><\/p>\n<\/div><\/div><div style=\"clear: both\"><\/div><div class=\"d-flex justify-content-center\"><button data-item=\"decouvrez_link\" data-group=\"website_links\" class=\"goto fw-bold rounded-pill btn btn-orange\" aria-label=\"Scarica l&#039;app Gangstasino\" >Scarica l&#039;app Gangstasino<\/button><\/div><div class=\"scrollable-content-wrap my-5\"><div class=\"scrollable-content-inner\"><h2>Applicazione desktop Gangstasino Casino<\/h2>\n<p>Oltre alle soluzioni mobili, Gangstasino Casino dispone anche di un&#8217;applicazione desktop. \u00c8 simile a quella mobile. La nostra versione desktop \u00e8 disponibile su qualsiasi browser moderno. Consente di accedere al gioco completo, gestire il proprio account ed effettuare pagamenti sicuri. Per garantire una comodit\u00e0 ancora maggiore, i nostri utenti possono aggiungere un collegamento a Gangstasino casino sul proprio desktop, che consente loro di accedere facilmente alla piattaforma senza dover utilizzare il browser per scorrere su e gi\u00f9 un sacco di volte.<\/p>\n<p>La versione desktop di Gangsta Sino offrir\u00e0 la stessa grafica di alta qualit\u00e0 e la stessa interfaccia utente della versione mobile. Siamo orgogliosi di offrire un&#8217;esperienza di gioco coerente su tutti i dispositivi: basta scegliere quello che si preferisce. Il team di assistenza \u00e8 disponibile come sempre tramite live chat e pu\u00f2 essere contattato per offrire aiuto ogni volta che \u00e8 necessario.<\/p>\n<p><img loading=\"lazy\" decoding=\"async\" class=\"alignnone size-full wp-image-1392\" src=\"https:\/\/gangstasino.net\/wp-content\/uploads\/2025\/10\/Ganstasino-App-Windows.webp\" alt=\"Ganstasino App Windows\" width=\"1248\" height=\"536\" srcset=\"https:\/\/gangstasino.net\/wp-content\/uploads\/2025\/10\/Ganstasino-App-Windows.webp 1248w, https:\/\/gangstasino.net\/wp-content\/uploads\/2025\/10\/Ganstasino-App-Windows-300x129.webp 300w, https:\/\/gangstasino.net\/wp-content\/uploads\/2025\/10\/Ganstasino-App-Windows-1024x440.webp 1024w, https:\/\/gangstasino.net\/wp-content\/uploads\/2025\/10\/Ganstasino-App-Windows-768x330.webp 768w\" sizes=\"auto, (max-width: 1248px) 100vw, 1248px\" \/><\/p>\n<\/div><\/div><div style=\"clear: both\"><\/div><div class=\"d-flex justify-content-center\"><button data-item=\"decouvrez_link\" data-group=\"website_links\" class=\"goto fw-bold rounded-pill btn btn-orange\" aria-label=\"Scarica Gangstasino\" >Scarica Gangstasino<\/button><\/div><div class=\"scrollable-content-wrap my-5\"><div class=\"scrollable-content-inner\"><h2>Domande frequenti<\/h2>\n<h3>Dove si trovano le impostazioni dell&#8217;account nell&#8217;app Gangstasino?<\/h3>\n<p>L&#8217;app Gangstasino dispone di impostazioni dell&#8217;account accessibili cliccando sul menu principale, solitamente situato nell&#8217;angolo superiore dell&#8217;applicazione. Tutti i giocatori possono aggiornare le informazioni personali, i piani di pagamento, le autenticazioni e le scelte.<\/p>\n<h3>Tutti i giochi sono disponibili nelle app per dispositivi mobili e desktop?<\/h3>\n<p>Come la versione standard, l&#8217;app Gangstasino Casino garantisce che tutti i giochi disponibili sulla nostra piattaforma desktop possano essere giocati tramite la nostra applicazione mobile: tutte le slot online, il casin\u00f2 live, i giochi da tavolo e i crash game. Potrai sicuramente partecipare ai tornei come al solito. La piattaforma \u00e8 ottimizzata per un gameplay fluido su tutti i dispositivi.<\/p>\n<h3>Come risolvere il problema con l&#8217;app Gangstasino Casino?<\/h3>\n<p>In caso di problemi, contatta il nostro team di assistenza tramite la live chat, disponibile 24 ore su 24, 7 giorni su 7. Il nostro team di assistenza clienti \u00e8 stato formato per risolvere il pi\u00f9 rapidamente possibile eventuali problemi tecnici, come quelli relativi all&#8217;accesso a un gioco, all&#8217;esecuzione di transazioni o al malfunzionamento dell&#8217;app.<\/p>\n<h3>Come scaricare l&#8217;app Gangstasino Casino ?<\/h3>\n<p>Il nostro casin\u00f2 mobile \u00e8 disponibile su Android e iOS tramite una PWA. Con Android, basta selezionare l&#8217;opzione di installazione nel footer. Nel caso di iOS, aggiungi la nostra PWA alla schermata iniziale tramite la funzione &#8220;Aggiungi alla schermata iniziale&#8221; di Safari. Non \u00e8 necessario importare o scaricare alcun file APK manuale n\u00e9 utilizzare alcun app store, se non lo desideri.<\/p>\n<\/div><\/div><\/p>\n","protected":false},"excerpt":{"rendered":"<p>Gangstasino app La Gangstasino app offre a tutti i nostri giocatori italiani un&#8217;esperienza di gioco mobile fluida e senza ritardi, il che significa che possono giocare ai loro giochi da casin\u00f2 online preferiti in qualsiasi momento e ovunque si trovino senza dover portare con s\u00e9 un PC: facile e portatile. La nostra app \u00e8 compatibile [&hellip;]<\/p>\n","protected":false},"author":1,"featured_media":0,"parent":0,"menu_order":0,"comment_status":"closed","ping_status":"closed","template":"template-builder.php","meta":{"_acf_changed":false,"inline_featured_image":false,"footnotes":""},"class_list":["post-1438","page","type-page","status-publish","hentry"],"acf":[],"yoast_head":"<!-- This site is optimized with the Yoast SEO plugin v27.3 - https:\/\/yoast.com\/product\/yoast-seo-wordpress\/ -->\n<title>Gangstasino App per Mobile \u2013 iOS, Android | Download<\/title>\n<meta name=\"description\" content=\"Installa Gangstasino App su iOS e Android per accedere a oltre 6000 giochi del casin\u00f2 in qualsiasi momento. Prestazioni fluide, sincronizzazione account e supporto 24\/7 \u2013 tutto in Gangstasino App.\" \/>\n<meta name=\"robots\" content=\"index, follow, max-snippet:-1, max-image-preview:large, max-video-preview:-1\" \/>\n<link rel=\"canonical\" href=\"https:\/\/gangstasino.net\/it\/app\/\" \/>\n<meta property=\"og:locale\" content=\"it_IT\" \/>\n<meta property=\"og:type\" content=\"article\" \/>\n<meta property=\"og:title\" content=\"Gangstasino App per Mobile \u2013 iOS, Android | Download\" \/>\n<meta property=\"og:description\" content=\"Installa Gangstasino App su iOS e Android per accedere a oltre 6000 giochi del casin\u00f2 in qualsiasi momento. Prestazioni fluide, sincronizzazione account e supporto 24\/7 \u2013 tutto in Gangstasino App.\" \/>\n<meta property=\"og:url\" content=\"https:\/\/gangstasino.net\/it\/app\/\" \/>\n<meta property=\"og:site_name\" content=\"gangstasino\" \/>\n<meta property=\"article:modified_time\" content=\"2025-10-28T15:26:35+00:00\" \/>\n<meta name=\"twitter:card\" content=\"summary_large_image\" \/>\n<meta name=\"twitter:label1\" content=\"Est. reading time\" \/>\n\t<meta name=\"twitter:data1\" content=\"2 minutes\" \/>\n<script type=\"application\/ld+json\" class=\"yoast-schema-graph\">{\"@context\":\"https:\\\/\\\/schema.org\",\"@graph\":[{\"@type\":\"WebPage\",\"@id\":\"https:\\\/\\\/gangstasino.net\\\/it\\\/app\\\/\",\"url\":\"https:\\\/\\\/gangstasino.net\\\/it\\\/app\\\/\",\"name\":\"Gangstasino App per Mobile \u2013 iOS, Android | Download\",\"isPartOf\":{\"@id\":\"https:\\\/\\\/gangstasino.net\\\/it\\\/#website\"},\"datePublished\":\"2025-10-28T09:25:24+00:00\",\"dateModified\":\"2025-10-28T15:26:35+00:00\",\"description\":\"Installa Gangstasino App su iOS e Android per accedere a oltre 6000 giochi del casin\u00f2 in qualsiasi momento. Prestazioni fluide, sincronizzazione account e supporto 24\\\/7 \u2013 tutto in Gangstasino App.\",\"breadcrumb\":{\"@id\":\"https:\\\/\\\/gangstasino.net\\\/it\\\/app\\\/#breadcrumb\"},\"inLanguage\":\"it-IT\",\"potentialAction\":[{\"@type\":\"ReadAction\",\"target\":[\"https:\\\/\\\/gangstasino.net\\\/it\\\/app\\\/\"]}]},{\"@type\":\"BreadcrumbList\",\"@id\":\"https:\\\/\\\/gangstasino.net\\\/it\\\/app\\\/#breadcrumb\",\"itemListElement\":[{\"@type\":\"ListItem\",\"position\":1,\"name\":\"Gangstasino\",\"item\":\"https:\\\/\\\/gangstasino.net\\\/it\\\/\"},{\"@type\":\"ListItem\",\"position\":2,\"name\":\"App\"}]},{\"@type\":\"WebSite\",\"@id\":\"https:\\\/\\\/gangstasino.net\\\/it\\\/#website\",\"url\":\"https:\\\/\\\/gangstasino.net\\\/it\\\/\",\"name\":\"Gangstasino\",\"description\":\"\",\"publisher\":{\"@id\":\"https:\\\/\\\/gangstasino.net\\\/it\\\/#organization\"},\"potentialAction\":[{\"@type\":\"SearchAction\",\"target\":{\"@type\":\"EntryPoint\",\"urlTemplate\":\"https:\\\/\\\/gangstasino.net\\\/it\\\/?s={search_term_string}\"},\"query-input\":{\"@type\":\"PropertyValueSpecification\",\"valueRequired\":true,\"valueName\":\"search_term_string\"}}],\"inLanguage\":\"it-IT\"},{\"@type\":\"Organization\",\"@id\":\"https:\\\/\\\/gangstasino.net\\\/it\\\/#organization\",\"name\":\"Gangstasino\",\"url\":\"https:\\\/\\\/gangstasino.net\\\/it\\\/\",\"logo\":{\"@type\":\"ImageObject\",\"inLanguage\":\"it-IT\",\"@id\":\"https:\\\/\\\/gangstasino.net\\\/it\\\/#\\\/schema\\\/logo\\\/image\\\/\",\"url\":\"https:\\\/\\\/gangstasino.net\\\/wp-content\\\/uploads\\\/2025\\\/08\\\/80u1FaquEZeR6OUTeJCc.png\",\"contentUrl\":\"https:\\\/\\\/gangstasino.net\\\/wp-content\\\/uploads\\\/2025\\\/08\\\/80u1FaquEZeR6OUTeJCc.png\",\"width\":152,\"height\":35,\"caption\":\"Gangstasino\"},\"image\":{\"@id\":\"https:\\\/\\\/gangstasino.net\\\/it\\\/#\\\/schema\\\/logo\\\/image\\\/\"}}]}<\/script>\n<!-- \/ Yoast SEO plugin. -->","yoast_head_json":{"title":"Gangstasino App per Mobile \u2013 iOS, Android | Download","description":"Installa Gangstasino App su iOS e Android per accedere a oltre 6000 giochi del casin\u00f2 in qualsiasi momento. Prestazioni fluide, sincronizzazione account e supporto 24\/7 \u2013 tutto in Gangstasino App.","robots":{"index":"index","follow":"follow","max-snippet":"max-snippet:-1","max-image-preview":"max-image-preview:large","max-video-preview":"max-video-preview:-1"},"canonical":"https:\/\/gangstasino.net\/it\/app\/","og_locale":"it_IT","og_type":"article","og_title":"Gangstasino App per Mobile \u2013 iOS, Android | Download","og_description":"Installa Gangstasino App su iOS e Android per accedere a oltre 6000 giochi del casin\u00f2 in qualsiasi momento. Prestazioni fluide, sincronizzazione account e supporto 24\/7 \u2013 tutto in Gangstasino App.","og_url":"https:\/\/gangstasino.net\/it\/app\/","og_site_name":"gangstasino","article_modified_time":"2025-10-28T15:26:35+00:00","twitter_card":"summary_large_image","twitter_misc":{"Est. reading time":"2 minutes"},"schema":{"@context":"https:\/\/schema.org","@graph":[{"@type":"WebPage","@id":"https:\/\/gangstasino.net\/it\/app\/","url":"https:\/\/gangstasino.net\/it\/app\/","name":"Gangstasino App per Mobile \u2013 iOS, Android | Download","isPartOf":{"@id":"https:\/\/gangstasino.net\/it\/#website"},"datePublished":"2025-10-28T09:25:24+00:00","dateModified":"2025-10-28T15:26:35+00:00","description":"Installa Gangstasino App su iOS e Android per accedere a oltre 6000 giochi del casin\u00f2 in qualsiasi momento. Prestazioni fluide, sincronizzazione account e supporto 24\/7 \u2013 tutto in Gangstasino App.","breadcrumb":{"@id":"https:\/\/gangstasino.net\/it\/app\/#breadcrumb"},"inLanguage":"it-IT","potentialAction":[{"@type":"ReadAction","target":["https:\/\/gangstasino.net\/it\/app\/"]}]},{"@type":"BreadcrumbList","@id":"https:\/\/gangstasino.net\/it\/app\/#breadcrumb","itemListElement":[{"@type":"ListItem","position":1,"name":"Gangstasino","item":"https:\/\/gangstasino.net\/it\/"},{"@type":"ListItem","position":2,"name":"App"}]},{"@type":"WebSite","@id":"https:\/\/gangstasino.net\/it\/#website","url":"https:\/\/gangstasino.net\/it\/","name":"Gangstasino","description":"","publisher":{"@id":"https:\/\/gangstasino.net\/it\/#organization"},"potentialAction":[{"@type":"SearchAction","target":{"@type":"EntryPoint","urlTemplate":"https:\/\/gangstasino.net\/it\/?s={search_term_string}"},"query-input":{"@type":"PropertyValueSpecification","valueRequired":true,"valueName":"search_term_string"}}],"inLanguage":"it-IT"},{"@type":"Organization","@id":"https:\/\/gangstasino.net\/it\/#organization","name":"Gangstasino","url":"https:\/\/gangstasino.net\/it\/","logo":{"@type":"ImageObject","inLanguage":"it-IT","@id":"https:\/\/gangstasino.net\/it\/#\/schema\/logo\/image\/","url":"https:\/\/gangstasino.net\/wp-content\/uploads\/2025\/08\/80u1FaquEZeR6OUTeJCc.png","contentUrl":"https:\/\/gangstasino.net\/wp-content\/uploads\/2025\/08\/80u1FaquEZeR6OUTeJCc.png","width":152,"height":35,"caption":"Gangstasino"},"image":{"@id":"https:\/\/gangstasino.net\/it\/#\/schema\/logo\/image\/"}}]}},"_links":{"self":[{"href":"https:\/\/gangstasino.net\/it\/wp-json\/wp\/v2\/pages\/1438","targetHints":{"allow":["GET"]}}],"collection":[{"href":"https:\/\/gangstasino.net\/it\/wp-json\/wp\/v2\/pages"}],"about":[{"href":"https:\/\/gangstasino.net\/it\/wp-json\/wp\/v2\/types\/page"}],"author":[{"embeddable":true,"href":"https:\/\/gangstasino.net\/it\/wp-json\/wp\/v2\/users\/1"}],"replies":[{"embeddable":true,"href":"https:\/\/gangstasino.net\/it\/wp-json\/wp\/v2\/comments?post=1438"}],"version-history":[{"count":3,"href":"https:\/\/gangstasino.net\/it\/wp-json\/wp\/v2\/pages\/1438\/revisions"}],"predecessor-version":[{"id":1860,"href":"https:\/\/gangstasino.net\/it\/wp-json\/wp\/v2\/pages\/1438\/revisions\/1860"}],"wp:attachment":[{"href":"https:\/\/gangstasino.net\/it\/wp-json\/wp\/v2\/media?parent=1438"}],"curies":[{"name":"wp","href":"https:\/\/api.w.org\/{rel}","templated":true}]}}