{"id":1432,"date":"2025-10-28T09:25:24","date_gmt":"2025-10-28T09:25:24","guid":{"rendered":"https:\/\/gangstasino.net\/app\/"},"modified":"2025-12-23T20:03:58","modified_gmt":"2025-12-23T20:03:58","slug":"app","status":"publish","type":"page","link":"https:\/\/gangstasino.net\/fr\/app\/","title":{"rendered":"App"},"content":{"rendered":"<h1>Gangstasino application<\/h1>\n<p>La Gangstasino app offre \u00e0 tous nos joueurs une exp\u00e9rience de jeu mobile fluide et sans latence, ce qui signifie qu&rsquo;ils peuvent jouer \u00e0 leurs jeux de casino en ligne pr\u00e9f\u00e9r\u00e9s \u00e0 tout moment et en tout lieu sans avoir \u00e0 transporter leur PC, pour plus de facilit\u00e9 et de portabilit\u00e9. Notre application est compatible avec les plateformes Android et iOS et vise \u00e0 offrir un acc\u00e8s rapide et pratique, des paiements s\u00e9curis\u00e9s et une interface conviviale. N&rsquo;h\u00e9sitez pas, nous avons cr\u00e9\u00e9 l&rsquo;application qui est la solution parfaite pour tous ceux qui veulent jouer de la mani\u00e8re la plus pratique et la plus vari\u00e9e possible.<\/p>\n<div class=\"banner-wrap\" aria-label=\"Banner\"><img src=\"https:\/\/gangstasino.net\/wp-content\/uploads\/2025\/08\/bAKGkEHsly0esFrKSJw.png\" class=\"w-100 d-none d-lg-block img-pc main-banner-img\" alt=\"gangstasino bonus desktop\" fetchpriority=\"high\" decoding=\"async\"><img src=\"https:\/\/gangstasino.net\/wp-content\/uploads\/2025\/10\/Gangstasino-bonus-mobile.webp\" class=\"w-100 d-none d-md-block d-lg-none main-banner-img\" alt=\"gangstasino bonus mobile\" fetchpriority=\"high\" decoding=\"async\"><img src=\"https:\/\/gangstasino.net\/wp-content\/uploads\/2025\/10\/Gangstasino-bonus-mobile.webp\" class=\"w-100 d-md-none\" alt=\"gangstasino bonus mobile\" fetchpriority=\"high\" decoding=\"async\"><div class=\"banner-description\">\n<div class=\"banner-title\">Bonus de bienvenue<\/div>\n<p class=\"banner-header-title\">1000 \u20ac<\/p>\n<div class=\"banner-header-AdditionalText\">+ 100 Tours Gratuits<\/div>\n<button data-item=\"homepage_banner_link\" class=\"goto m-button m-gradient-border m-button--primary m-button--large banner-button btn-orange\">\n            <div class=\"m-button-content\">\n                <span>Inscrivez-vous d\u00e8s maintenant<\/span>\n                <span><\/span>\n            <\/div>\n        <\/button>\n<\/div>\n<div class=\"WelcomePack\">\n<p><img loading=\"lazy\" decoding=\"async\" class=\"alignnone size-full wp-image-1379\" src=\"https:\/\/gangstasino.net\/wp-content\/uploads\/2025\/10\/welcome-crown.svg\" alt=\"crown\" width=\"25\" height=\"26\" \/><\/p>\n<div class=\"WelcomePack-Info\">Cashback hebdomadaire jusqu&rsquo;\u00e0 25%<\/div>\n<p><img loading=\"lazy\" decoding=\"async\" class=\"alignnone size-full wp-image-1379\" src=\"https:\/\/gangstasino.net\/wp-content\/uploads\/2025\/10\/welcome-crown.svg\" alt=\"crown\" width=\"25\" height=\"26\" \/><\/p>\n<\/div>\n<\/div>\n<h2>Fonctionnalit\u00e9s mobiles de l&rsquo;application Gangstasino<\/h2>\n<p>L&rsquo;application Gangstasino a \u00e9t\u00e9 con\u00e7ue par notre \u00e9quipe de d\u00e9veloppeurs professionnels de mani\u00e8re \u00e0 offrir un affichage exceptionnel des jeux, en 3D et adapt\u00e9 aux appareils mobiles. Elle est nouvelle, originale, rapide, s\u00e9curis\u00e9e et pratique. Son arri\u00e8re-plan exceptionnel se compose de boutons et d&rsquo;onglets bien pens\u00e9s qui s&rsquo;adaptent \u00e0 toutes les tailles d&rsquo;\u00e9cran. Notre large gamme de machines \u00e0 sous et de jeux de table en ligne est tr\u00e8s esth\u00e9tique, avec des graphismes bien con\u00e7us, et notre navigation web imite la version de bureau. Les joueurs peuvent facilement d\u00e9poser et retirer leurs fonds. Diverses m\u00e9thodes de paiement sont approuv\u00e9es. Il existe \u00e9galement un processus de v\u00e9rification pour les premiers retraits dans l&rsquo;application, ce qui rend les transactions s\u00e9curis\u00e9es et conforme aux exigences r\u00e9glementaires.<\/p>\n<p>L&rsquo;\u00e9quipe d&rsquo;assistance Gangsta Sino travaille sans rel\u00e2che et est disponible 24 heures sur 24, 7 jours sur 7, via le chat en direct pour r\u00e9pondre rapidement \u00e0 toutes vos questions ou probl\u00e8mes techniques. Notre casino mobile est ax\u00e9 sur la performance, avec un gameplay fluide et facile \u00e0 utiliser pour tous les smartphones et tablettes. Il a \u00e9t\u00e9 test\u00e9 et \u00e9prouv\u00e9 sur le plan technologique. Nous proposons des offres sp\u00e9ciales et toutes sortes de bonus pour rendre votre exp\u00e9rience de jeu encore plus passionnante.<\/p>\n<p><div style=\"clear: both\"><\/div><div class=\"d-flex justify-content-center\"><button data-item=\"decouvrez_link\" data-group=\"website_links\" class=\"goto fw-bold rounded-pill btn btn-orange\" aria-label=\"T\u00e9l\u00e9chargez l&#039;application Gangstasino\" >T\u00e9l\u00e9chargez l&#039;application Gangstasino<\/button><\/div><div class=\"scrollable-content-wrap my-5\"><div class=\"scrollable-content-inner\"><h2>Application Gangstasino pour Android OS<\/h2>\n<p>La version Android de Gangsta Sino est une application web progressive (appel\u00e9e \u00ab PWA \u00bb), qui permet aux utilisateurs de jouer au casino sans avoir \u00e0 t\u00e9l\u00e9charger de gros fichiers APK. Nous sommes convaincus que cette solution est beaucoup plus s\u00fbre que la recherche et le chargement de fichiers \u201c.exe\u201d classiques. Notre approche offre une installation plus rapide, une faible consommation de batterie et une s\u00e9curit\u00e9 maximale. Ainsi, pour installer l&rsquo;application Gangstasino sur le syst\u00e8me Android, il suffit \u00e0 nos utilisateurs de trouver le bouton \u00ab Casino App \u00bb en bas de la page principale et de choisir de l&rsquo;installer. Il suffit de faire d\u00e9filer la page vers le bas pour le voir. Apr\u00e8s l&rsquo;installation, une ic\u00f4ne appara\u00eet sur l&rsquo;\u00e9cran d&rsquo;accueil, qui permet d&rsquo;acc\u00e9der instantan\u00e9ment \u00e0 la plateforme.<\/p>\n<p>La version Android dispose de toutes les fonctionnalit\u00e9s de base : transfert d&rsquo;argent r\u00e9el, accessibilit\u00e9 \u00e0 nos jeux et notifications concernant les nouvelles promotions ou mises \u00e0 jour. Le design de l&rsquo;application est similaire \u00e0 celui de la version pour ordinateur, ce qui garantit des sessions de jeu identiques et famili\u00e8res.<\/p>\n<table>\n<tbody>\n<tr>\n<td>Fonctionnalit\u00e9<\/td>\n<td>Description<\/td>\n<\/tr>\n<tr>\n<td>Compatibilit\u00e9<\/td>\n<td>Android, iOS, ordinateur de bureau<\/td>\n<\/tr>\n<tr>\n<td>Type d&rsquo;application<\/td>\n<td>Applications web progressives (PWA), versions mobiles et de bureau<\/td>\n<\/tr>\n<tr>\n<td>Installation<\/td>\n<td>Via le navigateur, ajoutez-le \u00e0 l&rsquo;\u00e9cran d&rsquo;accueil, aucun t\u00e9l\u00e9chargement d&rsquo;APK ou de boutique n&rsquo;est n\u00e9cessaire.<\/td>\n<\/tr>\n<tr>\n<td>S\u00e9curit\u00e9<\/td>\n<td>Protocoles modernes, mise \u00e0 jour automatique<\/td>\n<\/tr>\n<tr>\n<td>Fonctionnalit\u00e9<\/td>\n<td>Tous les jeux du casino<\/td>\n<\/tr>\n<tr>\n<td>Assistance<\/td>\n<td>Chat en direct et assistance technique 24 h\/24, 7 j\/7<\/td>\n<\/tr>\n<\/tbody>\n<\/table>\n<h3>Gangsta Sino APK et PWA<\/h3>\n<p>Gangstasino Casino n&rsquo;utilise plus les fichiers APK courants ; comme nous l&rsquo;avons mentionn\u00e9 ci-dessus, nous proposons \u00e0 nos joueurs une application web progressive. Elle est s\u00e9curis\u00e9e, l\u00e9g\u00e8re et simple \u00e0 installer. Elle supprime la n\u00e9cessit\u00e9 de t\u00e9l\u00e9charger manuellement les fichiers APK, ce qui att\u00e9nue les risques de s\u00e9curit\u00e9 et facilite le contr\u00f4le de l&rsquo;ensemble. Vous pouvez ajouter l&rsquo;application web progressive directement dans le navigateur, en suivant simplement les instructions sur notre site apr\u00e8s avoir cliqu\u00e9 sur \u00ab Installer \u00bb, ce qui vous permet de tout configurer et de jouer imm\u00e9diatement. Cela garantit une mise \u00e0 jour automatique, afin que nos joueurs puissent toujours acc\u00e9der \u00e0 nos derni\u00e8res fonctionnalit\u00e9s et \u00e0 nos derniers jeux sans avoir \u00e0 le faire manuellement. Notre Gangsta Sino PWA est intelligente et optimis\u00e9e, offrant des vitesses de chargement \u00e9lev\u00e9es et un gameplay r\u00e9actif sur tous les appareils Android.<\/p>\n<p><img loading=\"lazy\" decoding=\"async\" class=\"alignnone size-full wp-image-1390\" src=\"https:\/\/gangstasino.net\/wp-content\/uploads\/2025\/10\/Ganstasino-App-Android.webp\" alt=\"Ganstasino App Android\" width=\"1248\" height=\"536\" srcset=\"https:\/\/gangstasino.net\/wp-content\/uploads\/2025\/10\/Ganstasino-App-Android.webp 1248w, https:\/\/gangstasino.net\/wp-content\/uploads\/2025\/10\/Ganstasino-App-Android-300x129.webp 300w, https:\/\/gangstasino.net\/wp-content\/uploads\/2025\/10\/Ganstasino-App-Android-1024x440.webp 1024w, https:\/\/gangstasino.net\/wp-content\/uploads\/2025\/10\/Ganstasino-App-Android-768x330.webp 768w\" sizes=\"auto, (max-width: 1248px) 100vw, 1248px\" \/><\/p>\n<\/div><\/div><div style=\"clear: both\"><\/div><div class=\"d-flex justify-content-center\"><button data-item=\"decouvrez_link\" data-group=\"website_links\" class=\"goto fw-bold rounded-pill btn btn-orange\" aria-label=\"T\u00e9l\u00e9charger Gangstasino\" >T\u00e9l\u00e9charger Gangstasino<\/button><\/div><div class=\"scrollable-content-wrap my-5\"><div class=\"scrollable-content-inner\"><h2>Application Gangstasino pour Apple iOS<\/h2>\n<p>Pour tous les amateurs de la marque Apple, Gangstasino Casino a cr\u00e9\u00e9 un casino mobile personnalis\u00e9 avec une ic\u00f4ne de raccourci et un \u00e9cran d&rsquo;accueil. Pour installer la PWA, il suffit de l&rsquo;ajouter \u00e0 l&rsquo;\u00e9cran d&rsquo;accueil via le menu Partager dans Safari. Cela ne prendra que quelques minutes et laissera une ic\u00f4ne sur l&rsquo;\u00e9cran d&rsquo;accueil de votre appareil qui vous permettra d&rsquo;acc\u00e9der facilement au casino.<\/p>\n<p>Les principales \u00e9tapes de l&rsquo;installation sont les suivantes :<\/p>\n<ol>\n<li>Cliquez sur le bouton \u00ab Application Casino \u00bb tout en bas de la page principale.<\/li>\n<li>Ajoutez l&rsquo;application web progressive (PWA) \u00e0 votre navigateur Safari.<\/li>\n<li>Lancez-le et vous \u00eates pr\u00eat \u00e0 jouer.<\/li>\n<\/ol>\n<p>Le fichier APK n&rsquo;est pas n\u00e9cessaire pour ce processus. Les mises \u00e0 jour seront automatiques, sans votre intervention. La plateforme iOS ne perd pas ses capacit\u00e9s et proposera toutes nos machines \u00e0 sous en ligne, nos jeux de table, notre casino en direct et nos options de paiement s\u00e9curis\u00e9es, le tout tr\u00e8s bien pr\u00e9sent\u00e9. La conception du jeu est enti\u00e8rement optimis\u00e9e pour les iPhones et les iPads afin que le jeu ne soit pas ralenti, et nous sommes \u00e9galement rapides en termes de traitement des transactions mobiles ; tout est s\u00e9curis\u00e9 par la version crypt\u00e9e du Secure Sockets Layer, qui assure la s\u00e9curit\u00e9 de Gangsta Sino.<\/p>\n<p><img loading=\"lazy\" decoding=\"async\" class=\"alignnone size-full wp-image-1391\" src=\"https:\/\/gangstasino.net\/wp-content\/uploads\/2025\/10\/Ganstasino-App-iOS.webp\" alt=\"Ganstasino App iOS\" width=\"1248\" height=\"536\" srcset=\"https:\/\/gangstasino.net\/wp-content\/uploads\/2025\/10\/Ganstasino-App-iOS.webp 1248w, https:\/\/gangstasino.net\/wp-content\/uploads\/2025\/10\/Ganstasino-App-iOS-300x129.webp 300w, https:\/\/gangstasino.net\/wp-content\/uploads\/2025\/10\/Ganstasino-App-iOS-1024x440.webp 1024w, https:\/\/gangstasino.net\/wp-content\/uploads\/2025\/10\/Ganstasino-App-iOS-768x330.webp 768w\" sizes=\"auto, (max-width: 1248px) 100vw, 1248px\" \/><\/p>\n<\/div><\/div><div style=\"clear: both\"><\/div><div class=\"d-flex justify-content-center\"><button data-item=\"decouvrez_link\" data-group=\"website_links\" class=\"goto fw-bold rounded-pill btn btn-orange\" aria-label=\"T\u00e9l\u00e9chargez l&#039;application Gangstasino\" >T\u00e9l\u00e9chargez l&#039;application Gangstasino<\/button><\/div><div class=\"scrollable-content-wrap my-5\"><div class=\"scrollable-content-inner\"><h2>Application de bureau Gangstasino Casino<\/h2>\n<p>Outre les solutions mobiles, Gangstasino Casino propose \u00e9galement une application pour ordinateur. Elle est similaire \u00e0 la version mobile. Notre version pour ordinateur de bureau est disponible dans tous les navigateurs modernes. Elle permet d&rsquo;acc\u00e9der \u00e0 l&rsquo;int\u00e9gralit\u00e9 du jeu, de g\u00e9rer votre compte et d&rsquo;effectuer des paiements s\u00e9curis\u00e9s. Pour encore plus de commodit\u00e9, nos utilisateurs peuvent ajouter un raccourci vers Gangstasino casino sur leur bureau, ce qui leur permet d&rsquo;acc\u00e9der facilement \u00e0 la plateforme sans avoir \u00e0 utiliser le navigateur pour faire d\u00e9filer la page \u00e0 plusieurs reprises.<\/p>\n<p>Notre version bureau Gangsta Sino offrira les m\u00eames graphismes et interface utilisateur de haute qualit\u00e9 que la version mobile. Nous sommes fiers de proposer une exp\u00e9rience de jeu coh\u00e9rente sur tous les appareils : il vous suffit de choisir celui qui vous convient le mieux. L&rsquo;\u00e9quipe d&rsquo;assistance est disponible comme d&rsquo;habitude via le chat en direct et peut \u00eatre contact\u00e9e pour vous aider \u00e0 tout moment.<\/p>\n<p><img loading=\"lazy\" decoding=\"async\" class=\"alignnone size-full wp-image-1392\" src=\"https:\/\/gangstasino.net\/wp-content\/uploads\/2025\/10\/Ganstasino-App-Windows.webp\" alt=\"Ganstasino App Windows\" width=\"1248\" height=\"536\" srcset=\"https:\/\/gangstasino.net\/wp-content\/uploads\/2025\/10\/Ganstasino-App-Windows.webp 1248w, https:\/\/gangstasino.net\/wp-content\/uploads\/2025\/10\/Ganstasino-App-Windows-300x129.webp 300w, https:\/\/gangstasino.net\/wp-content\/uploads\/2025\/10\/Ganstasino-App-Windows-1024x440.webp 1024w, https:\/\/gangstasino.net\/wp-content\/uploads\/2025\/10\/Ganstasino-App-Windows-768x330.webp 768w\" sizes=\"auto, (max-width: 1248px) 100vw, 1248px\" \/><\/p>\n<\/div><\/div><div style=\"clear: both\"><\/div><div class=\"d-flex justify-content-center\"><button data-item=\"decouvrez_link\" data-group=\"website_links\" class=\"goto fw-bold rounded-pill btn btn-orange\" aria-label=\"T\u00e9l\u00e9charger Gangstasino\" >T\u00e9l\u00e9charger Gangstasino<\/button><\/div><div class=\"scrollable-content-wrap my-5\"><div class=\"scrollable-content-inner\"><h2>FAQ<\/h2>\n<h3>O\u00f9 se trouvent les param\u00e8tres du compte dans l&rsquo;application Gangstasino ?<\/h3>\n<p>L&rsquo;application Gangstasino dispose de param\u00e8tres de compte accessibles en cliquant sur le menu principal, g\u00e9n\u00e9ralement situ\u00e9 dans le coin sup\u00e9rieur de l&rsquo;application. Tous les joueurs peuvent y mettre \u00e0 jour leurs informations personnelles, leurs modes de paiement, leurs authentifications et leurs choix.<\/p>\n<h3>Tous les jeux sont-ils disponibles dans les applications mobiles et de bureau ?<\/h3>\n<p>Tout comme la version standard, l&rsquo;app Gangstasino Casino garantit que tous les jeux disponibles sur notre plateforme de bureau peuvent \u00eatre jou\u00e9s via notre application mobile : toutes les machines \u00e0 sous en ligne, le casino en direct, les jeux de table et les jeux crash. Vous pouvez bien s\u00fbr participer aux tournois comme d&rsquo;habitude. La plateforme est optimis\u00e9e pour un gameplay fluide sur tous les appareils.<\/p>\n<h3>Comment r\u00e9soudre le probl\u00e8me avec l&rsquo;application Gangstasino Casino ?<\/h3>\n<p>Si vous rencontrez des probl\u00e8mes, veuillez contacter notre \u00e9quipe d&rsquo;assistance via le chat en direct, disponible 24h\/24 et 7j\/7. Notre \u00e9quipe d&rsquo;assistance \u00e0 la client\u00e8le a \u00e9t\u00e9 form\u00e9e pour r\u00e9soudre le plus rapidement possible les probl\u00e8mes techniques, tels que ceux li\u00e9s \u00e0 l&rsquo;acc\u00e8s \u00e0 un jeu, \u00e0 l&rsquo;ex\u00e9cution de transactions ou au dysfonctionnement de l&rsquo;application.<\/p>\n<h3>Comment t\u00e9l\u00e9charger l&rsquo;application Gangstasino Casino ?<\/h3>\n<p>Notre casino mobile est disponible sur Android et iOS OS via une PWA. Avec Android, il suffit de choisir l&rsquo;option d&rsquo;installation en bas de page. Dans le cas d&rsquo;iOS, ajoutez notre PWA \u00e0 l&rsquo;\u00e9cran d&rsquo;accueil via la fonction \u00ab Ajouter \u00e0 l&rsquo;\u00e9cran d&rsquo;accueil \u00bb de Safari. Il n&rsquo;est pas n\u00e9cessaire d&rsquo;importer ou de t\u00e9l\u00e9charger un fichier APK manuel ni d&rsquo;utiliser un magasin d&rsquo;applications si vous ne le souhaitez pas.<\/p>\n<\/div><\/div><\/p>\n","protected":false},"excerpt":{"rendered":"<p>Gangstasino application La Gangstasino app offre \u00e0 tous nos joueurs une exp\u00e9rience de jeu mobile fluide et sans latence, ce qui signifie qu&rsquo;ils peuvent jouer \u00e0 leurs jeux de casino en ligne pr\u00e9f\u00e9r\u00e9s \u00e0 tout moment et en tout lieu sans avoir \u00e0 transporter leur PC, pour plus de facilit\u00e9 et de portabilit\u00e9. Notre application [&hellip;]<\/p>\n","protected":false},"author":1,"featured_media":0,"parent":0,"menu_order":0,"comment_status":"closed","ping_status":"closed","template":"template-builder.php","meta":{"_acf_changed":false,"inline_featured_image":false,"footnotes":""},"class_list":["post-1432","page","type-page","status-publish","hentry"],"acf":[],"yoast_head":"<!-- This site is optimized with the Yoast SEO plugin v27.3 - https:\/\/yoast.com\/product\/yoast-seo-wordpress\/ -->\n<title>Gangstasino App pour Mobile \u2013 iOS, Android | T\u00e9l\u00e9chargement<\/title>\n<meta name=\"description\" content=\"Installez Gangstasino App sur iOS et Android pour profiter de plus de 6000 jeux de casino \u00e0 tout moment. Performances fluides, synchronisation du compte et assistance 24\/7 \u2013 tout dans Gangstasino App.\" \/>\n<meta name=\"robots\" content=\"index, follow, max-snippet:-1, max-image-preview:large, max-video-preview:-1\" \/>\n<link rel=\"canonical\" href=\"https:\/\/gangstasino.net\/fr\/app\/\" \/>\n<meta property=\"og:locale\" content=\"fr_FR\" \/>\n<meta property=\"og:type\" content=\"article\" \/>\n<meta property=\"og:title\" content=\"Gangstasino App pour Mobile \u2013 iOS, Android | T\u00e9l\u00e9chargement\" \/>\n<meta property=\"og:description\" content=\"Installez Gangstasino App sur iOS et Android pour profiter de plus de 6000 jeux de casino \u00e0 tout moment. Performances fluides, synchronisation du compte et assistance 24\/7 \u2013 tout dans Gangstasino App.\" \/>\n<meta property=\"og:url\" content=\"https:\/\/gangstasino.net\/fr\/app\/\" \/>\n<meta property=\"og:site_name\" content=\"gangstasino\" \/>\n<meta property=\"article:modified_time\" content=\"2025-12-23T20:03:58+00:00\" \/>\n<meta name=\"twitter:card\" content=\"summary_large_image\" \/>\n<meta name=\"twitter:label1\" content=\"Dur\u00e9e de lecture estim\u00e9e\" \/>\n\t<meta name=\"twitter:data1\" content=\"2 minutes\" \/>\n<script type=\"application\/ld+json\" class=\"yoast-schema-graph\">{\"@context\":\"https:\\\/\\\/schema.org\",\"@graph\":[{\"@type\":\"WebPage\",\"@id\":\"https:\\\/\\\/gangstasino.net\\\/fr\\\/app\\\/\",\"url\":\"https:\\\/\\\/gangstasino.net\\\/fr\\\/app\\\/\",\"name\":\"Gangstasino App pour Mobile \u2013 iOS, Android | T\u00e9l\u00e9chargement\",\"isPartOf\":{\"@id\":\"https:\\\/\\\/gangstasino.net\\\/fr\\\/#website\"},\"datePublished\":\"2025-10-28T09:25:24+00:00\",\"dateModified\":\"2025-12-23T20:03:58+00:00\",\"description\":\"Installez Gangstasino App sur iOS et Android pour profiter de plus de 6000 jeux de casino \u00e0 tout moment. Performances fluides, synchronisation du compte et assistance 24\\\/7 \u2013 tout dans Gangstasino App.\",\"breadcrumb\":{\"@id\":\"https:\\\/\\\/gangstasino.net\\\/fr\\\/app\\\/#breadcrumb\"},\"inLanguage\":\"fr-FR\",\"potentialAction\":[{\"@type\":\"ReadAction\",\"target\":[\"https:\\\/\\\/gangstasino.net\\\/fr\\\/app\\\/\"]}]},{\"@type\":\"BreadcrumbList\",\"@id\":\"https:\\\/\\\/gangstasino.net\\\/fr\\\/app\\\/#breadcrumb\",\"itemListElement\":[{\"@type\":\"ListItem\",\"position\":1,\"name\":\"Gangstasino\",\"item\":\"https:\\\/\\\/gangstasino.net\\\/fr\\\/\"},{\"@type\":\"ListItem\",\"position\":2,\"name\":\"App\"}]},{\"@type\":\"WebSite\",\"@id\":\"https:\\\/\\\/gangstasino.net\\\/fr\\\/#website\",\"url\":\"https:\\\/\\\/gangstasino.net\\\/fr\\\/\",\"name\":\"Gangstasino\",\"description\":\"\",\"publisher\":{\"@id\":\"https:\\\/\\\/gangstasino.net\\\/fr\\\/#organization\"},\"potentialAction\":[{\"@type\":\"SearchAction\",\"target\":{\"@type\":\"EntryPoint\",\"urlTemplate\":\"https:\\\/\\\/gangstasino.net\\\/fr\\\/?s={search_term_string}\"},\"query-input\":{\"@type\":\"PropertyValueSpecification\",\"valueRequired\":true,\"valueName\":\"search_term_string\"}}],\"inLanguage\":\"fr-FR\"},{\"@type\":\"Organization\",\"@id\":\"https:\\\/\\\/gangstasino.net\\\/fr\\\/#organization\",\"name\":\"Gangstasino\",\"url\":\"https:\\\/\\\/gangstasino.net\\\/fr\\\/\",\"logo\":{\"@type\":\"ImageObject\",\"inLanguage\":\"fr-FR\",\"@id\":\"https:\\\/\\\/gangstasino.net\\\/fr\\\/#\\\/schema\\\/logo\\\/image\\\/\",\"url\":\"https:\\\/\\\/gangstasino.net\\\/wp-content\\\/uploads\\\/2025\\\/08\\\/80u1FaquEZeR6OUTeJCc.png\",\"contentUrl\":\"https:\\\/\\\/gangstasino.net\\\/wp-content\\\/uploads\\\/2025\\\/08\\\/80u1FaquEZeR6OUTeJCc.png\",\"width\":152,\"height\":35,\"caption\":\"Gangstasino\"},\"image\":{\"@id\":\"https:\\\/\\\/gangstasino.net\\\/fr\\\/#\\\/schema\\\/logo\\\/image\\\/\"}}]}<\/script>\n<!-- \/ Yoast SEO plugin. -->","yoast_head_json":{"title":"Gangstasino App pour Mobile \u2013 iOS, Android | T\u00e9l\u00e9chargement","description":"Installez Gangstasino App sur iOS et Android pour profiter de plus de 6000 jeux de casino \u00e0 tout moment. Performances fluides, synchronisation du compte et assistance 24\/7 \u2013 tout dans Gangstasino App.","robots":{"index":"index","follow":"follow","max-snippet":"max-snippet:-1","max-image-preview":"max-image-preview:large","max-video-preview":"max-video-preview:-1"},"canonical":"https:\/\/gangstasino.net\/fr\/app\/","og_locale":"fr_FR","og_type":"article","og_title":"Gangstasino App pour Mobile \u2013 iOS, Android | T\u00e9l\u00e9chargement","og_description":"Installez Gangstasino App sur iOS et Android pour profiter de plus de 6000 jeux de casino \u00e0 tout moment. Performances fluides, synchronisation du compte et assistance 24\/7 \u2013 tout dans Gangstasino App.","og_url":"https:\/\/gangstasino.net\/fr\/app\/","og_site_name":"gangstasino","article_modified_time":"2025-12-23T20:03:58+00:00","twitter_card":"summary_large_image","twitter_misc":{"Dur\u00e9e de lecture estim\u00e9e":"2 minutes"},"schema":{"@context":"https:\/\/schema.org","@graph":[{"@type":"WebPage","@id":"https:\/\/gangstasino.net\/fr\/app\/","url":"https:\/\/gangstasino.net\/fr\/app\/","name":"Gangstasino App pour Mobile \u2013 iOS, Android | T\u00e9l\u00e9chargement","isPartOf":{"@id":"https:\/\/gangstasino.net\/fr\/#website"},"datePublished":"2025-10-28T09:25:24+00:00","dateModified":"2025-12-23T20:03:58+00:00","description":"Installez Gangstasino App sur iOS et Android pour profiter de plus de 6000 jeux de casino \u00e0 tout moment. Performances fluides, synchronisation du compte et assistance 24\/7 \u2013 tout dans Gangstasino App.","breadcrumb":{"@id":"https:\/\/gangstasino.net\/fr\/app\/#breadcrumb"},"inLanguage":"fr-FR","potentialAction":[{"@type":"ReadAction","target":["https:\/\/gangstasino.net\/fr\/app\/"]}]},{"@type":"BreadcrumbList","@id":"https:\/\/gangstasino.net\/fr\/app\/#breadcrumb","itemListElement":[{"@type":"ListItem","position":1,"name":"Gangstasino","item":"https:\/\/gangstasino.net\/fr\/"},{"@type":"ListItem","position":2,"name":"App"}]},{"@type":"WebSite","@id":"https:\/\/gangstasino.net\/fr\/#website","url":"https:\/\/gangstasino.net\/fr\/","name":"Gangstasino","description":"","publisher":{"@id":"https:\/\/gangstasino.net\/fr\/#organization"},"potentialAction":[{"@type":"SearchAction","target":{"@type":"EntryPoint","urlTemplate":"https:\/\/gangstasino.net\/fr\/?s={search_term_string}"},"query-input":{"@type":"PropertyValueSpecification","valueRequired":true,"valueName":"search_term_string"}}],"inLanguage":"fr-FR"},{"@type":"Organization","@id":"https:\/\/gangstasino.net\/fr\/#organization","name":"Gangstasino","url":"https:\/\/gangstasino.net\/fr\/","logo":{"@type":"ImageObject","inLanguage":"fr-FR","@id":"https:\/\/gangstasino.net\/fr\/#\/schema\/logo\/image\/","url":"https:\/\/gangstasino.net\/wp-content\/uploads\/2025\/08\/80u1FaquEZeR6OUTeJCc.png","contentUrl":"https:\/\/gangstasino.net\/wp-content\/uploads\/2025\/08\/80u1FaquEZeR6OUTeJCc.png","width":152,"height":35,"caption":"Gangstasino"},"image":{"@id":"https:\/\/gangstasino.net\/fr\/#\/schema\/logo\/image\/"}}]}},"_links":{"self":[{"href":"https:\/\/gangstasino.net\/fr\/wp-json\/wp\/v2\/pages\/1432","targetHints":{"allow":["GET"]}}],"collection":[{"href":"https:\/\/gangstasino.net\/fr\/wp-json\/wp\/v2\/pages"}],"about":[{"href":"https:\/\/gangstasino.net\/fr\/wp-json\/wp\/v2\/types\/page"}],"author":[{"embeddable":true,"href":"https:\/\/gangstasino.net\/fr\/wp-json\/wp\/v2\/users\/1"}],"replies":[{"embeddable":true,"href":"https:\/\/gangstasino.net\/fr\/wp-json\/wp\/v2\/comments?post=1432"}],"version-history":[{"count":4,"href":"https:\/\/gangstasino.net\/fr\/wp-json\/wp\/v2\/pages\/1432\/revisions"}],"predecessor-version":[{"id":2060,"href":"https:\/\/gangstasino.net\/fr\/wp-json\/wp\/v2\/pages\/1432\/revisions\/2060"}],"wp:attachment":[{"href":"https:\/\/gangstasino.net\/fr\/wp-json\/wp\/v2\/media?parent=1432"}],"curies":[{"name":"wp","href":"https:\/\/api.w.org\/{rel}","templated":true}]}}