{"id":1496,"date":"2025-10-28T09:40:03","date_gmt":"2025-10-28T09:40:03","guid":{"rendered":"https:\/\/gangstasino.net\/login-and-registration\/"},"modified":"2025-10-29T07:13:34","modified_gmt":"2025-10-29T07:13:34","slug":"inicio-de-sesion-y-registro","status":"publish","type":"page","link":"https:\/\/gangstasino.net\/es\/inicio-de-sesion-y-registro\/","title":{"rendered":"Inicio de sesi\u00f3n y registro"},"content":{"rendered":"<h1>Inicio de sesi\u00f3n y registro en Gangstasino<\/h1>\n<p>El Gangstasino login garantiza un acceso r\u00e1pido a tu cuenta, y el sistema de registro se asegura de que nuestros nuevos usuarios espa\u00f1oles dispongan de todos los medios necesarios para convertirse en miembros de nuestra comunidad cibern\u00e9tica y empezar a jugar de inmediato. En Gangstasino Casino, organizamos un sistema seguro y fluido para que nuestros jugadores puedan participar en una gran variedad de actividades y torneos de juego de lo m\u00e1s interesantes.<\/p>\n<p><div class=\"banner-wrap\" aria-label=\"Banner\"><img src=\"https:\/\/gangstasino.net\/wp-content\/uploads\/2025\/08\/bAKGkEHsly0esFrKSJw.png\" class=\"w-100 d-none d-lg-block img-pc main-banner-img\" alt=\"gangstasino bonus desktop\" fetchpriority=\"high\" decoding=\"async\"><img src=\"https:\/\/gangstasino.net\/wp-content\/uploads\/2025\/10\/Gangstasino-bonus-mobile.webp\" class=\"w-100 d-none d-md-block d-lg-none main-banner-img\" alt=\"gangstasino bonus mobile\" fetchpriority=\"high\" decoding=\"async\"><img src=\"https:\/\/gangstasino.net\/wp-content\/uploads\/2025\/10\/Gangstasino-bonus-mobile.webp\" class=\"w-100 d-md-none\" alt=\"gangstasino bonus mobile\" fetchpriority=\"high\" decoding=\"async\"><div class=\"banner-description\">\n<div class=\"banner-title\">Bonos de Bienvenida<\/div>\n<p class=\"banner-header-title\">1500 \u20ac<\/p>\n<div class=\"banner-header-AdditionalText\">+ 250 Giros Gratis<\/div>\n<button data-item=\"homepage_banner_link\" class=\"goto m-button m-gradient-border m-button--primary m-button--large banner-button btn-orange\">\n            <div class=\"m-button-content\">\n                <span>Reg\u00edstrate Ahora<\/span>\n                <span><\/span>\n            <\/div>\n        <\/button>\n<\/div>\n<div class=\"WelcomePack\">\n<p><img loading=\"lazy\" decoding=\"async\" class=\"alignnone size-full wp-image-1379\" src=\"https:\/\/gangstasino.net\/wp-content\/uploads\/2025\/10\/welcome-crown.svg\" alt=\"crown\" width=\"25\" height=\"26\" \/><\/p>\n<div class=\"WelcomePack-Info\">Cashback Semanal hasta 25%<\/div>\n<p><img loading=\"lazy\" decoding=\"async\" class=\"alignnone size-full wp-image-1379\" src=\"https:\/\/gangstasino.net\/wp-content\/uploads\/2025\/10\/welcome-crown.svg\" alt=\"crown\" width=\"25\" height=\"26\" \/><\/p>\n<\/div>\n<\/div><div class=\"scrollable-content-wrap my-5\"><div class=\"scrollable-content-inner\"><h2>Proceso de registro en Gangstasino Casino<\/h2>\n<p>El registro de una cuenta en Gangstasino Casino es la clave para disfrutar de diversas ventajas: aproveche nuestra oferta de bienvenida, que ahora es de 1500 \u20ac y 250 tiradas gratis. Tiene todo el derecho a aprovechar y disfrutar de nuestras otras ofertas exclusivas y gestionar una cuenta personal, as\u00ed como participar en juegos de casino en vivo y competiciones. El registro en Gangsta Sino est\u00e1 pensado para ser f\u00e1cil y r\u00e1pido, de modo que los nuevos jugadores no tengan que esperar para disfrutar de sus t\u00edtulos favoritos.<\/p>\n<table>\n<tbody>\n<tr>\n<td>Aspecto<\/td>\n<td>Ventajas de iniciar sesi\u00f3n en Gangstasino<\/td>\n<\/tr>\n<tr>\n<td>Paquete de bonificaci\u00f3n de bienvenida<\/td>\n<td>Hasta 1500 \u20ac + 250 tiradas gratis<\/td>\n<\/tr>\n<tr>\n<td>Biblioteca de juegos<\/td>\n<td>Capacidad ilimitada para acceder a la amplia gama de juegos Gangsta Sino.<\/td>\n<\/tr>\n<tr>\n<td>Velocidad<\/td>\n<td>Capacidad para realizar dep\u00f3sitos y retirar fondos de forma segura.<\/td>\n<\/tr>\n<tr>\n<td>Ofertas<\/td>\n<td>Promociones y programas de fidelizaci\u00f3n<\/td>\n<\/tr>\n<tr>\n<td>Soporte multiling\u00fce<\/td>\n<td>Asistencia para usuarios en muchos idiomas<\/td>\n<\/tr>\n<tr>\n<td>Confianza<\/td>\n<td>Gesti\u00f3n sencilla de la cuenta y proceso de verificaci\u00f3n.<\/td>\n<\/tr>\n<\/tbody>\n<\/table>\n<h3>C\u00f3mo crear una cuenta<\/h3>\n<p>Para crear una cuenta en Gangstasino Casino, solo tienes que seguir estos sencillos pasos:<\/p>\n<ol>\n<li>Pulsa el bot\u00f3n Gangsta Sino de registro, que es el m\u00e1s grande y se encuentra junto al bot\u00f3n de inicio de sesi\u00f3n, en la parte superior derecha de nuestra p\u00e1gina de inicio.<\/li>\n<li>Rellena el formulario de registro con tus datos personales: tu direcci\u00f3n de correo electr\u00f3nico y una contrase\u00f1a (ten en cuenta que debe tener al menos seis caracteres).<\/li>\n<li>Registra cualquier c\u00f3digo promocional utilizado para disfrutar de ofertas especiales.<\/li>\n<li>Declare expl\u00edcitamente su edad (tenemos una norma seg\u00fan la cual debe tener al menos 18 a\u00f1os) y acepte nuestros T\u00e9rminos y condiciones y nuestra Pol\u00edtica de privacidad haciendo clic en la casilla correspondiente.<\/li>\n<li>Reg\u00edstrese con el bot\u00f3n para crear una cuenta en Gangstasino Casino.<\/li>\n<li>Recibir\u00e1s un correo electr\u00f3nico de confirmaci\u00f3n en tu bandeja de entrada y deber\u00e1s seguir un enlace para verificar tu cuenta.<\/li>\n<\/ol>\n<p>Esto se puede hacer en pocos minutos, y desde all\u00ed tambi\u00e9n se puede acceder muy r\u00e1pidamente a todas las funciones de Gangstasino Casino.<\/p>\n<h2>Procedimiento de inicio de sesi\u00f3n en Gangstasino<\/h2>\n<p>Los usuarios actuales tienen acceso a sus cuentas a trav\u00e9s del portal de inicio de sesi\u00f3n de Gangstasino. Es un proceso f\u00e1cil y seguro. Todos los jugadores pueden controlar sus cuentas de forma eficaz.<\/p>\n<p>C\u00f3mo completar el inicio de sesi\u00f3n en Gangstasino:<\/p>\n<ol>\n<li>Haga clic en la esquina superior derecha de nuestra p\u00e1gina de inicio Gangsta Sino, en el bot\u00f3n llamado \u00abIniciar sesi\u00f3n\u00bb. Es el que est\u00e1 cerca del bot\u00f3n de registro.<\/li>\n<li>Introduce tu direcci\u00f3n de correo electr\u00f3nico registrada y tu contrase\u00f1a.<\/li>\n<li>Vuelve a hacer clic en \u00abIniciar sesi\u00f3n\u00bb para poder acceder a tu cuenta.<\/li>\n<\/ol>\n<p>Una vez que hayas iniciado sesi\u00f3n en Gangstasino, podr\u00e1s utilizar todas las funciones del casino: depositar dinero, acceder a tu historial de transacciones, actualizar tu informaci\u00f3n personal y chatear las 24 horas del d\u00eda, los 7 d\u00edas de la semana, con nuestro equipo de asistencia. Nuestra plataforma est\u00e1 disponible en varios idiomas, lo que hace que la aplicaci\u00f3n sea accesible para usuarios de todo el mundo.<\/p>\n<h3>\u00bfQu\u00e9 hacer si olvidaste tu contrase\u00f1a?<\/h3>\n<p>En caso de que hayas olvidado la contrase\u00f1a, Gangsta Sino cuenta con un mecanismo de recuperaci\u00f3n r\u00e1pida:<\/p>\n<ol>\n<li>Haga clic en el bot\u00f3n Iniciar sesi\u00f3n en Gangstasino.<\/li>\n<li>Seleccione la opci\u00f3n \u00ab\u00bfOlvid\u00f3 su contrase\u00f1a?\u00bb que aparece a continuaci\u00f3n; es visible.<\/li>\n<li>Escribe tu direcci\u00f3n de correo electr\u00f3nico registrada desde nuestra cuenta Gangsta Sino.<\/li>\n<li>Responde a tu correo electr\u00f3nico. Espera nuestra carta.<\/li>\n<li>Recibe un correo electr\u00f3nico con una contrase\u00f1a nueva.<\/li>\n<li>Haga clic en el enlace para crear una nueva contrase\u00f1a.<\/li>\n<\/ol>\n<p>Ahora ya est\u00e1s de nuevo en marcha y tienes tu cuenta Gangsta Sino totalmente recuperada.<\/p>\n<h2>Verificaci\u00f3n de Gangstasino Casino<\/h2>\n<p>Gangstasino Casino tiene la norma, al igual que todos los casinos leg\u00edtimos, de verificar las cuentas. De esta manera, podemos proteger un entorno de juego justo y permitir retiradas y dep\u00f3sitos. Nuestra verificaci\u00f3n de identidad (KYC) se realiza mediante la subida de documentos espec\u00edficos para validar su identidad y direcci\u00f3n.<\/p>\n<p>Los requisitos de verificaci\u00f3n de Gangsta Sino son los siguientes:<\/p>\n<ul>\n<li>Identificaci\u00f3n autenticada emitida por el Estado (pasaporte, en algunos casos permiso de conducir o documento de identidad, pero el pasaporte es siempre la mejor opci\u00f3n).<\/li>\n<li>Factura de servicios p\u00fablicos\/extracto bancario (con una antig\u00fcedad inferior a 6 meses)<\/li>\n<\/ul>\n<p>Env\u00ede todo eso a nuestro equipo de asistencia multiling\u00fce. Le proporcionaremos cualquier documento adicional que sea necesario, pero normalmente eso es todo.<\/p>\n<p>Resumiendo este proceso:<\/p>\n<ul>\n<li>En el panel de control de tu cuenta, puedes subir f\u00e1cilmente los documentos.<\/li>\n<li>El equipo de asistencia procesa las solicitudes en unas 48 horas, por lo que le rogamos que tenga paciencia.<\/li>\n<li>Una vez aprobada, se le permite realizar retiradas ilimitadas y, en general, su cuenta goza de mayor seguridad.<\/li>\n<\/ul>\n<p>A nadie le gustan este tipo de \u00abpruebas\u00bb, pero nuestro procedimiento de selecci\u00f3n es una medida fundamental para prevenir el fraude y cumplir con las normas legales, y garantiza un campo de juego seguro y claro.<\/p>\n<h2>Preguntas frecuentes<\/h2>\n<h3>Tengo problemas con el registro. \u00bfD\u00f3nde puedo encontrar ayuda?<\/h3>\n<p>Nuestro equipo de asistencia de Gangstasino est\u00e1 capacitado para ofrecer un servicio al cliente multiling\u00fce a trav\u00e9s del chat en vivo y el correo electr\u00f3nico para ayudar a resolver cualquier problema de registro, validaci\u00f3n de cuentas o asistencia t\u00e9cnica.<\/p>\n<h3>\u00bfQu\u00e9 necesito para verificar mi cuenta?<\/h3>\n<p>Para ello, debe enviarnos documentos de identidad v\u00e1lidos escaneados o fotografiados con claridad, as\u00ed como un justificante de domicilio. La documentaci\u00f3n debe estar actualizada y ser legible para que el proceso de revisi\u00f3n sea m\u00e1s r\u00e1pido.<\/p>\n<h3>\u00bfPuedo eliminar o desactivar mi cuenta?<\/h3>\n<p>Nuestros usuarios deben solicitar al equipo de asistencia de Gangstasino que cierre o suspenda temporalmente sus cuentas, mediante correo electr\u00f3nico o la opci\u00f3n de chat en vivo. Esto se hace de manera oportuna, sin violar la privacidad ni las preferencias del usuario. Pero tenga en cuenta que, en caso de cualquier actividad fraudulenta, nos reservamos el derecho de confiscar sus dep\u00f3sitos y bonificaciones.<\/p>\n<h3>\u00bfCu\u00e1les son los ajustes de mi cuenta?<\/h3>\n<p>En la configuraci\u00f3n, puedes actualizar tu informaci\u00f3n personal y los l\u00edmites de dep\u00f3sito y retirada. Tambi\u00e9n puedes consultar el historial de transacciones de Gangstasino en el panel de control de tu cuenta, as\u00ed como las promociones operativas. Si la configuraci\u00f3n no se actualiza al hacer clic o si hay alg\u00fan otro problema, escr\u00edbenos al chat en vivo.<\/p>\n<\/div><\/div><\/p>\n","protected":false},"excerpt":{"rendered":"<p>Inicio de sesi\u00f3n y registro en Gangstasino El Gangstasino login garantiza un acceso r\u00e1pido a tu cuenta, y el sistema de registro se asegura de que nuestros nuevos usuarios espa\u00f1oles dispongan de todos los medios necesarios para convertirse en miembros de nuestra comunidad cibern\u00e9tica y empezar a jugar de inmediato. En Gangstasino Casino, organizamos un [&hellip;]<\/p>\n","protected":false},"author":1,"featured_media":0,"parent":0,"menu_order":0,"comment_status":"closed","ping_status":"closed","template":"template-builder.php","meta":{"_acf_changed":false,"inline_featured_image":false,"footnotes":""},"class_list":["post-1496","page","type-page","status-publish","hentry"],"acf":[],"yoast_head":"<!-- This site is optimized with the Yoast SEO plugin v27.3 - https:\/\/yoast.com\/product\/yoast-seo-wordpress\/ -->\n<title>Gangstasino Login \u2013 Acceso a la Cuenta y Registro<\/title>\n<meta name=\"description\" content=\"Gangstasino login o crea tu cuenta f\u00e1cilmente. Gestiona verificaci\u00f3n, recuperaci\u00f3n de contrase\u00f1a y configuraci\u00f3n de cuenta de forma segura en Gangstasino Casino.\" \/>\n<meta name=\"robots\" content=\"index, follow, max-snippet:-1, max-image-preview:large, max-video-preview:-1\" \/>\n<link rel=\"canonical\" href=\"https:\/\/gangstasino.net\/es\/inicio-de-sesion-y-registro\/\" \/>\n<meta property=\"og:locale\" content=\"es_ES\" \/>\n<meta property=\"og:type\" content=\"article\" \/>\n<meta property=\"og:title\" content=\"Gangstasino Login \u2013 Acceso a la Cuenta y Registro\" \/>\n<meta property=\"og:description\" content=\"Gangstasino login o crea tu cuenta f\u00e1cilmente. Gestiona verificaci\u00f3n, recuperaci\u00f3n de contrase\u00f1a y configuraci\u00f3n de cuenta de forma segura en Gangstasino Casino.\" \/>\n<meta property=\"og:url\" content=\"https:\/\/gangstasino.net\/es\/inicio-de-sesion-y-registro\/\" \/>\n<meta property=\"og:site_name\" content=\"gangstasino\" \/>\n<meta property=\"article:modified_time\" content=\"2025-10-29T07:13:34+00:00\" \/>\n<meta name=\"twitter:card\" content=\"summary_large_image\" \/>\n<meta name=\"twitter:label1\" content=\"Est. reading time\" \/>\n\t<meta name=\"twitter:data1\" content=\"1 minute\" \/>\n<script type=\"application\/ld+json\" class=\"yoast-schema-graph\">{\"@context\":\"https:\\\/\\\/schema.org\",\"@graph\":[{\"@type\":\"WebPage\",\"@id\":\"https:\\\/\\\/gangstasino.net\\\/es\\\/inicio-de-sesion-y-registro\\\/\",\"url\":\"https:\\\/\\\/gangstasino.net\\\/es\\\/inicio-de-sesion-y-registro\\\/\",\"name\":\"Gangstasino Login \u2013 Acceso a la Cuenta y Registro\",\"isPartOf\":{\"@id\":\"https:\\\/\\\/gangstasino.net\\\/es\\\/#website\"},\"datePublished\":\"2025-10-28T09:40:03+00:00\",\"dateModified\":\"2025-10-29T07:13:34+00:00\",\"description\":\"Gangstasino login o crea tu cuenta f\u00e1cilmente. Gestiona verificaci\u00f3n, recuperaci\u00f3n de contrase\u00f1a y configuraci\u00f3n de cuenta de forma segura en Gangstasino Casino.\",\"breadcrumb\":{\"@id\":\"https:\\\/\\\/gangstasino.net\\\/es\\\/inicio-de-sesion-y-registro\\\/#breadcrumb\"},\"inLanguage\":\"es-ES\",\"potentialAction\":[{\"@type\":\"ReadAction\",\"target\":[\"https:\\\/\\\/gangstasino.net\\\/es\\\/inicio-de-sesion-y-registro\\\/\"]}]},{\"@type\":\"BreadcrumbList\",\"@id\":\"https:\\\/\\\/gangstasino.net\\\/es\\\/inicio-de-sesion-y-registro\\\/#breadcrumb\",\"itemListElement\":[{\"@type\":\"ListItem\",\"position\":1,\"name\":\"Gangstasino\",\"item\":\"https:\\\/\\\/gangstasino.net\\\/es\\\/\"},{\"@type\":\"ListItem\",\"position\":2,\"name\":\"Inicio de sesi\u00f3n y registro\"}]},{\"@type\":\"WebSite\",\"@id\":\"https:\\\/\\\/gangstasino.net\\\/es\\\/#website\",\"url\":\"https:\\\/\\\/gangstasino.net\\\/es\\\/\",\"name\":\"Gangstasino\",\"description\":\"\",\"publisher\":{\"@id\":\"https:\\\/\\\/gangstasino.net\\\/es\\\/#organization\"},\"potentialAction\":[{\"@type\":\"SearchAction\",\"target\":{\"@type\":\"EntryPoint\",\"urlTemplate\":\"https:\\\/\\\/gangstasino.net\\\/es\\\/?s={search_term_string}\"},\"query-input\":{\"@type\":\"PropertyValueSpecification\",\"valueRequired\":true,\"valueName\":\"search_term_string\"}}],\"inLanguage\":\"es-ES\"},{\"@type\":\"Organization\",\"@id\":\"https:\\\/\\\/gangstasino.net\\\/es\\\/#organization\",\"name\":\"Gangstasino\",\"url\":\"https:\\\/\\\/gangstasino.net\\\/es\\\/\",\"logo\":{\"@type\":\"ImageObject\",\"inLanguage\":\"es-ES\",\"@id\":\"https:\\\/\\\/gangstasino.net\\\/es\\\/#\\\/schema\\\/logo\\\/image\\\/\",\"url\":\"https:\\\/\\\/gangstasino.net\\\/wp-content\\\/uploads\\\/2025\\\/08\\\/80u1FaquEZeR6OUTeJCc.png\",\"contentUrl\":\"https:\\\/\\\/gangstasino.net\\\/wp-content\\\/uploads\\\/2025\\\/08\\\/80u1FaquEZeR6OUTeJCc.png\",\"width\":152,\"height\":35,\"caption\":\"Gangstasino\"},\"image\":{\"@id\":\"https:\\\/\\\/gangstasino.net\\\/es\\\/#\\\/schema\\\/logo\\\/image\\\/\"}}]}<\/script>\n<!-- \/ Yoast SEO plugin. -->","yoast_head_json":{"title":"Gangstasino Login \u2013 Acceso a la Cuenta y Registro","description":"Gangstasino login o crea tu cuenta f\u00e1cilmente. Gestiona verificaci\u00f3n, recuperaci\u00f3n de contrase\u00f1a y configuraci\u00f3n de cuenta de forma segura en Gangstasino Casino.","robots":{"index":"index","follow":"follow","max-snippet":"max-snippet:-1","max-image-preview":"max-image-preview:large","max-video-preview":"max-video-preview:-1"},"canonical":"https:\/\/gangstasino.net\/es\/inicio-de-sesion-y-registro\/","og_locale":"es_ES","og_type":"article","og_title":"Gangstasino Login \u2013 Acceso a la Cuenta y Registro","og_description":"Gangstasino login o crea tu cuenta f\u00e1cilmente. Gestiona verificaci\u00f3n, recuperaci\u00f3n de contrase\u00f1a y configuraci\u00f3n de cuenta de forma segura en Gangstasino Casino.","og_url":"https:\/\/gangstasino.net\/es\/inicio-de-sesion-y-registro\/","og_site_name":"gangstasino","article_modified_time":"2025-10-29T07:13:34+00:00","twitter_card":"summary_large_image","twitter_misc":{"Est. reading time":"1 minute"},"schema":{"@context":"https:\/\/schema.org","@graph":[{"@type":"WebPage","@id":"https:\/\/gangstasino.net\/es\/inicio-de-sesion-y-registro\/","url":"https:\/\/gangstasino.net\/es\/inicio-de-sesion-y-registro\/","name":"Gangstasino Login \u2013 Acceso a la Cuenta y Registro","isPartOf":{"@id":"https:\/\/gangstasino.net\/es\/#website"},"datePublished":"2025-10-28T09:40:03+00:00","dateModified":"2025-10-29T07:13:34+00:00","description":"Gangstasino login o crea tu cuenta f\u00e1cilmente. Gestiona verificaci\u00f3n, recuperaci\u00f3n de contrase\u00f1a y configuraci\u00f3n de cuenta de forma segura en Gangstasino Casino.","breadcrumb":{"@id":"https:\/\/gangstasino.net\/es\/inicio-de-sesion-y-registro\/#breadcrumb"},"inLanguage":"es-ES","potentialAction":[{"@type":"ReadAction","target":["https:\/\/gangstasino.net\/es\/inicio-de-sesion-y-registro\/"]}]},{"@type":"BreadcrumbList","@id":"https:\/\/gangstasino.net\/es\/inicio-de-sesion-y-registro\/#breadcrumb","itemListElement":[{"@type":"ListItem","position":1,"name":"Gangstasino","item":"https:\/\/gangstasino.net\/es\/"},{"@type":"ListItem","position":2,"name":"Inicio de sesi\u00f3n y registro"}]},{"@type":"WebSite","@id":"https:\/\/gangstasino.net\/es\/#website","url":"https:\/\/gangstasino.net\/es\/","name":"Gangstasino","description":"","publisher":{"@id":"https:\/\/gangstasino.net\/es\/#organization"},"potentialAction":[{"@type":"SearchAction","target":{"@type":"EntryPoint","urlTemplate":"https:\/\/gangstasino.net\/es\/?s={search_term_string}"},"query-input":{"@type":"PropertyValueSpecification","valueRequired":true,"valueName":"search_term_string"}}],"inLanguage":"es-ES"},{"@type":"Organization","@id":"https:\/\/gangstasino.net\/es\/#organization","name":"Gangstasino","url":"https:\/\/gangstasino.net\/es\/","logo":{"@type":"ImageObject","inLanguage":"es-ES","@id":"https:\/\/gangstasino.net\/es\/#\/schema\/logo\/image\/","url":"https:\/\/gangstasino.net\/wp-content\/uploads\/2025\/08\/80u1FaquEZeR6OUTeJCc.png","contentUrl":"https:\/\/gangstasino.net\/wp-content\/uploads\/2025\/08\/80u1FaquEZeR6OUTeJCc.png","width":152,"height":35,"caption":"Gangstasino"},"image":{"@id":"https:\/\/gangstasino.net\/es\/#\/schema\/logo\/image\/"}}]}},"_links":{"self":[{"href":"https:\/\/gangstasino.net\/es\/wp-json\/wp\/v2\/pages\/1496","targetHints":{"allow":["GET"]}}],"collection":[{"href":"https:\/\/gangstasino.net\/es\/wp-json\/wp\/v2\/pages"}],"about":[{"href":"https:\/\/gangstasino.net\/es\/wp-json\/wp\/v2\/types\/page"}],"author":[{"embeddable":true,"href":"https:\/\/gangstasino.net\/es\/wp-json\/wp\/v2\/users\/1"}],"replies":[{"embeddable":true,"href":"https:\/\/gangstasino.net\/es\/wp-json\/wp\/v2\/comments?post=1496"}],"version-history":[{"count":2,"href":"https:\/\/gangstasino.net\/es\/wp-json\/wp\/v2\/pages\/1496\/revisions"}],"predecessor-version":[{"id":2001,"href":"https:\/\/gangstasino.net\/es\/wp-json\/wp\/v2\/pages\/1496\/revisions\/2001"}],"wp:attachment":[{"href":"https:\/\/gangstasino.net\/es\/wp-json\/wp\/v2\/media?parent=1496"}],"curies":[{"name":"wp","href":"https:\/\/api.w.org\/{rel}","templated":true}]}}