{"id":1442,"date":"2025-10-28T09:25:24","date_gmt":"2025-10-28T09:25:24","guid":{"rendered":"https:\/\/gangstasino.net\/app\/"},"modified":"2025-10-29T07:11:46","modified_gmt":"2025-10-29T07:11:46","slug":"aplicacion","status":"publish","type":"page","link":"https:\/\/gangstasino.net\/es\/aplicacion\/","title":{"rendered":"Aplicaci\u00f3n"},"content":{"rendered":"<h1>Aplicaci\u00f3n Gangstasino<\/h1>\n<p>La Gangstasino app crea para todos nuestros jugadores espa\u00f1oles una experiencia de juego m\u00f3vil fluida y sin retrasos, lo que significa que pueden jugar a sus juegos de casino online favoritos en cualquier momento y lugar sin tener que llevar consigo un ordenador, de forma f\u00e1cil y port\u00e1til. Nuestra aplicaci\u00f3n es compatible con las plataformas Android e iOS y est\u00e1 dise\u00f1ada para ofrecer un acceso r\u00e1pido y c\u00f3modo, pagos seguros y una interfaz intuitiva. No dude de que hemos creado la aplicaci\u00f3n perfecta para todos aquellos que quieran jugar de la forma m\u00e1s c\u00f3moda y variada.<\/p>\n<div class=\"banner-wrap\" aria-label=\"Banner\"><img src=\"https:\/\/gangstasino.net\/wp-content\/uploads\/2025\/08\/bAKGkEHsly0esFrKSJw.png\" class=\"w-100 d-none d-lg-block img-pc main-banner-img\" alt=\"gangstasino bonus desktop\" fetchpriority=\"high\" decoding=\"async\"><img src=\"https:\/\/gangstasino.net\/wp-content\/uploads\/2025\/10\/Gangstasino-bonus-mobile.webp\" class=\"w-100 d-none d-md-block d-lg-none main-banner-img\" alt=\"gangstasino bonus mobile\" fetchpriority=\"high\" decoding=\"async\"><img src=\"https:\/\/gangstasino.net\/wp-content\/uploads\/2025\/10\/Gangstasino-bonus-mobile.webp\" class=\"w-100 d-md-none\" alt=\"gangstasino bonus mobile\" fetchpriority=\"high\" decoding=\"async\"><div class=\"banner-description\">\n<div class=\"banner-title\">Bonos de Bienvenida<\/div>\n<p class=\"banner-header-title\">1500 \u20ac<\/p>\n<div class=\"banner-header-AdditionalText\">+ 250 Giros Gratis<\/div>\n<button data-item=\"homepage_banner_link\" class=\"goto m-button m-gradient-border m-button--primary m-button--large banner-button btn-orange\">\n            <div class=\"m-button-content\">\n                <span>Reg\u00edstrate Ahora<\/span>\n                <span><\/span>\n            <\/div>\n        <\/button>\n<\/div>\n<div class=\"WelcomePack\">\n<p><img loading=\"lazy\" decoding=\"async\" class=\"alignnone size-full wp-image-1379\" src=\"https:\/\/gangstasino.net\/wp-content\/uploads\/2025\/10\/welcome-crown.svg\" alt=\"crown\" width=\"25\" height=\"26\" \/><\/p>\n<div class=\"WelcomePack-Info\">Cashback Semanal hasta 25%<\/div>\n<p><img loading=\"lazy\" decoding=\"async\" class=\"alignnone size-full wp-image-1379\" src=\"https:\/\/gangstasino.net\/wp-content\/uploads\/2025\/10\/welcome-crown.svg\" alt=\"crown\" width=\"25\" height=\"26\" \/><\/p>\n<\/div>\n<\/div>\n<h2>Caracter\u00edsticas m\u00f3viles de la aplicaci\u00f3n Gangstasino<\/h2>\n<p>La aplicaci\u00f3n Gangstasino ha sido dise\u00f1ada por nuestro equipo de desarrolladores profesionales para ofrecer una experiencia de juego excepcional, con un dise\u00f1o 3D orientado a dispositivos m\u00f3viles. Es novedosa, entretenida, r\u00e1pida, segura y c\u00f3moda. Su excepcional interfaz cuenta con botones y pesta\u00f1as bien pensados que se adaptan a cualquier tama\u00f1o de pantalla. Nuestra amplia gama de tragamonedas y juegos de mesa en l\u00ednea tienen un aspecto fant\u00e1stico, con gr\u00e1ficos bien dise\u00f1ados, y nuestra navegaci\u00f3n web imita la versi\u00f3n de escritorio. Los jugadores pueden depositar y retirar sus fondos f\u00e1cilmente. Se aceptan varios m\u00e9todos de pago. Tambi\u00e9n hay un proceso de verificaci\u00f3n para los primeros retiros en la aplicaci\u00f3n, lo que hace que las transacciones sean seguras y cumpla con los requisitos reglamentarios.<\/p>\n<p>El equipo de asistencia de Gangsta Sino trabaja sin descanso y est\u00e1 disponible las 24 horas del d\u00eda, los 7 d\u00edas de la semana, a trav\u00e9s del chat en vivo para responder oportunamente a cualquier pregunta o problema t\u00e9cnico. Nuestro casino m\u00f3vil est\u00e1 orientado al rendimiento, con una jugabilidad fluida y f\u00e1cil de usar para todos los tel\u00e9fonos inteligentes y tabletas; ha sido probado tecnol\u00f3gicamente y se ha demostrado que funciona. Ofrecemos ofertas especiales y todo tipo de bonificaciones para que tu experiencia de juego sea a\u00fan m\u00e1s interesante.<\/p>\n<p><div style=\"clear: both\"><\/div><div class=\"d-flex justify-content-center\"><button data-item=\"decouvrez_link\" data-group=\"website_links\" class=\"goto fw-bold rounded-pill btn btn-orange\" aria-label=\"Descargar la aplicaci\u00f3n Gangstasino\" >Descargar la aplicaci\u00f3n Gangstasino<\/button><\/div><div class=\"scrollable-content-wrap my-5\"><div class=\"scrollable-content-inner\"><h2>Aplicaci\u00f3n Gangstasino para el sistema operativo Android<\/h2>\n<p>La versi\u00f3n para Android de Gangsta Sino es una aplicaci\u00f3n web progresiva (denominada \u00abPWA\u00bb para abreviar), en la que los usuarios pueden jugar en el casino sin necesidad de descargar grandes archivos APK. Estamos seguros de que es mucho m\u00e1s seguro que buscar y cargar archivos \u201c.exe\u201d comunes. Nuestro enfoque proporciona una instalaci\u00f3n m\u00e1s r\u00e1pida, un menor consumo de bater\u00eda y la m\u00e1xima seguridad. Por lo tanto, todo lo que nuestros usuarios tienen que hacer para instalar la aplicaci\u00f3n Gangstasino en el sistema Android es buscar el bot\u00f3n que dice \u00abAplicaci\u00f3n de casino\u00bb en la parte inferior de la p\u00e1gina principal y elegir instalarla; solo hay que desplazarse hacia abajo y ser\u00e1 visible. Despu\u00e9s de la instalaci\u00f3n, aparecer\u00e1 un icono en la pantalla de inicio y, a trav\u00e9s de \u00e9l, se podr\u00e1 acceder a la plataforma al instante.<\/p>\n<p>La versi\u00f3n para Android cuenta con todas las funciones b\u00e1sicas: transferencia de dinero real, accesibilidad a nuestros juegos y notificaciones sobre nuevas promociones o actualizaciones. El dise\u00f1o de la aplicaci\u00f3n tambi\u00e9n tiene un aspecto similar al de la versi\u00f3n de escritorio, lo que garantiza las mismas sesiones de juego familiares.<\/p>\n<table>\n<tbody>\n<tr>\n<td>Caracter\u00edstica<\/td>\n<td>Descripci\u00f3n<\/td>\n<\/tr>\n<tr>\n<td>Compatibilidad<\/td>\n<td>Android, iOS, escritorio<\/td>\n<\/tr>\n<tr>\n<td>Tipo de aplicaci\u00f3n<\/td>\n<td>Aplicaciones web progresivas (PWA), versiones m\u00f3viles y de escritorio<\/td>\n<\/tr>\n<tr>\n<td>Instalaci\u00f3n<\/td>\n<td>A trav\u00e9s del navegador, a\u00f1\u00e1dalo a la pantalla de inicio, no es necesario descargar ning\u00fan APK ni ninguna aplicaci\u00f3n de la tienda.<\/td>\n<\/tr>\n<tr>\n<td>Seguridad<\/td>\n<td>Protocolos modernos, actualizaci\u00f3n autom\u00e1tica<\/td>\n<\/tr>\n<tr>\n<td>Funcionalidad<\/td>\n<td>Todos los juegos del casino<\/td>\n<\/tr>\n<tr>\n<td>Soporte<\/td>\n<td>Chat en vivo y asistencia t\u00e9cnica las 24 horas del d\u00eda, los 7 d\u00edas de la semana.<\/td>\n<\/tr>\n<\/tbody>\n<\/table>\n<h3>Gangsta Sino APK y PWA<\/h3>\n<p>Gangstasino Casino ya no utiliza los archivos APK habituales; como hemos mencionado anteriormente, ofrecemos a nuestros jugadores una aplicaci\u00f3n web progresiva. Es segura, ligera y f\u00e1cil de instalar. Elimina la necesidad de descargar manualmente los archivos APK, lo que mitiga los riesgos de seguridad y facilita el control de todo. Puedes a\u00f1adir la PWA directamente en el navegador, simplemente siguiendo las instrucciones de nuestro sitio web despu\u00e9s de hacer clic en \u00abInstalar\u00bb, lo que te permitir\u00e1 configurarlo todo y empezar a jugar inmediatamente. Esto garantizar\u00e1 que se actualice autom\u00e1ticamente, de modo que nuestros jugadores siempre puedan acceder a nuestras \u00faltimas funciones y juegos sin tener que hacerlo manualmente. Nuestra Gangsta Sino PWA es inteligente y est\u00e1 optimizada, lo que proporciona altas velocidades de carga y una jugabilidad fluida en todos los dispositivos Android.<\/p>\n<p><img loading=\"lazy\" decoding=\"async\" class=\"alignnone size-full wp-image-1390\" src=\"https:\/\/gangstasino.net\/wp-content\/uploads\/2025\/10\/Ganstasino-App-Android.webp\" alt=\"Ganstasino App Android\" width=\"1248\" height=\"536\" srcset=\"https:\/\/gangstasino.net\/wp-content\/uploads\/2025\/10\/Ganstasino-App-Android.webp 1248w, https:\/\/gangstasino.net\/wp-content\/uploads\/2025\/10\/Ganstasino-App-Android-300x129.webp 300w, https:\/\/gangstasino.net\/wp-content\/uploads\/2025\/10\/Ganstasino-App-Android-1024x440.webp 1024w, https:\/\/gangstasino.net\/wp-content\/uploads\/2025\/10\/Ganstasino-App-Android-768x330.webp 768w\" sizes=\"auto, (max-width: 1248px) 100vw, 1248px\" \/><\/p>\n<\/div><\/div><div style=\"clear: both\"><\/div><div class=\"d-flex justify-content-center\"><button data-item=\"decouvrez_link\" data-group=\"website_links\" class=\"goto fw-bold rounded-pill btn btn-orange\" aria-label=\"Descargar Gangstasino\" >Descargar Gangstasino<\/button><\/div><div class=\"scrollable-content-wrap my-5\"><div class=\"scrollable-content-inner\"><h2>Aplicaci\u00f3n Gangstasino para Apple iOS<\/h2>\n<p>Para todos los amantes de la marca Apple, Gangstasino Casino ha creado un casino m\u00f3vil personalizado con un icono de acceso directo y una pantalla de inicio. Para instalar la PWA, solo tienes que a\u00f1adirla a la pantalla de inicio a trav\u00e9s del men\u00fa Compartir de Safari. Solo te llevar\u00e1 unos minutos y dejar\u00e1 un icono en la pantalla de inicio de tu dispositivo que te permitir\u00e1 acceder f\u00e1cilmente al casino.<\/p>\n<p>Los pasos principales de la instalaci\u00f3n son los siguientes:<\/p>\n<ol>\n<li>Haga clic en el bot\u00f3n \u00abAplicaci\u00f3n del casino\u00bb que se encuentra en la parte inferior de la p\u00e1gina principal.<\/li>\n<li>A\u00f1ade la PWA a tu navegador Safari.<\/li>\n<li>In\u00edcialo y estar\u00e1s listo para jugar.<\/li>\n<\/ol>\n<p>El archivo APK no es necesario para este proceso. Las actualizaciones ser\u00e1n autom\u00e1ticas, sin necesidad de intervenci\u00f3n por tu parte. La plataforma iOS no pierde capacidad y contar\u00e1 con todas nuestras tragamonedas online, juegos de mesa, casino en vivo y opciones de pago seguras, todo ello con una excelente visualizaci\u00f3n. El dise\u00f1o del juego est\u00e1 totalmente optimizado para iPhones y iPads, de modo que el juego no se ralentiza, y tambi\u00e9n somos r\u00e1pidos en cuanto al procesamiento de transacciones m\u00f3viles; todo est\u00e1 protegido por la versi\u00f3n cifrada de Secure Sockets Layer, que proporciona seguridad a Gangsta Sino.<\/p>\n<p><img loading=\"lazy\" decoding=\"async\" class=\"alignnone size-full wp-image-1391\" src=\"https:\/\/gangstasino.net\/wp-content\/uploads\/2025\/10\/Ganstasino-App-iOS.webp\" alt=\"Ganstasino App iOS\" width=\"1248\" height=\"536\" srcset=\"https:\/\/gangstasino.net\/wp-content\/uploads\/2025\/10\/Ganstasino-App-iOS.webp 1248w, https:\/\/gangstasino.net\/wp-content\/uploads\/2025\/10\/Ganstasino-App-iOS-300x129.webp 300w, https:\/\/gangstasino.net\/wp-content\/uploads\/2025\/10\/Ganstasino-App-iOS-1024x440.webp 1024w, https:\/\/gangstasino.net\/wp-content\/uploads\/2025\/10\/Ganstasino-App-iOS-768x330.webp 768w\" sizes=\"auto, (max-width: 1248px) 100vw, 1248px\" \/><\/p>\n<\/div><\/div><div style=\"clear: both\"><\/div><div class=\"d-flex justify-content-center\"><button data-item=\"decouvrez_link\" data-group=\"website_links\" class=\"goto fw-bold rounded-pill btn btn-orange\" aria-label=\"Descargar la aplicaci\u00f3n Gangstasino\" >Descargar la aplicaci\u00f3n Gangstasino<\/button><\/div><div class=\"scrollable-content-wrap my-5\"><div class=\"scrollable-content-inner\"><h2>Aplicaci\u00f3n de escritorio Gangstasino Casino<\/h2>\n<p>Adem\u00e1s de las soluciones m\u00f3viles, Gangstasino Casino tambi\u00e9n cuenta con una aplicaci\u00f3n de escritorio. Es similar a la m\u00f3vil. Nuestra versi\u00f3n de escritorio est\u00e1 disponible en cualquier navegador moderno. Permite acceder al juego completo, gestionar tu cuenta y realizar pagos seguros. Para garantizar una mayor comodidad, nuestros usuarios pueden a\u00f1adir un acceso directo a Gangstasino casino en su escritorio, lo que les permite acceder f\u00e1cilmente a la plataforma sin tener que utilizar el navegador para desplazarse hacia arriba y hacia abajo un mont\u00f3n de veces.<\/p>\n<p>Nuestra versi\u00f3n de escritorio Gangsta Sino ofrecer\u00e1 los mismos gr\u00e1ficos de alta calidad y la misma interfaz de usuario que la versi\u00f3n m\u00f3vil. Nos enorgullece ofrecer una experiencia de juego consistente en todos los dispositivos: solo tienes que elegir el que m\u00e1s te guste. El equipo de asistencia est\u00e1 disponible como de costumbre a trav\u00e9s del chat en vivo, y puedes ponerte en contacto con ellos para solicitar ayuda siempre que lo necesites.<\/p>\n<p><img loading=\"lazy\" decoding=\"async\" class=\"alignnone size-full wp-image-1392\" src=\"https:\/\/gangstasino.net\/wp-content\/uploads\/2025\/10\/Ganstasino-App-Windows.webp\" alt=\"Ganstasino App Windows\" width=\"1248\" height=\"536\" srcset=\"https:\/\/gangstasino.net\/wp-content\/uploads\/2025\/10\/Ganstasino-App-Windows.webp 1248w, https:\/\/gangstasino.net\/wp-content\/uploads\/2025\/10\/Ganstasino-App-Windows-300x129.webp 300w, https:\/\/gangstasino.net\/wp-content\/uploads\/2025\/10\/Ganstasino-App-Windows-1024x440.webp 1024w, https:\/\/gangstasino.net\/wp-content\/uploads\/2025\/10\/Ganstasino-App-Windows-768x330.webp 768w\" sizes=\"auto, (max-width: 1248px) 100vw, 1248px\" \/><\/p>\n<\/div><\/div><div style=\"clear: both\"><\/div><div class=\"d-flex justify-content-center\"><button data-item=\"decouvrez_link\" data-group=\"website_links\" class=\"goto fw-bold rounded-pill btn btn-orange\" aria-label=\"Descargar Gangstasino\" >Descargar Gangstasino<\/button><\/div><div class=\"scrollable-content-wrap my-5\"><div class=\"scrollable-content-inner\"><h2>Preguntas frecuentes<\/h2>\n<h3>\u00bfD\u00f3nde est\u00e1n los ajustes de la cuenta en la aplicaci\u00f3n Gangstasino?<\/h3>\n<p>La aplicaci\u00f3n Gangstasino tiene una configuraci\u00f3n de cuenta a la que se puede acceder haciendo clic en el men\u00fa principal, y que suele encontrarse en la esquina superior de la aplicaci\u00f3n. Todos los jugadores pueden actualizar all\u00ed su informaci\u00f3n personal, planes de pago, autenticaciones y opciones.<\/p>\n<h3>\u00bfTodos los juegos est\u00e1n disponibles en las aplicaciones m\u00f3viles y de escritorio?<\/h3>\n<p>Al igual que la versi\u00f3n est\u00e1ndar, la aplicaci\u00f3n Gangstasino Casino garantiza que todos los juegos disponibles en nuestra plataforma de escritorio se pueden jugar a trav\u00e9s de nuestra aplicaci\u00f3n m\u00f3vil: todas las tragamonedas en l\u00ednea, casino en vivo, juegos de mesa y juegos crash. Sin duda, podr\u00e1s participar en torneos como de costumbre. La plataforma est\u00e1 optimizada para un juego fluido en todos los dispositivos.<\/p>\n<h3>\u00bfC\u00f3mo solucionar el problema con la aplicaci\u00f3n Gangstasino Casino?<\/h3>\n<p>Si tiene alg\u00fan problema, p\u00f3ngase en contacto con nuestro equipo de asistencia a trav\u00e9s del chat en vivo, disponible las 24 horas del d\u00eda, los 7 d\u00edas de la semana. Nuestro equipo de atenci\u00f3n al cliente est\u00e1 capacitado para resolver lo antes posible cualquier problema t\u00e9cnico, como los relacionados con el acceso a un juego, la realizaci\u00f3n de transacciones o el mal funcionamiento de la aplicaci\u00f3n.<\/p>\n<h3>\u00bfC\u00f3mo descargar la aplicaci\u00f3n Gangstasino Casino ?<\/h3>\n<p>Nuestro casino m\u00f3vil est\u00e1 disponible en Android y iOS OS a trav\u00e9s de una PWA. En Android, solo tienes que seleccionar la opci\u00f3n de instalaci\u00f3n en el pie de p\u00e1gina. En el caso de iOS, a\u00f1ade nuestra PWA a la pantalla de inicio a trav\u00e9s de la funci\u00f3n \u00abA\u00f1adir a la pantalla de inicio\u00bb de Safari. No es necesario importar ni descargar ning\u00fan archivo APK manual ni utilizar ninguna tienda de aplicaciones si no lo deseas.<\/p>\n<\/div><\/div><\/p>\n","protected":false},"excerpt":{"rendered":"<p>Aplicaci\u00f3n Gangstasino La Gangstasino app crea para todos nuestros jugadores espa\u00f1oles una experiencia de juego m\u00f3vil fluida y sin retrasos, lo que significa que pueden jugar a sus juegos de casino online favoritos en cualquier momento y lugar sin tener que llevar consigo un ordenador, de forma f\u00e1cil y port\u00e1til. Nuestra aplicaci\u00f3n es compatible con [&hellip;]<\/p>\n","protected":false},"author":1,"featured_media":0,"parent":0,"menu_order":0,"comment_status":"closed","ping_status":"closed","template":"template-builder.php","meta":{"_acf_changed":false,"inline_featured_image":false,"footnotes":""},"class_list":["post-1442","page","type-page","status-publish","hentry"],"acf":[],"yoast_head":"<!-- This site is optimized with the Yoast SEO plugin v27.3 - https:\/\/yoast.com\/product\/yoast-seo-wordpress\/ -->\n<title>Gangstasino App para M\u00f3vil \u2013 iOS, Android | Descarga<\/title>\n<meta name=\"description\" content=\"Instala Gangstasino App en iOS y Android para acceder a m\u00e1s de 6000 juegos de casino en cualquier momento. Rendimiento fluido, sincronizaci\u00f3n de cuenta y soporte 24\/7 \u2013 todo en Gangstasino App.\" \/>\n<meta name=\"robots\" content=\"index, follow, max-snippet:-1, max-image-preview:large, max-video-preview:-1\" \/>\n<link rel=\"canonical\" href=\"https:\/\/gangstasino.net\/es\/aplicacion\/\" \/>\n<meta property=\"og:locale\" content=\"es_ES\" \/>\n<meta property=\"og:type\" content=\"article\" \/>\n<meta property=\"og:title\" content=\"Gangstasino App para M\u00f3vil \u2013 iOS, Android | Descarga\" \/>\n<meta property=\"og:description\" content=\"Instala Gangstasino App en iOS y Android para acceder a m\u00e1s de 6000 juegos de casino en cualquier momento. Rendimiento fluido, sincronizaci\u00f3n de cuenta y soporte 24\/7 \u2013 todo en Gangstasino App.\" \/>\n<meta property=\"og:url\" content=\"https:\/\/gangstasino.net\/es\/aplicacion\/\" \/>\n<meta property=\"og:site_name\" content=\"gangstasino\" \/>\n<meta property=\"article:modified_time\" content=\"2025-10-29T07:11:46+00:00\" \/>\n<meta name=\"twitter:card\" content=\"summary_large_image\" \/>\n<meta name=\"twitter:label1\" content=\"Est. reading time\" \/>\n\t<meta name=\"twitter:data1\" content=\"2 minutes\" \/>\n<script type=\"application\/ld+json\" class=\"yoast-schema-graph\">{\"@context\":\"https:\\\/\\\/schema.org\",\"@graph\":[{\"@type\":\"WebPage\",\"@id\":\"https:\\\/\\\/gangstasino.net\\\/es\\\/aplicacion\\\/\",\"url\":\"https:\\\/\\\/gangstasino.net\\\/es\\\/aplicacion\\\/\",\"name\":\"Gangstasino App para M\u00f3vil \u2013 iOS, Android | Descarga\",\"isPartOf\":{\"@id\":\"https:\\\/\\\/gangstasino.net\\\/es\\\/#website\"},\"datePublished\":\"2025-10-28T09:25:24+00:00\",\"dateModified\":\"2025-10-29T07:11:46+00:00\",\"description\":\"Instala Gangstasino App en iOS y Android para acceder a m\u00e1s de 6000 juegos de casino en cualquier momento. Rendimiento fluido, sincronizaci\u00f3n de cuenta y soporte 24\\\/7 \u2013 todo en Gangstasino App.\",\"breadcrumb\":{\"@id\":\"https:\\\/\\\/gangstasino.net\\\/es\\\/aplicacion\\\/#breadcrumb\"},\"inLanguage\":\"es-ES\",\"potentialAction\":[{\"@type\":\"ReadAction\",\"target\":[\"https:\\\/\\\/gangstasino.net\\\/es\\\/aplicacion\\\/\"]}]},{\"@type\":\"BreadcrumbList\",\"@id\":\"https:\\\/\\\/gangstasino.net\\\/es\\\/aplicacion\\\/#breadcrumb\",\"itemListElement\":[{\"@type\":\"ListItem\",\"position\":1,\"name\":\"Gangstasino\",\"item\":\"https:\\\/\\\/gangstasino.net\\\/es\\\/\"},{\"@type\":\"ListItem\",\"position\":2,\"name\":\"Aplicaci\u00f3n\"}]},{\"@type\":\"WebSite\",\"@id\":\"https:\\\/\\\/gangstasino.net\\\/es\\\/#website\",\"url\":\"https:\\\/\\\/gangstasino.net\\\/es\\\/\",\"name\":\"Gangstasino\",\"description\":\"\",\"publisher\":{\"@id\":\"https:\\\/\\\/gangstasino.net\\\/es\\\/#organization\"},\"potentialAction\":[{\"@type\":\"SearchAction\",\"target\":{\"@type\":\"EntryPoint\",\"urlTemplate\":\"https:\\\/\\\/gangstasino.net\\\/es\\\/?s={search_term_string}\"},\"query-input\":{\"@type\":\"PropertyValueSpecification\",\"valueRequired\":true,\"valueName\":\"search_term_string\"}}],\"inLanguage\":\"es-ES\"},{\"@type\":\"Organization\",\"@id\":\"https:\\\/\\\/gangstasino.net\\\/es\\\/#organization\",\"name\":\"Gangstasino\",\"url\":\"https:\\\/\\\/gangstasino.net\\\/es\\\/\",\"logo\":{\"@type\":\"ImageObject\",\"inLanguage\":\"es-ES\",\"@id\":\"https:\\\/\\\/gangstasino.net\\\/es\\\/#\\\/schema\\\/logo\\\/image\\\/\",\"url\":\"https:\\\/\\\/gangstasino.net\\\/wp-content\\\/uploads\\\/2025\\\/08\\\/80u1FaquEZeR6OUTeJCc.png\",\"contentUrl\":\"https:\\\/\\\/gangstasino.net\\\/wp-content\\\/uploads\\\/2025\\\/08\\\/80u1FaquEZeR6OUTeJCc.png\",\"width\":152,\"height\":35,\"caption\":\"Gangstasino\"},\"image\":{\"@id\":\"https:\\\/\\\/gangstasino.net\\\/es\\\/#\\\/schema\\\/logo\\\/image\\\/\"}}]}<\/script>\n<!-- \/ Yoast SEO plugin. -->","yoast_head_json":{"title":"Gangstasino App para M\u00f3vil \u2013 iOS, Android | Descarga","description":"Instala Gangstasino App en iOS y Android para acceder a m\u00e1s de 6000 juegos de casino en cualquier momento. Rendimiento fluido, sincronizaci\u00f3n de cuenta y soporte 24\/7 \u2013 todo en Gangstasino App.","robots":{"index":"index","follow":"follow","max-snippet":"max-snippet:-1","max-image-preview":"max-image-preview:large","max-video-preview":"max-video-preview:-1"},"canonical":"https:\/\/gangstasino.net\/es\/aplicacion\/","og_locale":"es_ES","og_type":"article","og_title":"Gangstasino App para M\u00f3vil \u2013 iOS, Android | Descarga","og_description":"Instala Gangstasino App en iOS y Android para acceder a m\u00e1s de 6000 juegos de casino en cualquier momento. Rendimiento fluido, sincronizaci\u00f3n de cuenta y soporte 24\/7 \u2013 todo en Gangstasino App.","og_url":"https:\/\/gangstasino.net\/es\/aplicacion\/","og_site_name":"gangstasino","article_modified_time":"2025-10-29T07:11:46+00:00","twitter_card":"summary_large_image","twitter_misc":{"Est. reading time":"2 minutes"},"schema":{"@context":"https:\/\/schema.org","@graph":[{"@type":"WebPage","@id":"https:\/\/gangstasino.net\/es\/aplicacion\/","url":"https:\/\/gangstasino.net\/es\/aplicacion\/","name":"Gangstasino App para M\u00f3vil \u2013 iOS, Android | Descarga","isPartOf":{"@id":"https:\/\/gangstasino.net\/es\/#website"},"datePublished":"2025-10-28T09:25:24+00:00","dateModified":"2025-10-29T07:11:46+00:00","description":"Instala Gangstasino App en iOS y Android para acceder a m\u00e1s de 6000 juegos de casino en cualquier momento. Rendimiento fluido, sincronizaci\u00f3n de cuenta y soporte 24\/7 \u2013 todo en Gangstasino App.","breadcrumb":{"@id":"https:\/\/gangstasino.net\/es\/aplicacion\/#breadcrumb"},"inLanguage":"es-ES","potentialAction":[{"@type":"ReadAction","target":["https:\/\/gangstasino.net\/es\/aplicacion\/"]}]},{"@type":"BreadcrumbList","@id":"https:\/\/gangstasino.net\/es\/aplicacion\/#breadcrumb","itemListElement":[{"@type":"ListItem","position":1,"name":"Gangstasino","item":"https:\/\/gangstasino.net\/es\/"},{"@type":"ListItem","position":2,"name":"Aplicaci\u00f3n"}]},{"@type":"WebSite","@id":"https:\/\/gangstasino.net\/es\/#website","url":"https:\/\/gangstasino.net\/es\/","name":"Gangstasino","description":"","publisher":{"@id":"https:\/\/gangstasino.net\/es\/#organization"},"potentialAction":[{"@type":"SearchAction","target":{"@type":"EntryPoint","urlTemplate":"https:\/\/gangstasino.net\/es\/?s={search_term_string}"},"query-input":{"@type":"PropertyValueSpecification","valueRequired":true,"valueName":"search_term_string"}}],"inLanguage":"es-ES"},{"@type":"Organization","@id":"https:\/\/gangstasino.net\/es\/#organization","name":"Gangstasino","url":"https:\/\/gangstasino.net\/es\/","logo":{"@type":"ImageObject","inLanguage":"es-ES","@id":"https:\/\/gangstasino.net\/es\/#\/schema\/logo\/image\/","url":"https:\/\/gangstasino.net\/wp-content\/uploads\/2025\/08\/80u1FaquEZeR6OUTeJCc.png","contentUrl":"https:\/\/gangstasino.net\/wp-content\/uploads\/2025\/08\/80u1FaquEZeR6OUTeJCc.png","width":152,"height":35,"caption":"Gangstasino"},"image":{"@id":"https:\/\/gangstasino.net\/es\/#\/schema\/logo\/image\/"}}]}},"_links":{"self":[{"href":"https:\/\/gangstasino.net\/es\/wp-json\/wp\/v2\/pages\/1442","targetHints":{"allow":["GET"]}}],"collection":[{"href":"https:\/\/gangstasino.net\/es\/wp-json\/wp\/v2\/pages"}],"about":[{"href":"https:\/\/gangstasino.net\/es\/wp-json\/wp\/v2\/types\/page"}],"author":[{"embeddable":true,"href":"https:\/\/gangstasino.net\/es\/wp-json\/wp\/v2\/users\/1"}],"replies":[{"embeddable":true,"href":"https:\/\/gangstasino.net\/es\/wp-json\/wp\/v2\/comments?post=1442"}],"version-history":[{"count":3,"href":"https:\/\/gangstasino.net\/es\/wp-json\/wp\/v2\/pages\/1442\/revisions"}],"predecessor-version":[{"id":1999,"href":"https:\/\/gangstasino.net\/es\/wp-json\/wp\/v2\/pages\/1442\/revisions\/1999"}],"wp:attachment":[{"href":"https:\/\/gangstasino.net\/es\/wp-json\/wp\/v2\/media?parent=1442"}],"curies":[{"name":"wp","href":"https:\/\/api.w.org\/{rel}","templated":true}]}}