{"id":1492,"date":"2025-10-28T09:40:03","date_gmt":"2025-10-28T09:40:03","guid":{"rendered":"https:\/\/gangstasino.net\/login-and-registration\/"},"modified":"2025-10-30T09:58:45","modified_gmt":"2025-10-30T09:58:45","slug":"anmeldung-und-registrierung","status":"publish","type":"page","link":"https:\/\/gangstasino.net\/de\/anmeldung-und-registrierung\/","title":{"rendered":"Anmeldung und Registrierung"},"content":{"rendered":"<h1>Gangstasino Anmeldung und Registrierung<\/h1>\n<p>Das Gangstasino login garantiert einen schnellen Zugriff auf Ihr Konto, und das Registrierungssystem sorgt daf\u00fcr, dass unsere Neukunden alle einfachen Mittel zur Verf\u00fcgung haben, um ein faires Mitglied unserer Cyber-Community zu werden und sofort mit dem Spielen zu beginnen. Bei Gangstasino Casino organisieren wir ein sicheres und reibungsloses System, damit unsere Spieler an einer Vielzahl der coolsten Spielaktivit\u00e4ten und Turniere teilnehmen k\u00f6nnen.<\/p>\n<p><div class=\"banner-wrap\" aria-label=\"Banner\"><img src=\"https:\/\/gangstasino.net\/wp-content\/uploads\/2025\/08\/bAKGkEHsly0esFrKSJw.png\" class=\"w-100 d-none d-lg-block img-pc main-banner-img\" alt=\"gangstasino bonus desktop\" fetchpriority=\"high\" decoding=\"async\"><img src=\"https:\/\/gangstasino.net\/wp-content\/uploads\/2025\/10\/Gangstasino-bonus-mobile.webp\" class=\"w-100 d-none d-md-block d-lg-none main-banner-img\" alt=\"gangstasino bonus mobile\" fetchpriority=\"high\" decoding=\"async\"><img src=\"https:\/\/gangstasino.net\/wp-content\/uploads\/2025\/10\/Gangstasino-bonus-mobile.webp\" class=\"w-100 d-md-none\" alt=\"gangstasino bonus mobile\" fetchpriority=\"high\" decoding=\"async\"><div class=\"banner-description\">\n<div class=\"banner-title\">Willkommensboni<\/div>\n<p class=\"banner-header-title\">1500 \u20ac<\/p>\n<div class=\"banner-header-AdditionalText\">+ 250 Freispiele<\/div>\n<button data-item=\"homepage_banner_link\" class=\"goto m-button m-gradient-border m-button--primary m-button--large banner-button btn-orange\">\n            <div class=\"m-button-content\">\n                <span>Jetzt anmelden<\/span>\n                <span><\/span>\n            <\/div>\n        <\/button>\n<\/div>\n<div class=\"WelcomePack\">\n<p><img loading=\"lazy\" decoding=\"async\" class=\"alignnone size-full wp-image-1379\" src=\"https:\/\/gangstasino.net\/wp-content\/uploads\/2025\/10\/welcome-crown.svg\" alt=\"crown\" width=\"25\" height=\"26\" \/><\/p>\n<div class=\"WelcomePack-Info\">W\u00f6chentliches Cashback bis zu 25 %<\/div>\n<p><img loading=\"lazy\" decoding=\"async\" class=\"alignnone size-full wp-image-1379\" src=\"https:\/\/gangstasino.net\/wp-content\/uploads\/2025\/10\/welcome-crown.svg\" alt=\"crown\" width=\"25\" height=\"26\" \/><\/p>\n<\/div>\n<\/div><div class=\"scrollable-content-wrap my-5\"><div class=\"scrollable-content-inner\"><h2>Anmeldeverfahren bei Gangstasino Casino<\/h2>\n<p>Die Registrierung eines Kontos bei Gangstasino Casino ist der Schl\u00fcssel zu verschiedenen Vorteilen: Holen Sie sich unser Willkommensangebot \u2013 derzeit 1.500 \u20ac und 250 Freispiele. Sie haben das uneingeschr\u00e4nkte Recht, unsere anderen exklusiven Angebote zu nutzen und zu genie\u00dfen, ein pers\u00f6nliches Konto zu verwalten sowie an Live Casino Spielen und Wettbewerben teilzunehmen. Die Registrierung bei Gangsta Sino ist einfach und schnell, sodass neue Spieler nicht warten m\u00fcssen, um ihre Lieblingsspiele zu genie\u00dfen.<\/p>\n<table>\n<tbody>\n<tr>\n<td>Aspekt<\/td>\n<td>Vorteile von Gangstasino-Login<\/td>\n<\/tr>\n<tr>\n<td>Willkommensbonus-Paket<\/td>\n<td>Bis zu 1.500 \u20ac + 250 Freispiele<\/td>\n<\/tr>\n<tr>\n<td>Spielebibliothek<\/td>\n<td>Unbegrenzte M\u00f6glichkeit, auf die gro\u00dfe Auswahl an Gangsta Sino-Spielen zuzugreifen<\/td>\n<\/tr>\n<tr>\n<td>Geschwindigkeit<\/td>\n<td>M\u00f6glichkeit, sicher Einzahlungen zu t\u00e4tigen und Geld abzuheben<\/td>\n<\/tr>\n<tr>\n<td>Angebote<\/td>\n<td>Werbeaktionen und Treueprogramme<\/td>\n<\/tr>\n<tr>\n<td>Mehrsprachiger Support<\/td>\n<td>Unterst\u00fctzung f\u00fcr Benutzer in vielen Sprachen<\/td>\n<\/tr>\n<tr>\n<td>Vertrauen<\/td>\n<td>Einfache Kontoverwaltung und Verifizierungsprozess<\/td>\n<\/tr>\n<\/tbody>\n<\/table>\n<h3>So erstellen Sie ein Konto<\/h3>\n<p>Um ein Konto bei Gangstasino Casino zu erstellen, m\u00fcssen Sie lediglich die folgenden einfachen Schritte ausf\u00fchren:<\/p>\n<ol>\n<li>Klicken Sie auf die Schaltfl\u00e4che \u201eGangsta Sino\u201c, die als gr\u00f6\u00dfte Schaltfl\u00e4che neben der Anmeldeschaltfl\u00e4che oben rechts auf unserer Homepage angezeigt wird.<\/li>\n<li>F\u00fcllen Sie das Registrierungsformular mit Ihren pers\u00f6nlichen Daten aus: Ihrer E-Mail-Adresse und einem Passwort (beachten Sie, dass dieses mindestens sechs Zeichen lang sein muss).<\/li>\n<li>Registrieren Sie alle Promo-Codes, die Sie f\u00fcr Sonderangebote verwenden.<\/li>\n<li>Geben Sie Ihr Alter ausdr\u00fccklich an (wir haben die Regel, dass Sie mindestens 18 Jahre alt sein m\u00fcssen) und akzeptieren Sie unsere Allgemeinen Gesch\u00e4ftsbedingungen und Datenschutzrichtlinien, indem Sie das entsprechende K\u00e4stchen anklicken.<\/li>\n<li>Registrieren Sie sich \u00fcber die Schaltfl\u00e4che, um ein Konto bei Gangstasino Casino zu erstellen.<\/li>\n<li>Sie erhalten eine Best\u00e4tigungs-E-Mail, die an Ihren E-Mail-Posteingang gesendet wird, und Sie m\u00fcssen einem Link folgen, um Ihr Konto zu verifizieren.<\/li>\n<\/ol>\n<p>Dies ist in wenigen Minuten erledigt, und alle Funktionen von Gangstasino Casino sind von dort aus ebenfalls sehr schnell zug\u00e4nglich.<\/p>\n<h2>Gangstasino-Anmeldung Verfahren<\/h2>\n<p>Aktuelle Nutzer haben \u00fcber das Gangstasino-Login-Portal Zugriff auf ihre Konten. Der Vorgang ist einfach und sicher. Alle Spieler k\u00f6nnen ihre Konten effektiv verwalten.<\/p>\n<p>So f\u00fchren Sie die Gangstasino-Anmeldung durch:<\/p>\n<ol>\n<li>Klicken Sie oben rechts auf unserer Gangsta Sino-Homepage auf die Schaltfl\u00e4che \u201eAnmelden\u201d. Diese befindet sich neben der Schaltfl\u00e4che \u201eRegistrieren\u201d.<\/li>\n<li>Geben Sie Ihre registrierte E-Mail-Adresse und Ihr Passwort ein.<\/li>\n<li>Klicken Sie erneut auf \u201eAnmelden\u201c, damit Sie auf Ihr Konto zugreifen k\u00f6nnen.<\/li>\n<\/ol>\n<p>Nachdem Sie sich bei Gangstasino angemeldet haben, k\u00f6nnen Sie alle Funktionen des Casinos nutzen: Geld einzahlen, auf Ihre Transaktionshistorie zugreifen, pers\u00f6nliche Daten aktualisieren und rund um die Uhr mit unserem Support Team chatten. Unsere Plattform ist in mehreren Sprachen verf\u00fcgbar, sodass die Anwendung f\u00fcr Nutzer auf der ganzen Welt zug\u00e4nglich ist.<\/p>\n<h3>Was tun, wenn Sie Ihr Passwort vergessen haben?<\/h3>\n<p>Falls Sie das Passwort vergessen haben, verf\u00fcgt Gangsta Sino \u00fcber einen schnellen Wiederherstellungsmechanismus:<\/p>\n<ol>\n<li>Klicken Sie auf die Schaltfl\u00e4che Gangstasino-Anmeldung.<\/li>\n<li>W\u00e4hlen Sie unten die Option \u201ePasswort vergessen?\u201c aus; diese ist sichtbar.<\/li>\n<li>Geben Sie Ihre registrierte E-Mail-Adresse aus Ihrem Gangsta Sino-Konto ein.<\/li>\n<li>Folgen Sie zur\u00fcck zu Ihrer E-Mail. Warten Sie auf eine Nachricht von uns.<\/li>\n<li>Erhalten Sie eine E-Mail mit einem Passwort-Reset.<\/li>\n<li>Klicken Sie auf den Link, um ein neues Passwort zu erstellen.<\/li>\n<\/ol>\n<p>Jetzt bist du wieder auf dem richtigen Weg und hast dein Gangsta Sino Konto vollst\u00e4ndig wiederhergestellt.<\/p>\n<h2>Gangstasino Casino \u00dcberpr\u00fcfung<\/h2>\n<p>Gangstasino Casino hat die Regel, genau wie alle seri\u00f6sen Casinos, ehrlich gesagt, dass eine Kontoverifizierung erforderlich ist. Auf diese Weise k\u00f6nnen wir eine faire Spielumgebung sch\u00fctzen und Auszahlungen und Einzahlungen erm\u00f6glichen. Unsere KYC-Pr\u00fcfung erfolgt durch das Hochladen bestimmter Dokumente zur Best\u00e4tigung Ihrer Identit\u00e4t und Adresse.<\/p>\n<p>Die Gangsta Sino \u00dcberpr\u00fcfungsanforderungen lauten wie folgt:<\/p>\n<ul>\n<li>Beglaubigter, vom Staat ausgestellter Ausweis (Reisepass, in manchen F\u00e4llen F\u00fchrerschein oder Personalausweis, aber ein Reisepass ist immer am besten geeignet)<\/li>\n<li>Stromrechnung\/Kontoauszug (nicht \u00e4lter als 6 Monate)<\/li>\n<\/ul>\n<p>Sie senden all das an unser mehrsprachiges Support Team. Wir stellen Ihnen bei Bedarf weitere Unterlagen zur Verf\u00fcgung, aber in der Regel ist das alles.<\/p>\n<p>Zusammenfassung dieses Prozesses:<\/p>\n<ul>\n<li>Auf Ihrem Konto-Dashboard k\u00f6nnen Sie die Dokumente ganz einfach hochladen.<\/li>\n<li>Das Support Team bearbeitet Anfragen innerhalb von etwa 48 Stunden. Wir bitten Sie daher um etwas Geduld.<\/li>\n<li>Nach der Genehmigung k\u00f6nnen Sie unbegrenzt Geld abheben und haben im Allgemeinen mehr Sicherheit f\u00fcr Ihr Konto.<\/li>\n<\/ul>\n<p>Niemand mag solche \u201eTests\u201c, aber unser Screening-Verfahren ist eine wichtige Ma\u00dfnahme zur Betrugsbek\u00e4mpfung und zur Einhaltung der gesetzlichen Normen und garantiert sichere und faire Wettbewerbsbedingungen.<\/p>\n<h2>H\u00e4ufig gestellte Fragen<\/h2>\n<h3>Ich habe Probleme bei der Registrierung. Wo finde ich Hilfe?<\/h3>\n<p>Unser Gangstasino Support Team ist geschult, um \u00fcber Live Chat und E-Mail einen mehrsprachigen Kundenservice anzubieten, der Ihnen bei Problemen mit der Registrierung, der Kontobest\u00e4tigung oder technischen Fragen weiterhilft.<\/p>\n<h3>Was ben\u00f6tige ich f\u00fcr die Kontoverifizierung?<\/h3>\n<p>Dazu m\u00fcssen Sie uns gut lesbare, gescannte oder fotografierte g\u00fcltige Ausweisdokumente und einen Adressnachweis vorlegen. Die Unterlagen m\u00fcssen aktuell und gut lesbar sein, damit die \u00dcberpr\u00fcfung weniger Zeit in Anspruch nimmt.<\/p>\n<h3>Kann ich mein Konto l\u00f6schen oder deaktivieren?<\/h3>\n<p>Unsere Nutzer sollten das Gangstasino Support Team per E-Mail oder Live Chat bitten, ihre Konten zu schlie\u00dfen oder vor\u00fcbergehend zu sperren. Dies geschieht zeitnah und ohne Verletzung der Privatsph\u00e4re oder Pr\u00e4ferenzen der Nutzer. Beachten Sie jedoch, dass wir uns im Falle betr\u00fcgerischer Aktivit\u00e4ten das Recht vorbehalten, Ihre Einzahlungen und Boni zu konfiszieren.<\/p>\n<h3>Was sind meine Kontoeinstellungen?<\/h3>\n<p>In den Einstellungen k\u00f6nnen Sie Ihre pers\u00f6nlichen Daten sowie Ein und Auszahlungslimits aktualisieren. Sie k\u00f6nnen den Gangstasino Transaktionsverlauf in Ihrem Konto-Dashboard sowie aktuelle Werbeaktionen einsehen. Wenn Ihre Einstellungen nach dem Klicken nicht aktualisiert werden oder wenn etwas anderes nicht stimmt, schreiben Sie uns bitte im Live Chat.<\/p>\n<\/div><\/div><\/p>\n","protected":false},"excerpt":{"rendered":"<p>Gangstasino Anmeldung und Registrierung Das Gangstasino login garantiert einen schnellen Zugriff auf Ihr Konto, und das Registrierungssystem sorgt daf\u00fcr, dass unsere Neukunden alle einfachen Mittel zur Verf\u00fcgung haben, um ein faires Mitglied unserer Cyber-Community zu werden und sofort mit dem Spielen zu beginnen. Bei Gangstasino Casino organisieren wir ein sicheres und reibungsloses System, damit unsere [&hellip;]<\/p>\n","protected":false},"author":1,"featured_media":0,"parent":0,"menu_order":0,"comment_status":"closed","ping_status":"closed","template":"template-builder.php","meta":{"_acf_changed":false,"inline_featured_image":false,"footnotes":""},"class_list":["post-1492","page","type-page","status-publish","hentry"],"acf":[],"yoast_head":"<!-- This site is optimized with the Yoast SEO plugin v27.3 - https:\/\/yoast.com\/product\/yoast-seo-wordpress\/ -->\n<title>Gangstasino Login \u2013 Zugriff auf Konto und Registrierung<\/title>\n<meta name=\"description\" content=\"Gangstasino login oder erstelle dein Konto ganz einfach. Verifiziere dein Profil, setze dein Passwort zur\u00fcck und verwalte dein Konto sicher und schnell im Gangstasino Casino.\" \/>\n<meta name=\"robots\" content=\"index, follow, max-snippet:-1, max-image-preview:large, max-video-preview:-1\" \/>\n<link rel=\"canonical\" href=\"https:\/\/gangstasino.net\/de\/anmeldung-und-registrierung\/\" \/>\n<meta property=\"og:locale\" content=\"de_DE\" \/>\n<meta property=\"og:type\" content=\"article\" \/>\n<meta property=\"og:title\" content=\"Gangstasino Login \u2013 Zugriff auf Konto und Registrierung\" \/>\n<meta property=\"og:description\" content=\"Gangstasino login oder erstelle dein Konto ganz einfach. Verifiziere dein Profil, setze dein Passwort zur\u00fcck und verwalte dein Konto sicher und schnell im Gangstasino Casino.\" \/>\n<meta property=\"og:url\" content=\"https:\/\/gangstasino.net\/de\/anmeldung-und-registrierung\/\" \/>\n<meta property=\"og:site_name\" content=\"gangstasino\" \/>\n<meta property=\"article:modified_time\" content=\"2025-10-30T09:58:45+00:00\" \/>\n<meta name=\"twitter:card\" content=\"summary_large_image\" \/>\n<meta name=\"twitter:label1\" content=\"Gesch\u00e4tzte Lesezeit\" \/>\n\t<meta name=\"twitter:data1\" content=\"1\u00a0Minute\" \/>\n<script type=\"application\/ld+json\" class=\"yoast-schema-graph\">{\"@context\":\"https:\\\/\\\/schema.org\",\"@graph\":[{\"@type\":\"WebPage\",\"@id\":\"https:\\\/\\\/gangstasino.net\\\/de\\\/anmeldung-und-registrierung\\\/\",\"url\":\"https:\\\/\\\/gangstasino.net\\\/de\\\/anmeldung-und-registrierung\\\/\",\"name\":\"Gangstasino Login \u2013 Zugriff auf Konto und Registrierung\",\"isPartOf\":{\"@id\":\"https:\\\/\\\/gangstasino.net\\\/de\\\/#website\"},\"datePublished\":\"2025-10-28T09:40:03+00:00\",\"dateModified\":\"2025-10-30T09:58:45+00:00\",\"description\":\"Gangstasino login oder erstelle dein Konto ganz einfach. Verifiziere dein Profil, setze dein Passwort zur\u00fcck und verwalte dein Konto sicher und schnell im Gangstasino Casino.\",\"breadcrumb\":{\"@id\":\"https:\\\/\\\/gangstasino.net\\\/de\\\/anmeldung-und-registrierung\\\/#breadcrumb\"},\"inLanguage\":\"de\",\"potentialAction\":[{\"@type\":\"ReadAction\",\"target\":[\"https:\\\/\\\/gangstasino.net\\\/de\\\/anmeldung-und-registrierung\\\/\"]}]},{\"@type\":\"BreadcrumbList\",\"@id\":\"https:\\\/\\\/gangstasino.net\\\/de\\\/anmeldung-und-registrierung\\\/#breadcrumb\",\"itemListElement\":[{\"@type\":\"ListItem\",\"position\":1,\"name\":\"Gangstasino\",\"item\":\"https:\\\/\\\/gangstasino.net\\\/de\\\/\"},{\"@type\":\"ListItem\",\"position\":2,\"name\":\"Anmeldung und Registrierung\"}]},{\"@type\":\"WebSite\",\"@id\":\"https:\\\/\\\/gangstasino.net\\\/de\\\/#website\",\"url\":\"https:\\\/\\\/gangstasino.net\\\/de\\\/\",\"name\":\"Gangstasino\",\"description\":\"\",\"publisher\":{\"@id\":\"https:\\\/\\\/gangstasino.net\\\/de\\\/#organization\"},\"potentialAction\":[{\"@type\":\"SearchAction\",\"target\":{\"@type\":\"EntryPoint\",\"urlTemplate\":\"https:\\\/\\\/gangstasino.net\\\/de\\\/?s={search_term_string}\"},\"query-input\":{\"@type\":\"PropertyValueSpecification\",\"valueRequired\":true,\"valueName\":\"search_term_string\"}}],\"inLanguage\":\"de\"},{\"@type\":\"Organization\",\"@id\":\"https:\\\/\\\/gangstasino.net\\\/de\\\/#organization\",\"name\":\"Gangstasino\",\"url\":\"https:\\\/\\\/gangstasino.net\\\/de\\\/\",\"logo\":{\"@type\":\"ImageObject\",\"inLanguage\":\"de\",\"@id\":\"https:\\\/\\\/gangstasino.net\\\/de\\\/#\\\/schema\\\/logo\\\/image\\\/\",\"url\":\"https:\\\/\\\/gangstasino.net\\\/wp-content\\\/uploads\\\/2025\\\/08\\\/80u1FaquEZeR6OUTeJCc.png\",\"contentUrl\":\"https:\\\/\\\/gangstasino.net\\\/wp-content\\\/uploads\\\/2025\\\/08\\\/80u1FaquEZeR6OUTeJCc.png\",\"width\":152,\"height\":35,\"caption\":\"Gangstasino\"},\"image\":{\"@id\":\"https:\\\/\\\/gangstasino.net\\\/de\\\/#\\\/schema\\\/logo\\\/image\\\/\"}}]}<\/script>\n<!-- \/ Yoast SEO plugin. -->","yoast_head_json":{"title":"Gangstasino Login \u2013 Zugriff auf Konto und Registrierung","description":"Gangstasino login oder erstelle dein Konto ganz einfach. Verifiziere dein Profil, setze dein Passwort zur\u00fcck und verwalte dein Konto sicher und schnell im Gangstasino Casino.","robots":{"index":"index","follow":"follow","max-snippet":"max-snippet:-1","max-image-preview":"max-image-preview:large","max-video-preview":"max-video-preview:-1"},"canonical":"https:\/\/gangstasino.net\/de\/anmeldung-und-registrierung\/","og_locale":"de_DE","og_type":"article","og_title":"Gangstasino Login \u2013 Zugriff auf Konto und Registrierung","og_description":"Gangstasino login oder erstelle dein Konto ganz einfach. Verifiziere dein Profil, setze dein Passwort zur\u00fcck und verwalte dein Konto sicher und schnell im Gangstasino Casino.","og_url":"https:\/\/gangstasino.net\/de\/anmeldung-und-registrierung\/","og_site_name":"gangstasino","article_modified_time":"2025-10-30T09:58:45+00:00","twitter_card":"summary_large_image","twitter_misc":{"Gesch\u00e4tzte Lesezeit":"1\u00a0Minute"},"schema":{"@context":"https:\/\/schema.org","@graph":[{"@type":"WebPage","@id":"https:\/\/gangstasino.net\/de\/anmeldung-und-registrierung\/","url":"https:\/\/gangstasino.net\/de\/anmeldung-und-registrierung\/","name":"Gangstasino Login \u2013 Zugriff auf Konto und Registrierung","isPartOf":{"@id":"https:\/\/gangstasino.net\/de\/#website"},"datePublished":"2025-10-28T09:40:03+00:00","dateModified":"2025-10-30T09:58:45+00:00","description":"Gangstasino login oder erstelle dein Konto ganz einfach. Verifiziere dein Profil, setze dein Passwort zur\u00fcck und verwalte dein Konto sicher und schnell im Gangstasino Casino.","breadcrumb":{"@id":"https:\/\/gangstasino.net\/de\/anmeldung-und-registrierung\/#breadcrumb"},"inLanguage":"de","potentialAction":[{"@type":"ReadAction","target":["https:\/\/gangstasino.net\/de\/anmeldung-und-registrierung\/"]}]},{"@type":"BreadcrumbList","@id":"https:\/\/gangstasino.net\/de\/anmeldung-und-registrierung\/#breadcrumb","itemListElement":[{"@type":"ListItem","position":1,"name":"Gangstasino","item":"https:\/\/gangstasino.net\/de\/"},{"@type":"ListItem","position":2,"name":"Anmeldung und Registrierung"}]},{"@type":"WebSite","@id":"https:\/\/gangstasino.net\/de\/#website","url":"https:\/\/gangstasino.net\/de\/","name":"Gangstasino","description":"","publisher":{"@id":"https:\/\/gangstasino.net\/de\/#organization"},"potentialAction":[{"@type":"SearchAction","target":{"@type":"EntryPoint","urlTemplate":"https:\/\/gangstasino.net\/de\/?s={search_term_string}"},"query-input":{"@type":"PropertyValueSpecification","valueRequired":true,"valueName":"search_term_string"}}],"inLanguage":"de"},{"@type":"Organization","@id":"https:\/\/gangstasino.net\/de\/#organization","name":"Gangstasino","url":"https:\/\/gangstasino.net\/de\/","logo":{"@type":"ImageObject","inLanguage":"de","@id":"https:\/\/gangstasino.net\/de\/#\/schema\/logo\/image\/","url":"https:\/\/gangstasino.net\/wp-content\/uploads\/2025\/08\/80u1FaquEZeR6OUTeJCc.png","contentUrl":"https:\/\/gangstasino.net\/wp-content\/uploads\/2025\/08\/80u1FaquEZeR6OUTeJCc.png","width":152,"height":35,"caption":"Gangstasino"},"image":{"@id":"https:\/\/gangstasino.net\/de\/#\/schema\/logo\/image\/"}}]}},"_links":{"self":[{"href":"https:\/\/gangstasino.net\/de\/wp-json\/wp\/v2\/pages\/1492","targetHints":{"allow":["GET"]}}],"collection":[{"href":"https:\/\/gangstasino.net\/de\/wp-json\/wp\/v2\/pages"}],"about":[{"href":"https:\/\/gangstasino.net\/de\/wp-json\/wp\/v2\/types\/page"}],"author":[{"embeddable":true,"href":"https:\/\/gangstasino.net\/de\/wp-json\/wp\/v2\/users\/1"}],"replies":[{"embeddable":true,"href":"https:\/\/gangstasino.net\/de\/wp-json\/wp\/v2\/comments?post=1492"}],"version-history":[{"count":2,"href":"https:\/\/gangstasino.net\/de\/wp-json\/wp\/v2\/pages\/1492\/revisions"}],"predecessor-version":[{"id":1677,"href":"https:\/\/gangstasino.net\/de\/wp-json\/wp\/v2\/pages\/1492\/revisions\/1677"}],"wp:attachment":[{"href":"https:\/\/gangstasino.net\/de\/wp-json\/wp\/v2\/media?parent=1492"}],"curies":[{"name":"wp","href":"https:\/\/api.w.org\/{rel}","templated":true}]}}