{"id":1434,"date":"2025-10-28T09:25:24","date_gmt":"2025-10-28T09:25:24","guid":{"rendered":"https:\/\/gangstasino.net\/app\/"},"modified":"2025-10-28T13:47:26","modified_gmt":"2025-10-28T13:47:26","slug":"app","status":"publish","type":"page","link":"https:\/\/gangstasino.net\/de\/app\/","title":{"rendered":"App"},"content":{"rendered":"<h1>Gangstasino App<\/h1>\n<p>Die Gangstasino App bietet allen unseren Spielern ein reibungsloses, verz\u00f6gerungsfreies mobiles Spielerlebnis, sodass sie ihre Lieblings-Online-Casino Spiele jederzeit und \u00fcberall spielen k\u00f6nnen, ohne einen PC mitnehmen zu m\u00fcssen \u2013 einfach und mobil. Unsere App ist mit Android- und iOS-Plattformen kompatibel und bietet schnellen und bequemen Zugriff, sichere Zahlungen und eine benutzerfreundliche Oberfl\u00e4che. Seien Sie versichert, dass wir die perfekte L\u00f6sung f\u00fcr alle geschaffen haben, die auf bequeme und vielf\u00e4ltige Weise spielen m\u00f6chten.<\/p>\n<div class=\"banner-wrap\" aria-label=\"Banner\"><img src=\"https:\/\/gangstasino.net\/wp-content\/uploads\/2025\/08\/bAKGkEHsly0esFrKSJw.png\" class=\"w-100 d-none d-lg-block img-pc main-banner-img\" alt=\"gangstasino bonus desktop\" fetchpriority=\"high\" decoding=\"async\"><img src=\"https:\/\/gangstasino.net\/wp-content\/uploads\/2025\/10\/Gangstasino-bonus-mobile.webp\" class=\"w-100 d-none d-md-block d-lg-none main-banner-img\" alt=\"gangstasino bonus mobile\" fetchpriority=\"high\" decoding=\"async\"><img src=\"https:\/\/gangstasino.net\/wp-content\/uploads\/2025\/10\/Gangstasino-bonus-mobile.webp\" class=\"w-100 d-md-none\" alt=\"gangstasino bonus mobile\" fetchpriority=\"high\" decoding=\"async\"><div class=\"banner-description\">\n<div class=\"banner-title\">Willkommensboni<\/div>\n<p class=\"banner-header-title\">1500 \u20ac<\/p>\n<div class=\"banner-header-AdditionalText\">+ 250 Freispiele<\/div>\n<button data-item=\"homepage_banner_link\" class=\"goto m-button m-gradient-border m-button--primary m-button--large banner-button btn-orange\">\n            <div class=\"m-button-content\">\n                <span>Jetzt anmelden<\/span>\n                <span><\/span>\n            <\/div>\n        <\/button>\n<\/div>\n<div class=\"WelcomePack\">\n<p><img loading=\"lazy\" decoding=\"async\" class=\"alignnone size-full wp-image-1379\" src=\"https:\/\/gangstasino.net\/wp-content\/uploads\/2025\/10\/welcome-crown.svg\" alt=\"crown\" width=\"25\" height=\"26\" \/><\/p>\n<div class=\"WelcomePack-Info\">W\u00f6chentliches Cashback bis zu 25 %<\/div>\n<p><img loading=\"lazy\" decoding=\"async\" class=\"alignnone size-full wp-image-1379\" src=\"https:\/\/gangstasino.net\/wp-content\/uploads\/2025\/10\/welcome-crown.svg\" alt=\"crown\" width=\"25\" height=\"26\" \/><\/p>\n<\/div>\n<\/div>\n<h2>Gangstasino App mobile Funktionen<\/h2>\n<p>Die Gangstasino App wurde von unserem Team professioneller Entwickler so konzipiert, dass sie eine hervorragende Spielanzeige bietet, die auf mobile Ger\u00e4te ausgerichtet ist. Sie ist neu, nicht langweilig, schnell, sicher und bequem. Ihr au\u00dfergew\u00f6hnlicher Hintergrund besteht aus gut durchdachten Schaltfl\u00e4chen und Registerkarten, die sich an jede Bildschirmgr\u00f6\u00dfe anpassen. Unsere gro\u00dfe Auswahl an Online-Slots und Tischspielen sieht mit ihren gut gestalteten Grafiken gro\u00dfartig aus, und unsere Webnavigation entspricht der Desktop-Version. Spieler k\u00f6nnen ganz einfach Ein und Auszahlungen vornehmen. Es werden verschiedene Zahlungsmethoden akzeptiert. Au\u00dferdem gibt es einen Verifizierungsprozess f\u00fcr erstmalige Auszahlungen in der Anwendung, der Transaktionen sicher macht und den gesetzlichen Anforderungen entspricht.<\/p>\n<p>Das Gangsta Sino Support Team arbeitet ununterbrochen und ist rund um die Uhr per Live-Chat erreichbar, um zeitnah auf Fragen oder technische Probleme zu reagieren. Unser mobiles Casino ist leistungsorientiert, das Gameplay ist fl\u00fcssig und f\u00fcr alle Smartphones und Tablets einfach zu bedienen \u2013 es ist technologisch getestet und hat sich bew\u00e4hrt. Wir bieten Sonderangebote und alle Arten von Boni, um Ihr Spielerlebnis noch spannender zu gestalten.<\/p>\n<p><div style=\"clear: both\"><\/div><div class=\"d-flex justify-content-center\"><button data-item=\"decouvrez_link\" data-group=\"website_links\" class=\"goto fw-bold rounded-pill btn btn-orange\" aria-label=\"Gangstasino-App herunterladen\" >Gangstasino-App herunterladen<\/button><\/div><div class=\"scrollable-content-wrap my-5\"><div class=\"scrollable-content-inner\"><h2>Gangstasino App f\u00fcr Android OS<\/h2>\n<p>Die Android-Version von Gangsta Sino ist eine Progressive Web App (kurz \u201ePWA\u201c genannt), mit der Nutzer im Casino spielen k\u00f6nnen, ohne gro\u00dfe APK-Dateien herunterladen zu m\u00fcssen. Wir sind \u00fcberzeugt, dass dies viel sicherer ist als das Suchen und Laden herk\u00f6mmlicher \u201c.exe\u201d Dateien. Unser Ansatz bietet eine schnellere Installation, eine geringere Belastung des Akkus und h\u00f6chste Sicherheit. Um die Gangstasino App auf dem Android-System zu installieren, m\u00fcssen unsere Nutzer lediglich die Schaltfl\u00e4che \u201eCasino-App\u201c unten auf der Hauptseite finden und die Installation ausw\u00e4hlen \u2013 einfach nach unten scrollen, dann wird sie angezeigt. Nach der Installation erscheint ein Symbol auf dem Startbildschirm, \u00fcber das man sofort auf die Plattform zugreifen kann.<\/p>\n<p>Die Android-Version verf\u00fcgt \u00fcber alle grundlegenden Funktionen: Echtgeldtransfers, Zugriff auf unsere Spiele sowie Benachrichtigungen zu neuen Aktionen oder Updates. Das Design der App \u00e4hnelt dem der Desktop-Version, sodass Sie das gleiche vertraute Spielerlebnis genie\u00dfen k\u00f6nnen.<\/p>\n<table>\n<tbody>\n<tr>\n<td>Funktion<\/td>\n<td>Beschreibung<\/td>\n<\/tr>\n<tr>\n<td>Kompatibilit\u00e4t<\/td>\n<td>Android, iOS, Desktop<\/td>\n<\/tr>\n<tr>\n<td>Art der Anwendung<\/td>\n<td>Progressive Web Apps (PWA), mobile und Desktop-Versionen<\/td>\n<\/tr>\n<tr>\n<td>Installation<\/td>\n<td>\u00dcber den Browser zum Startbildschirm hinzuf\u00fcgen, keine APK- oder Store-Downloads erforderlich<\/td>\n<\/tr>\n<tr>\n<td>Sicherheit<\/td>\n<td>Moderne Protokolle, automatische Aktualisierung<\/td>\n<\/tr>\n<tr>\n<td>Funktionalit\u00e4t<\/td>\n<td>Alle Spiele des Casinos<\/td>\n<\/tr>\n<tr>\n<td>Unterst\u00fctzung<\/td>\n<td>Live-Chat und technische Unterst\u00fctzung rund um die Uhr<\/td>\n<\/tr>\n<\/tbody>\n<\/table>\n<h3>Gangsta Sino APK und PWA<\/h3>\n<p>Gangstasino Casino verwendet keine herk\u00f6mmlichen APK-Dateien mehr. Wie oben erw\u00e4hnt, bieten wir unseren Spielern eine Progressive Web App an. Diese ist sicher, leichtgewichtig und einfach zu installieren. Sie macht manuelle APK-Downloads \u00fcberfl\u00fcssig, wodurch Sicherheitsrisiken gemindert werden und die Kontrolle \u00fcber alles vereinfacht wird. Sie k\u00f6nnen die PWA direkt im Browser hinzuf\u00fcgen, indem Sie einfach den Anweisungen auf unserer Website folgen, nachdem Sie auf \u201eInstallieren\u201d geklickt haben. So k\u00f6nnen Sie alles einrichten und sofort spielen. Dadurch wird sichergestellt, dass sie automatisch aktualisiert wird, sodass unsere Spieler immer Zugriff auf unsere neuesten Funktionen und Spiele haben, ohne dies manuell tun zu m\u00fcssen. Unsere Gangsta Sino PWA ist intelligent und optimiert und bietet hohe Ladegeschwindigkeiten und reaktionsschnelles Gameplay auf allen Android-Ger\u00e4ten.<\/p>\n<p><img loading=\"lazy\" decoding=\"async\" class=\"alignnone size-full wp-image-1390\" src=\"https:\/\/gangstasino.net\/wp-content\/uploads\/2025\/10\/Ganstasino-App-Android.webp\" alt=\"Ganstasino App Android\" width=\"1248\" height=\"536\" srcset=\"https:\/\/gangstasino.net\/wp-content\/uploads\/2025\/10\/Ganstasino-App-Android.webp 1248w, https:\/\/gangstasino.net\/wp-content\/uploads\/2025\/10\/Ganstasino-App-Android-300x129.webp 300w, https:\/\/gangstasino.net\/wp-content\/uploads\/2025\/10\/Ganstasino-App-Android-1024x440.webp 1024w, https:\/\/gangstasino.net\/wp-content\/uploads\/2025\/10\/Ganstasino-App-Android-768x330.webp 768w\" sizes=\"auto, (max-width: 1248px) 100vw, 1248px\" \/><\/p>\n<\/div><\/div><div style=\"clear: both\"><\/div><div class=\"d-flex justify-content-center\"><button data-item=\"decouvrez_link\" data-group=\"website_links\" class=\"goto fw-bold rounded-pill btn btn-orange\" aria-label=\"Gangstasino herunterladen\" >Gangstasino herunterladen<\/button><\/div><div class=\"scrollable-content-wrap my-5\"><div class=\"scrollable-content-inner\"><h2>Gangstasino App f\u00fcr Apple iOS<\/h2>\n<p>F\u00fcr alle Liebhaber der Marke Apple hat Gangstasino Casino ein individuelles mobiles Casino mit einem Shortcut-Symbol und einem Startbildschirm entwickelt. Um die PWA zu installieren, f\u00fcgen Sie sie einfach \u00fcber das Men\u00fc \u201eTeilen\u201d in Safari zum Startbildschirm hinzu. Dies dauert nur wenige Minuten und hinterl\u00e4sst ein Symbol auf dem Startbildschirm Ihres Ger\u00e4ts, \u00fcber das Sie leicht auf das Casino zugreifen k\u00f6nnen.<\/p>\n<p>Die wichtigsten Schritte der Installation sind wie folgt:<\/p>\n<ol>\n<li>Klicken Sie unten auf der Hauptseite auf die Schaltfl\u00e4che \u201eCasino-App\u201c.<\/li>\n<li>F\u00fcgen Sie die PWA zu Ihrem Safari-Browser hinzu.<\/li>\n<li>Starten Sie es und schon k\u00f6nnen Sie loslegen.<\/li>\n<\/ol>\n<p>Die APK-Datei ist f\u00fcr diesen Vorgang nicht erforderlich. Updates erfolgen automatisch, ohne dass Sie etwas tun m\u00fcssen. Die iOS-Plattform verliert nicht an Funktionalit\u00e4t und bietet alle unsere Online-Slots, Tischspiele, Live-Casinos und sicheren Zahlungsoptionen \u2013 alles sehr gut dargestellt. Das Spieldesign ist vollst\u00e4ndig f\u00fcr iPhones und iPads optimiert, sodass es zu keinen Verz\u00f6gerungen beim Spielen kommt, und auch bei der Verarbeitung mobiler Transaktionen sind wir schnell. Alles wird durch die verschl\u00fcsselte Version des Secure Sockets Layer gesichert, der f\u00fcr die Sicherheit von \u00a0Gangsta Sino sorgt.<\/p>\n<p><img loading=\"lazy\" decoding=\"async\" class=\"alignnone size-full wp-image-1391\" src=\"https:\/\/gangstasino.net\/wp-content\/uploads\/2025\/10\/Ganstasino-App-iOS.webp\" alt=\"Ganstasino App iOS\" width=\"1248\" height=\"536\" srcset=\"https:\/\/gangstasino.net\/wp-content\/uploads\/2025\/10\/Ganstasino-App-iOS.webp 1248w, https:\/\/gangstasino.net\/wp-content\/uploads\/2025\/10\/Ganstasino-App-iOS-300x129.webp 300w, https:\/\/gangstasino.net\/wp-content\/uploads\/2025\/10\/Ganstasino-App-iOS-1024x440.webp 1024w, https:\/\/gangstasino.net\/wp-content\/uploads\/2025\/10\/Ganstasino-App-iOS-768x330.webp 768w\" sizes=\"auto, (max-width: 1248px) 100vw, 1248px\" \/><\/p>\n<\/div><\/div><div style=\"clear: both\"><\/div><div class=\"d-flex justify-content-center\"><button data-item=\"decouvrez_link\" data-group=\"website_links\" class=\"goto fw-bold rounded-pill btn btn-orange\" aria-label=\"Gangstasino-App herunterladen\" >Gangstasino-App herunterladen<\/button><\/div><div class=\"scrollable-content-wrap my-5\"><div class=\"scrollable-content-inner\"><h2>Gangstasino Casino Desktop Anwendung<\/h2>\n<p>Neben mobilen L\u00f6sungen bietet Gangstasino Casino auch eine Desktop-Anwendung. Diese \u00e4hnelt der mobilen Version. Unsere Desktop-Version ist in jedem modernen Browser verf\u00fcgbar. Sie erm\u00f6glicht den Zugriff auf das gesamte Spiel, die Verwaltung Ihres Kontos und sichere Zahlungen. F\u00fcr noch mehr Komfort k\u00f6nnen unsere Nutzer eine Verkn\u00fcpfung zu Gangstasino Casino auf ihrem Desktop hinzuf\u00fcgen, \u00fcber die sie einfach auf die Plattform zugreifen k\u00f6nnen, ohne mit dem Browser unz\u00e4hlige Male nach oben und unten scrollen zu m\u00fcssen.<\/p>\n<p>Unsere Desktop-Version von Gangsta Sino bietet dieselbe hochwertige Grafik und Benutzeroberfl\u00e4che wie die mobile Version. Wir sind stolz darauf, ein einheitliches Spielerlebnis auf allen Ger\u00e4ten bieten zu k\u00f6nnen \u2013 w\u00e4hlen Sie einfach das Ger\u00e4t, das Ihnen am besten gef\u00e4llt. Das Support-Team ist wie gewohnt per Live-Chat erreichbar und steht Ihnen bei Bedarf jederzeit mit Rat und Tat zur Seite.<\/p>\n<p><img loading=\"lazy\" decoding=\"async\" class=\"alignnone size-full wp-image-1392\" src=\"https:\/\/gangstasino.net\/wp-content\/uploads\/2025\/10\/Ganstasino-App-Windows.webp\" alt=\"Ganstasino App Windows\" width=\"1248\" height=\"536\" srcset=\"https:\/\/gangstasino.net\/wp-content\/uploads\/2025\/10\/Ganstasino-App-Windows.webp 1248w, https:\/\/gangstasino.net\/wp-content\/uploads\/2025\/10\/Ganstasino-App-Windows-300x129.webp 300w, https:\/\/gangstasino.net\/wp-content\/uploads\/2025\/10\/Ganstasino-App-Windows-1024x440.webp 1024w, https:\/\/gangstasino.net\/wp-content\/uploads\/2025\/10\/Ganstasino-App-Windows-768x330.webp 768w\" sizes=\"auto, (max-width: 1248px) 100vw, 1248px\" \/><\/p>\n<\/div><\/div><div style=\"clear: both\"><\/div><div class=\"d-flex justify-content-center\"><button data-item=\"decouvrez_link\" data-group=\"website_links\" class=\"goto fw-bold rounded-pill btn btn-orange\" aria-label=\"Gangstasino herunterladen\" >Gangstasino herunterladen<\/button><\/div><div class=\"scrollable-content-wrap my-5\"><div class=\"scrollable-content-inner\"><h2>H\u00e4ufig gestellte Fragen<\/h2>\n<h3>Wo finde ich die Kontoeinstellungen in der Gangstasino App?<\/h3>\n<p>Die Gangstasino App verf\u00fcgt \u00fcber Kontoeinstellungen, auf die Sie durch Klicken auf das Hauptmen\u00fc zugreifen k\u00f6nnen. Diese befinden sich in der Regel in der oberen Ecke der Anwendung. Dort k\u00f6nnen alle Spieler ihre pers\u00f6nlichen Daten, Zahlungspl\u00e4ne, Authentifizierungen und Auswahlm\u00f6glichkeiten aktualisieren.<\/p>\n<h3>Sind alle Spiele in den Mobil- und Desktop-Apps verf\u00fcgbar?<\/h3>\n<p>Genau wie die Standardversion garantiert die Gangstasino Casino App, dass alle auf unserer Desktop-Plattform verf\u00fcgbaren Spiele \u00fcber unsere mobile Anwendung gespielt werden k\u00f6nnen \u2013 alle Online Slots, Live Casino, Tischspiele und Crash Spiele. Sie k\u00f6nnen wie gewohnt an Turnieren teilnehmen. Die Plattform ist f\u00fcr ein reibungsloses Spielvergn\u00fcgen auf allen Ger\u00e4ten optimiert.<\/p>\n<h3>Wie behebt man das Problem mit der Gangstasino Casino App?<\/h3>\n<p>Bei Problemen wenden Sie sich bitte an unser Support Team \u00fcber den Live Chat, der rund um die Uhr verf\u00fcgbar ist. Unser Kundendienstteam ist darauf geschult, technische Probleme wie beispielsweise beim Zugriff auf ein Spiel, bei Transaktionen oder bei App-Fehlfunktionen so schnell wie m\u00f6glich zu beheben.<\/p>\n<h3>Wie kann man die Gangstasino Casino App herunterladen?<\/h3>\n<p>Unser mobiles Casino ist \u00fcber eine PWA f\u00fcr Android und iOS verf\u00fcgbar. Bei Android w\u00e4hlen Sie einfach die Option zur Installation in der Fu\u00dfzeile. Bei iOS f\u00fcgen Sie unsere PWA \u00fcber die Funktion \u201eZum Home-Bildschirm hinzuf\u00fcgen\u201d von Safari zum Home-Bildschirm hinzu. Sie m\u00fcssen keine manuelle APK-Datei importieren oder herunterladen und auch keinen App Store verwenden, wenn Sie dies nicht m\u00f6chten.<\/p>\n<\/div><\/div><\/p>\n","protected":false},"excerpt":{"rendered":"<p>Gangstasino App Die Gangstasino App bietet allen unseren Spielern ein reibungsloses, verz\u00f6gerungsfreies mobiles Spielerlebnis, sodass sie ihre Lieblings-Online-Casino Spiele jederzeit und \u00fcberall spielen k\u00f6nnen, ohne einen PC mitnehmen zu m\u00fcssen \u2013 einfach und mobil. Unsere App ist mit Android- und iOS-Plattformen kompatibel und bietet schnellen und bequemen Zugriff, sichere Zahlungen und eine benutzerfreundliche Oberfl\u00e4che. Seien [&hellip;]<\/p>\n","protected":false},"author":1,"featured_media":0,"parent":0,"menu_order":0,"comment_status":"closed","ping_status":"closed","template":"template-builder.php","meta":{"_acf_changed":false,"inline_featured_image":false,"footnotes":""},"class_list":["post-1434","page","type-page","status-publish","hentry"],"acf":[],"yoast_head":"<!-- This site is optimized with the Yoast SEO plugin v27.3 - https:\/\/yoast.com\/product\/yoast-seo-wordpress\/ -->\n<title>Gangstasino App f\u00fcr Mobile \u2013 iOS, Android | Download<\/title>\n<meta name=\"description\" content=\"Installiere Gangstasino App auf iOS und Android, um jederzeit auf \u00fcber 6000 Casinospiele zuzugreifen. Schnelle Leistung, Kontosynchronisierung und 24\/7-Support \u2013 alles in Gangstasino App.\" \/>\n<meta name=\"robots\" content=\"index, follow, max-snippet:-1, max-image-preview:large, max-video-preview:-1\" \/>\n<link rel=\"canonical\" href=\"https:\/\/gangstasino.net\/de\/app\/\" \/>\n<meta property=\"og:locale\" content=\"de_DE\" \/>\n<meta property=\"og:type\" content=\"article\" \/>\n<meta property=\"og:title\" content=\"Gangstasino App f\u00fcr Mobile \u2013 iOS, Android | Download\" \/>\n<meta property=\"og:description\" content=\"Installiere Gangstasino App auf iOS und Android, um jederzeit auf \u00fcber 6000 Casinospiele zuzugreifen. Schnelle Leistung, Kontosynchronisierung und 24\/7-Support \u2013 alles in Gangstasino App.\" \/>\n<meta property=\"og:url\" content=\"https:\/\/gangstasino.net\/de\/app\/\" \/>\n<meta property=\"og:site_name\" content=\"gangstasino\" \/>\n<meta property=\"article:modified_time\" content=\"2025-10-28T13:47:26+00:00\" \/>\n<meta name=\"twitter:card\" content=\"summary_large_image\" \/>\n<meta name=\"twitter:label1\" content=\"Gesch\u00e4tzte Lesezeit\" \/>\n\t<meta name=\"twitter:data1\" content=\"2\u00a0Minuten\" \/>\n<script type=\"application\/ld+json\" class=\"yoast-schema-graph\">{\"@context\":\"https:\\\/\\\/schema.org\",\"@graph\":[{\"@type\":\"WebPage\",\"@id\":\"https:\\\/\\\/gangstasino.net\\\/de\\\/app\\\/\",\"url\":\"https:\\\/\\\/gangstasino.net\\\/de\\\/app\\\/\",\"name\":\"Gangstasino App f\u00fcr Mobile \u2013 iOS, Android | Download\",\"isPartOf\":{\"@id\":\"https:\\\/\\\/gangstasino.net\\\/de\\\/#website\"},\"datePublished\":\"2025-10-28T09:25:24+00:00\",\"dateModified\":\"2025-10-28T13:47:26+00:00\",\"description\":\"Installiere Gangstasino App auf iOS und Android, um jederzeit auf \u00fcber 6000 Casinospiele zuzugreifen. Schnelle Leistung, Kontosynchronisierung und 24\\\/7-Support \u2013 alles in Gangstasino App.\",\"breadcrumb\":{\"@id\":\"https:\\\/\\\/gangstasino.net\\\/de\\\/app\\\/#breadcrumb\"},\"inLanguage\":\"de\",\"potentialAction\":[{\"@type\":\"ReadAction\",\"target\":[\"https:\\\/\\\/gangstasino.net\\\/de\\\/app\\\/\"]}]},{\"@type\":\"BreadcrumbList\",\"@id\":\"https:\\\/\\\/gangstasino.net\\\/de\\\/app\\\/#breadcrumb\",\"itemListElement\":[{\"@type\":\"ListItem\",\"position\":1,\"name\":\"Gangstasino\",\"item\":\"https:\\\/\\\/gangstasino.net\\\/de\\\/\"},{\"@type\":\"ListItem\",\"position\":2,\"name\":\"App\"}]},{\"@type\":\"WebSite\",\"@id\":\"https:\\\/\\\/gangstasino.net\\\/de\\\/#website\",\"url\":\"https:\\\/\\\/gangstasino.net\\\/de\\\/\",\"name\":\"Gangstasino\",\"description\":\"\",\"publisher\":{\"@id\":\"https:\\\/\\\/gangstasino.net\\\/de\\\/#organization\"},\"potentialAction\":[{\"@type\":\"SearchAction\",\"target\":{\"@type\":\"EntryPoint\",\"urlTemplate\":\"https:\\\/\\\/gangstasino.net\\\/de\\\/?s={search_term_string}\"},\"query-input\":{\"@type\":\"PropertyValueSpecification\",\"valueRequired\":true,\"valueName\":\"search_term_string\"}}],\"inLanguage\":\"de\"},{\"@type\":\"Organization\",\"@id\":\"https:\\\/\\\/gangstasino.net\\\/de\\\/#organization\",\"name\":\"Gangstasino\",\"url\":\"https:\\\/\\\/gangstasino.net\\\/de\\\/\",\"logo\":{\"@type\":\"ImageObject\",\"inLanguage\":\"de\",\"@id\":\"https:\\\/\\\/gangstasino.net\\\/de\\\/#\\\/schema\\\/logo\\\/image\\\/\",\"url\":\"https:\\\/\\\/gangstasino.net\\\/wp-content\\\/uploads\\\/2025\\\/08\\\/80u1FaquEZeR6OUTeJCc.png\",\"contentUrl\":\"https:\\\/\\\/gangstasino.net\\\/wp-content\\\/uploads\\\/2025\\\/08\\\/80u1FaquEZeR6OUTeJCc.png\",\"width\":152,\"height\":35,\"caption\":\"Gangstasino\"},\"image\":{\"@id\":\"https:\\\/\\\/gangstasino.net\\\/de\\\/#\\\/schema\\\/logo\\\/image\\\/\"}}]}<\/script>\n<!-- \/ Yoast SEO plugin. -->","yoast_head_json":{"title":"Gangstasino App f\u00fcr Mobile \u2013 iOS, Android | Download","description":"Installiere Gangstasino App auf iOS und Android, um jederzeit auf \u00fcber 6000 Casinospiele zuzugreifen. Schnelle Leistung, Kontosynchronisierung und 24\/7-Support \u2013 alles in Gangstasino App.","robots":{"index":"index","follow":"follow","max-snippet":"max-snippet:-1","max-image-preview":"max-image-preview:large","max-video-preview":"max-video-preview:-1"},"canonical":"https:\/\/gangstasino.net\/de\/app\/","og_locale":"de_DE","og_type":"article","og_title":"Gangstasino App f\u00fcr Mobile \u2013 iOS, Android | Download","og_description":"Installiere Gangstasino App auf iOS und Android, um jederzeit auf \u00fcber 6000 Casinospiele zuzugreifen. Schnelle Leistung, Kontosynchronisierung und 24\/7-Support \u2013 alles in Gangstasino App.","og_url":"https:\/\/gangstasino.net\/de\/app\/","og_site_name":"gangstasino","article_modified_time":"2025-10-28T13:47:26+00:00","twitter_card":"summary_large_image","twitter_misc":{"Gesch\u00e4tzte Lesezeit":"2\u00a0Minuten"},"schema":{"@context":"https:\/\/schema.org","@graph":[{"@type":"WebPage","@id":"https:\/\/gangstasino.net\/de\/app\/","url":"https:\/\/gangstasino.net\/de\/app\/","name":"Gangstasino App f\u00fcr Mobile \u2013 iOS, Android | Download","isPartOf":{"@id":"https:\/\/gangstasino.net\/de\/#website"},"datePublished":"2025-10-28T09:25:24+00:00","dateModified":"2025-10-28T13:47:26+00:00","description":"Installiere Gangstasino App auf iOS und Android, um jederzeit auf \u00fcber 6000 Casinospiele zuzugreifen. Schnelle Leistung, Kontosynchronisierung und 24\/7-Support \u2013 alles in Gangstasino App.","breadcrumb":{"@id":"https:\/\/gangstasino.net\/de\/app\/#breadcrumb"},"inLanguage":"de","potentialAction":[{"@type":"ReadAction","target":["https:\/\/gangstasino.net\/de\/app\/"]}]},{"@type":"BreadcrumbList","@id":"https:\/\/gangstasino.net\/de\/app\/#breadcrumb","itemListElement":[{"@type":"ListItem","position":1,"name":"Gangstasino","item":"https:\/\/gangstasino.net\/de\/"},{"@type":"ListItem","position":2,"name":"App"}]},{"@type":"WebSite","@id":"https:\/\/gangstasino.net\/de\/#website","url":"https:\/\/gangstasino.net\/de\/","name":"Gangstasino","description":"","publisher":{"@id":"https:\/\/gangstasino.net\/de\/#organization"},"potentialAction":[{"@type":"SearchAction","target":{"@type":"EntryPoint","urlTemplate":"https:\/\/gangstasino.net\/de\/?s={search_term_string}"},"query-input":{"@type":"PropertyValueSpecification","valueRequired":true,"valueName":"search_term_string"}}],"inLanguage":"de"},{"@type":"Organization","@id":"https:\/\/gangstasino.net\/de\/#organization","name":"Gangstasino","url":"https:\/\/gangstasino.net\/de\/","logo":{"@type":"ImageObject","inLanguage":"de","@id":"https:\/\/gangstasino.net\/de\/#\/schema\/logo\/image\/","url":"https:\/\/gangstasino.net\/wp-content\/uploads\/2025\/08\/80u1FaquEZeR6OUTeJCc.png","contentUrl":"https:\/\/gangstasino.net\/wp-content\/uploads\/2025\/08\/80u1FaquEZeR6OUTeJCc.png","width":152,"height":35,"caption":"Gangstasino"},"image":{"@id":"https:\/\/gangstasino.net\/de\/#\/schema\/logo\/image\/"}}]}},"_links":{"self":[{"href":"https:\/\/gangstasino.net\/de\/wp-json\/wp\/v2\/pages\/1434","targetHints":{"allow":["GET"]}}],"collection":[{"href":"https:\/\/gangstasino.net\/de\/wp-json\/wp\/v2\/pages"}],"about":[{"href":"https:\/\/gangstasino.net\/de\/wp-json\/wp\/v2\/types\/page"}],"author":[{"embeddable":true,"href":"https:\/\/gangstasino.net\/de\/wp-json\/wp\/v2\/users\/1"}],"replies":[{"embeddable":true,"href":"https:\/\/gangstasino.net\/de\/wp-json\/wp\/v2\/comments?post=1434"}],"version-history":[{"count":3,"href":"https:\/\/gangstasino.net\/de\/wp-json\/wp\/v2\/pages\/1434\/revisions"}],"predecessor-version":[{"id":1675,"href":"https:\/\/gangstasino.net\/de\/wp-json\/wp\/v2\/pages\/1434\/revisions\/1675"}],"wp:attachment":[{"href":"https:\/\/gangstasino.net\/de\/wp-json\/wp\/v2\/media?parent=1434"}],"curies":[{"name":"wp","href":"https:\/\/api.w.org\/{rel}","templated":true}]}}